{"id":2378,"date":"2019-08-19T13:37:37","date_gmt":"2019-08-19T13:37:37","guid":{"rendered":"https:\/\/astrologie-fuer-dich.de\/%d0%be%d1%82%d0%bf%d0%b5%d1%87%d0%b0%d1%82%d0%be%d0%ba"},"modified":"2023-04-30T10:19:24","modified_gmt":"2023-04-30T08:19:24","slug":"%d0%be%d1%82%d0%bf%d0%b5%d1%87%d0%b0%d1%82%d0%be%d0%ba","status":"publish","type":"page","link":"https:\/\/astrologie-fuer-dich.de\/ru\/%d0%be%d1%82%d0%bf%d0%b5%d1%87%d0%b0%d1%82%d0%be%d0%ba\/","title":{"rendered":"\u041f\u0435\u0447\u0430\u0442\u044c"},"content":{"rendered":"<p>[et_pb_section fb_built=&#187;1&#8243; theme_builder_area=&#187;post_content&#187; _builder_version=&#187;4.20.2&#8243; _module_preset=&#187;default&#187;][et_pb_row _builder_version=&#187;4.20.2&#8243; _module_preset=&#187;default&#187; custom_padding=&#187;||20px||false|false&#187; global_colors_info=&#187;{}&#187; theme_builder_area=&#187;post_content&#187;][et_pb_column type=&#187;4_4&#8243; _builder_version=&#187;4.20.2&#8243; _module_preset=&#187;default&#187; global_colors_info=&#187;{}&#187; theme_builder_area=&#187;post_content&#187;][et_pb_text _builder_version=&#187;4.20.2&#8243; text_font=&#187;Cairo||||||||&#187; text_text_color=&#187;#000000&#8243; text_line_height=&#187;1.5em&#187; header_font=&#187;||||||||&#187; header_text_color=&#187;#0C71C3&#8243; header_font_size=&#187;40px&#187; header_2_font=&#187;||||||||&#187; header_2_text_color=&#187;#0C71C3&#8243; header_2_font_size=&#187;20px&#187; header_3_font=&#187;||||||||&#187; text_orientation=&#187;justify&#187; text_text_align=&#187;justify&#187; global_colors_info=&#187;{}&#187; theme_builder_area=&#187;post_content&#187;]<\/p>\n<p><span><div style=\"word-wrap: break-word;\"><h1>Impressum<\/h1>\n\n<h2>Angaben gem&auml;&szlig; &sect; 5 TMG<\/h2>\n<p>Mykhaylo Melnyk<br \/>\nBeratung f&uuml;r psychologische Astrologie<br \/>\nKlemensborn 68<br \/>\n45239 Essen<\/p>\n\n<h2>Kontakt<\/h2>\n<p>Telefon: +49 (0) 176 60821520<br \/>\nE-Mail: &#x6f;&#x73;&#x6f;&#x6c;&#x75;&#x6e;&#x65;&#x72;&#x6f;&#x40;&#x67;&#x6d;&#x61;&#x69;&#x6c;&#x2e;&#x63;&#x6f;&#x6d;<\/p>\n\n<h2>EU-Streitschlichtung<\/h2>\n<p>Die Europ&auml;ische Kommission stellt eine Plattform zur Online-Streitbeilegung (OS) bereit: <a href=\"https:\/\/ec.europa.eu\/consumers\/odr\/\" target=\"_blank\" rel=\"noopener noreferrer\">https:\/\/ec.europa.eu\/consumers\/odr\/<\/a>.<br \/> Unsere E-Mail-Adresse finden Sie oben im Impressum.<\/p>\n\n<h2>Verbraucher&shy;streit&shy;beilegung\/Universal&shy;schlichtungs&shy;stelle<\/h2>\n<p>Wir sind nicht bereit oder verpflichtet, an Streitbeilegungsverfahren vor einer Verbraucherschlichtungsstelle teilzunehmen.<\/p><\/div><\/span><\/p>\n<p>[\/et_pb_text][\/et_pb_column][\/et_pb_row][et_pb_row column_structure=&#187;1_3,2_3&#8243; _builder_version=&#187;4.20.2&#8243; _module_preset=&#187;default&#187; global_colors_info=&#187;{}&#187; theme_builder_area=&#187;post_content&#187;][et_pb_column type=&#187;1_3&#8243; _builder_version=&#187;4.20.2&#8243; _module_preset=&#187;default&#187; global_colors_info=&#187;{}&#187; theme_builder_area=&#187;post_content&#187;][et_pb_image src=&#187;https:\/\/astrologie-fuer-dich.de\/wp-content\/uploads\/2023\/03\/erecht24-schwarz-impressum-klein.png&#187; title_text=&#187;erecht24-schwarz-impressum-klein&#187; _builder_version=&#187;4.20.2&#8243; _module_preset=&#187;default&#187; global_colors_info=&#187;{}&#187; theme_builder_area=&#187;post_content&#187;][\/et_pb_image][\/et_pb_column][et_pb_column type=&#187;2_3&#8243; _builder_version=&#187;4.20.2&#8243; _module_preset=&#187;default&#187; global_colors_info=&#187;{}&#187; theme_builder_area=&#187;post_content&#187;][\/et_pb_column][\/et_pb_row][\/et_pb_section]<\/p>\n","protected":false},"excerpt":{"rendered":"<div style=\"word-wrap: break-word;\"><h1>Impressum<\/h1>\n\n<h2>Angaben gem&auml;&szlig; &sect; 5 TMG<\/h2>\n<p>Mykhaylo Melnyk<br \/>\nBeratung f&uuml;r psychologische Astrologie<br \/>\nKlemensborn 68<br \/>\n45239 Essen<\/p>\n\n<h2>Kontakt<\/h2>\n<p>Telefon: +49 (0) 176 60821520<br \/>\nE-Mail: o&#115;&#111;&#x6c;&#x75;&#x6e;er&#111;&#64;&#x67;&#x6d;&#x61;i&#108;&#46;&#99;&#x6f;&#x6d;<\/p>\n\n<h2>EU-Streitschlichtung<\/h2>\n<p>Die Europ&auml;ische Kommission stellt eine Plattform zur Online-Streitbeilegung (OS) bereit: <a href=\"https:\/\/ec.europa.eu\/consumers\/odr\/\" target=\"_blank\" rel=\"noopener noreferrer\">https:\/\/ec.europa.eu\/consumers\/odr\/<\/a>.<br \/> Unsere E-Mail-Adresse finden Sie oben im Impressum.<\/p>\n\n<h2>Verbraucher&shy;streit&shy;beilegung\/Universal&shy;schlichtungs&shy;stelle<\/h2>\n<p>Wir sind nicht bereit oder verpflichtet, an Streitbeilegungsverfahren vor einer Verbraucherschlichtungsstelle teilzunehmen.<\/p><\/div>\n","protected":false},"author":3,"featured_media":0,"parent":0,"menu_order":26,"comment_status":"closed","ping_status":"closed","template":"","meta":{"_et_pb_use_builder":"on","_et_pb_old_content":"","_et_gb_content_width":"","footnotes":""},"class_list":["post-2378","page","type-page","status-publish","hentry"],"yoast_head":"<!-- This site is optimized with the Yoast SEO plugin v27.0 - https:\/\/yoast.com\/product\/yoast-seo-wordpress\/ -->\n<title>\u041f\u0435\u0447\u0430\u0442\u044c - Psychologische Astrologie f\u00fcr Dich und Deine Lieben<\/title>\n<meta name=\"robots\" content=\"index, follow, max-snippet:-1, max-image-preview:large, max-video-preview:-1\" \/>\n<link rel=\"canonical\" href=\"https:\/\/astrologie-fuer-dich.de\/ru\/\u043e\u0442\u043f\u0435\u0447\u0430\u0442\u043e\u043a\/\" \/>\n<meta property=\"og:locale\" content=\"ru_RU\" \/>\n<meta property=\"og:type\" content=\"article\" \/>\n<meta property=\"og:title\" content=\"\u041f\u0435\u0447\u0430\u0442\u044c - Psychologische Astrologie f\u00fcr Dich und Deine Lieben\" \/>\n<meta property=\"og:url\" content=\"https:\/\/astrologie-fuer-dich.de\/ru\/\u043e\u0442\u043f\u0435\u0447\u0430\u0442\u043e\u043a\/\" \/>\n<meta property=\"og:site_name\" content=\"Psychologische Astrologie f\u00fcr Dich und Deine Lieben\" \/>\n<meta property=\"article:modified_time\" content=\"2023-04-30T08:19:24+00:00\" \/>\n<meta name=\"twitter:card\" content=\"summary_large_image\" \/>\n<meta name=\"twitter:description\" content=\"[erecht24 type=&quot;imprint&quot; lang=&quot;de&quot; strip_title=&quot;false&quot;]\" \/>\n<meta name=\"twitter:label1\" content=\"\u041f\u0440\u0438\u043c\u0435\u0440\u043d\u043e\u0435 \u0432\u0440\u0435\u043c\u044f \u0434\u043b\u044f \u0447\u0442\u0435\u043d\u0438\u044f\" \/>\n\t<meta name=\"twitter:data1\" content=\"1 \u043c\u0438\u043d\u0443\u0442\u0430\" \/>\n<!-- \/ Yoast SEO plugin. -->","yoast_head_json":{"title":"\u041f\u0435\u0447\u0430\u0442\u044c - Psychologische Astrologie f\u00fcr Dich und Deine Lieben","robots":{"index":"index","follow":"follow","max-snippet":"max-snippet:-1","max-image-preview":"max-image-preview:large","max-video-preview":"max-video-preview:-1"},"canonical":"https:\/\/astrologie-fuer-dich.de\/ru\/\u043e\u0442\u043f\u0435\u0447\u0430\u0442\u043e\u043a\/","og_locale":"ru_RU","og_type":"article","og_title":"\u041f\u0435\u0447\u0430\u0442\u044c - Psychologische Astrologie f\u00fcr Dich und Deine Lieben","og_url":"https:\/\/astrologie-fuer-dich.de\/ru\/\u043e\u0442\u043f\u0435\u0447\u0430\u0442\u043e\u043a\/","og_site_name":"Psychologische Astrologie f\u00fcr Dich und Deine Lieben","article_modified_time":"2023-04-30T08:19:24+00:00","twitter_card":"summary_large_image","twitter_description":"[erecht24 type=\"imprint\" lang=\"de\" strip_title=\"false\"]","twitter_misc":{"\u041f\u0440\u0438\u043c\u0435\u0440\u043d\u043e\u0435 \u0432\u0440\u0435\u043c\u044f \u0434\u043b\u044f \u0447\u0442\u0435\u043d\u0438\u044f":"1 \u043c\u0438\u043d\u0443\u0442\u0430"},"schema":{"@context":"https:\/\/schema.org","@graph":[{"@type":"WebPage","@id":"https:\/\/astrologie-fuer-dich.de\/ru\/%d0%be%d1%82%d0%bf%d0%b5%d1%87%d0%b0%d1%82%d0%be%d0%ba\/","url":"https:\/\/astrologie-fuer-dich.de\/ru\/%d0%be%d1%82%d0%bf%d0%b5%d1%87%d0%b0%d1%82%d0%be%d0%ba\/","name":"\u041f\u0435\u0447\u0430\u0442\u044c - Psychologische Astrologie f\u00fcr Dich und Deine Lieben","isPartOf":{"@id":"https:\/\/astrologie-fuer-dich.de\/#website"},"datePublished":"2019-08-19T13:37:37+00:00","dateModified":"2023-04-30T08:19:24+00:00","breadcrumb":{"@id":"https:\/\/astrologie-fuer-dich.de\/ru\/%d0%be%d1%82%d0%bf%d0%b5%d1%87%d0%b0%d1%82%d0%be%d0%ba\/#breadcrumb"},"inLanguage":"ru-RU","potentialAction":[{"@type":"ReadAction","target":["https:\/\/astrologie-fuer-dich.de\/ru\/%d0%be%d1%82%d0%bf%d0%b5%d1%87%d0%b0%d1%82%d0%be%d0%ba\/"]}]},{"@type":"BreadcrumbList","@id":"https:\/\/astrologie-fuer-dich.de\/ru\/%d0%be%d1%82%d0%bf%d0%b5%d1%87%d0%b0%d1%82%d0%be%d0%ba\/#breadcrumb","itemListElement":[{"@type":"ListItem","position":1,"name":"Startseite","item":"https:\/\/astrologie-fuer-dich.de\/ru\/"},{"@type":"ListItem","position":2,"name":"\u041f\u0435\u0447\u0430\u0442\u044c"}]},{"@type":"WebSite","@id":"https:\/\/astrologie-fuer-dich.de\/#website","url":"https:\/\/astrologie-fuer-dich.de\/","name":"Astrologie pers\u00f6nlich f\u00fcr Dich","description":"Pers\u00f6nlich f\u00fcr Dich und Deine Lieben","publisher":{"@id":"https:\/\/astrologie-fuer-dich.de\/#\/schema\/person\/ee3d285f83f0e1dc9affe7874c3c188a"},"potentialAction":[{"@type":"SearchAction","target":{"@type":"EntryPoint","urlTemplate":"https:\/\/astrologie-fuer-dich.de\/?s={search_term_string}"},"query-input":{"@type":"PropertyValueSpecification","valueRequired":true,"valueName":"search_term_string"}}],"inLanguage":"ru-RU"},{"@type":["Person","Organization"],"@id":"https:\/\/astrologie-fuer-dich.de\/#\/schema\/person\/ee3d285f83f0e1dc9affe7874c3c188a","name":"Misha Melnyk","image":{"@type":"ImageObject","inLanguage":"ru-RU","@id":"https:\/\/astrologie-fuer-dich.de\/#\/schema\/person\/image\/","url":"https:\/\/astrologie-fuer-dich.de\/wp-content\/uploads\/2023\/03\/cropped-Logo.png","contentUrl":"https:\/\/astrologie-fuer-dich.de\/wp-content\/uploads\/2023\/03\/cropped-Logo.png","width":512,"height":512,"caption":"Misha Melnyk"},"logo":{"@id":"https:\/\/astrologie-fuer-dich.de\/#\/schema\/person\/image\/"},"sameAs":["http:\/\/www.astrologie-fuer-dich.de"]}]}},"_links":{"self":[{"href":"https:\/\/astrologie-fuer-dich.de\/ru\/wp-json\/wp\/v2\/pages\/2378","targetHints":{"allow":["GET"]}}],"collection":[{"href":"https:\/\/astrologie-fuer-dich.de\/ru\/wp-json\/wp\/v2\/pages"}],"about":[{"href":"https:\/\/astrologie-fuer-dich.de\/ru\/wp-json\/wp\/v2\/types\/page"}],"author":[{"embeddable":true,"href":"https:\/\/astrologie-fuer-dich.de\/ru\/wp-json\/wp\/v2\/users\/3"}],"replies":[{"embeddable":true,"href":"https:\/\/astrologie-fuer-dich.de\/ru\/wp-json\/wp\/v2\/comments?post=2378"}],"version-history":[{"count":1,"href":"https:\/\/astrologie-fuer-dich.de\/ru\/wp-json\/wp\/v2\/pages\/2378\/revisions"}],"predecessor-version":[{"id":7065,"href":"https:\/\/astrologie-fuer-dich.de\/ru\/wp-json\/wp\/v2\/pages\/2378\/revisions\/7065"}],"wp:attachment":[{"href":"https:\/\/astrologie-fuer-dich.de\/ru\/wp-json\/wp\/v2\/media?parent=2378"}],"curies":[{"name":"wp","href":"https:\/\/api.w.org\/{rel}","templated":true}]}}