{"id":2372,"date":"2019-08-19T13:31:28","date_gmt":"2019-08-19T13:31:28","guid":{"rendered":"https:\/\/astrologie-fuer-dich.de\/%d0%bf%d0%be%d1%87%d0%b5%d0%bc%d1%83"},"modified":"2024-09-06T12:52:59","modified_gmt":"2024-09-06T10:52:59","slug":"%d0%bf%d0%be%d1%87%d0%b5%d0%bc%d1%83","status":"publish","type":"page","link":"https:\/\/astrologie-fuer-dich.de\/ru\/%d0%bf%d0%be%d1%87%d0%b5%d0%bc%d1%83\/","title":{"rendered":"\u041f\u043e\u0447\u0435\u043c\u0443&#8230;"},"content":{"rendered":"<p>[et_pb_section fb_built=&#187;1&#8243; theme_builder_area=&#187;post_content&#187; _builder_version=&#187;4.27.0&#8243; _module_preset=&#187;default&#187; custom_padding=&#187;||0px|||&#187;][et_pb_row _builder_version=&#187;4.27.0&#8243; _module_preset=&#187;default&#187; theme_builder_area=&#187;post_content&#187;][et_pb_column _builder_version=&#187;4.27.0&#8243; _module_preset=&#187;default&#187; type=&#187;4_4&#8243; theme_builder_area=&#187;post_content&#187;][et_pb_text _builder_version=&#187;4.20.2&#8243; text_font=&#187;Cairo|700|||||||&#187; text_text_color=&#187;#ffffff&#187; header_font=&#187;|600|||||||&#187; header_text_color=&#187;#ffffff&#187; header_font_size=&#187;80px&#187; header_line_height=&#187;1.1em&#187; header_3_text_color=&#187;#ffffff&#187; header_3_font_size=&#187;40px&#187; width_tablet=&#187;&#187; width_phone=&#187;&#187; width_last_edited=&#187;on|phone&#187; custom_padding=&#187;100px||71px||false|false&#187; custom_padding_tablet=&#187;0px||||false|false&#187; custom_padding_phone=&#187;19px||11px||false|false&#187; custom_padding_last_edited=&#187;on|phone&#187; text_font_tablet=&#187;Cairo|700|||||||&#187; text_font_phone=&#187;Cairo|700|||||||&#187; text_font_last_edited=&#187;on|phone&#187; header_font_size_tablet=&#187;71px&#187; header_font_size_phone=&#187;49px&#187; header_font_size_last_edited=&#187;on|tablet&#187; header_3_text_color_tablet=&#187;&#187; header_3_text_color_phone=&#187;&#187; header_3_text_color_last_edited=&#187;on|phone&#187; header_3_font_size_tablet=&#187;&#187; header_3_font_size_phone=&#187;16px&#187; header_3_font_size_last_edited=&#187;on|desktop&#187; header_3_letter_spacing_tablet=&#187;&#187; header_3_letter_spacing_phone=&#187;&#187; header_3_letter_spacing_last_edited=&#187;on|desktop&#187; header_text_shadow_style=&#187;preset2&#8243; header_3_text_shadow_style=&#187;preset2&#8243; global_colors_info=&#187;{}&#187; theme_builder_area=&#187;post_content&#187;]<\/p>\n<h1 style=\"text-align: center;\"><span style=\"color: #ffcc00;\">\u041f\u043e\u0447\u0435\u043c\u0443&#8230;<\/span><\/h1>\n<p>[\/et_pb_text][\/et_pb_column][\/et_pb_row][\/et_pb_section][et_pb_section fb_built=&#187;1&#8243; _builder_version=&#187;4.20.2&#8243; background_image=&#187;https:\/\/astrologie-fuer-dich.de\/wp-content\/uploads\/2019\/06\/Astrologie-fuer-dich_Melnyk2.jpg&#187; width_tablet=&#187;&#187; width_phone=&#187;&#187; width_last_edited=&#187;on|desktop&#187; min_height=&#187;800px&#187; min_height_tablet=&#187;&#187; min_height_phone=&#187;500px&#187; min_height_last_edited=&#187;on|phone&#187; height=&#187;500px&#187; max_height=&#187;500px&#187; global_colors_info=&#187;{}&#187;][\/et_pb_section][et_pb_section fb_built=&#187;1&#8243; _builder_version=&#187;4.20.2&#8243; min_height=&#187;1187px&#187; custom_padding=&#187;||||false|false&#187; global_colors_info=&#187;{}&#187;][et_pb_row custom_padding_last_edited=&#187;on|phone&#187; _builder_version=&#187;4.20.2&#8243; min_height=&#187;785px&#187; custom_margin=&#187;0px|auto||auto|false|false&#187; custom_padding=&#187;120px||120px||true|false&#187; custom_padding_tablet=&#187;&#187; custom_padding_phone=&#187;100px||100px||true|false&#187; global_colors_info=&#187;{}&#187;][et_pb_column type=&#187;4_4&#8243; _builder_version=&#187;4.16&#8243; custom_padding=&#187;|||&#187; global_colors_info=&#187;{}&#187; custom_padding__hover=&#187;|||&#187;][et_pb_text _builder_version=&#187;4.20.2&#8243; _module_preset=&#187;dab81bdd-7ede-403b-892b-547a387a3a9a&#187; global_colors_info=&#187;{}&#187;]<\/p>\n<p>&#171;\u041e\u0431\u0449\u0435\u0438\u0437\u0432\u0435\u0441\u0442\u043d\u043e, \u0447\u0442\u043e \u0431\u043e\u043b\u044c\u0448\u0430\u044f \u0447\u0430\u0441\u0442\u044c \u0431\u0435\u0433\u0443\u043d\u043e\u0432 \u043d\u0430 \u0423\u043e\u043b\u043b-\u0441\u0442\u0440\u0438\u0442 \u0438\u0441\u043f\u043e\u043b\u044c\u0437\u0443\u044e\u0442 \u0430\u0441\u0442\u0440\u043e\u043b\u043e\u0433\u0438\u044e.&#187;<\/p>\n<p><span style=\"color: #808080;\"><em>\u0420\u043e\u043d\u0430\u043b\u044c\u0434 \u0420\u0438\u0433\u0430\u043d<\/em><\/span><\/p>\n<p>[\/et_pb_text][et_pb_divider _builder_version=&#187;4.20.2&#8243; _module_preset=&#187;17c42e85-a599-4c1c-87d3-ace84982d7fe&#187; global_colors_info=&#187;{}&#187;][\/et_pb_divider][et_pb_text _builder_version=&#187;4.20.2&#8243; _module_preset=&#187;dab81bdd-7ede-403b-892b-547a387a3a9a&#187; global_colors_info=&#187;{}&#187;]<\/p>\n<p>&#171;\u041c\u044b \u0440\u043e\u0436\u0434\u0430\u0435\u043c\u0441\u044f \u0432 \u043e\u043f\u0440\u0435\u0434\u0435\u043b\u0435\u043d\u043d\u043e\u0435 \u0432\u0440\u0435\u043c\u044f, \u0432 \u043e\u043f\u0440\u0435\u0434\u0435\u043b\u0435\u043d\u043d\u043e\u043c \u043c\u0435\u0441\u0442\u0435 \u0438 \u043a\u0430\u043a \u0432\u0438\u043d\u043e \u0445\u043e\u0440\u043e\u0448\u0435\u0433\u043e \u0433\u043e\u0434\u0430 \u043c\u044b \u043d\u0435\u0441\u0435\u043c \u0432 \u0441\u0435\u0431\u0435 \u043a\u0430\u0447\u0435\u0441\u0442\u0432\u043e \u0442\u043e\u0433\u043e \u0433\u043e\u0434\u0430 \u0438 \u0442\u043e\u0433\u043e \u0441\u0435\u0437\u043e\u043d\u0430. \u0412 \u044d\u0442\u043e\u043c \u0432\u0441\u044f \u0441\u0443\u0442\u044c \u0430\u0441\u0442\u0440\u043e\u043b\u043e\u0433\u0438\u0438, \u043d\u0435 \u0431\u043e\u043b\u0435\u0435 \u0442\u043e\u0433\u043e, \u0438 \u043d\u0435 \u043c\u0435\u043d\u0435\u0435.&#187;<\/p>\n<p><span style=\"color: #808080;\"><em>\u041a\u0430\u0440\u043b \u0413\u0443\u0441\u0442\u0430\u0432 \u042e\u043d\u0433<\/em><\/span><\/p>\n<p>[\/et_pb_text][et_pb_divider _builder_version=&#187;4.20.2&#8243; _module_preset=&#187;17c42e85-a599-4c1c-87d3-ace84982d7fe&#187; global_colors_info=&#187;{}&#187;][\/et_pb_divider][et_pb_text _builder_version=&#187;4.20.2&#8243; _module_preset=&#187;dab81bdd-7ede-403b-892b-547a387a3a9a&#187; global_colors_info=&#187;{}&#187;]<\/p>\n<p>&#171;\u0412\u0441\u0435, \u0447\u0442\u043e \u043f\u0440\u043e\u0438\u0441\u0445\u043e\u0434\u0438\u0442 \u043d\u0430 \u041d\u0435\u0431\u0435\u0441\u0430\u0445, \u043e\u0449\u0443\u0449\u0430\u0435\u0442\u0441\u044f \u0432 \u043f\u0440\u0438\u0440\u043e\u0434\u0435 \u0438 \u043d\u0430 \u0417\u0435\u043c\u043b\u0435.&#187;<\/p>\n<p><span style=\"color: #808080;\"><em>\u041a\u0435\u043f\u043b\u0435\u0440<\/em><\/span><\/p>\n<p>[\/et_pb_text][et_pb_divider _builder_version=&#187;4.20.2&#8243; _module_preset=&#187;17c42e85-a599-4c1c-87d3-ace84982d7fe&#187; global_colors_info=&#187;{}&#187;][\/et_pb_divider][et_pb_text _builder_version=&#187;4.20.2&#8243; _module_preset=&#187;default&#187; text_font=&#187;||||||||&#187; text_text_color=&#187;gcid-8bf01803-d6a1-4681-8dc3-131a453d9ee6&#8243; text_font_size=&#187;20px&#187; text_line_height=&#187;1.5em&#187; ol_font=&#187;||||||||&#187; header_font=&#187;||||||||&#187; text_font_size_tablet=&#187;&#187; text_font_size_phone=&#187;16px&#187; text_font_size_last_edited=&#187;on|phone&#187; global_colors_info=&#187;{%22gcid-8bf01803-d6a1-4681-8dc3-131a453d9ee6%22:%91%22text_text_color%22%93}&#187;]<\/p>\n<p>&#171;\u0410\u0441\u0442\u0440\u043e\u043b\u043e\u0433\u0438\u044f &#8212; \u044d\u0442\u043e \u0434\u0440\u0435\u0432\u043d\u0435\u0439\u0448\u0430\u044f \u043d\u0430\u0443\u043a\u0430, \u043a\u043e\u0442\u043e\u0440\u0443\u044e \u0432 \u043f\u0440\u043e\u0448\u043b\u043e\u043c \u0443\u0432\u0430\u0436\u0430\u043b\u0438 \u0432\u0435\u043b\u0438\u043a\u0438\u0435 \u0438 \u043c\u0443\u0434\u0440\u044b\u0435 \u043b\u044e\u0434\u0438. \u041d\u0435 \u0431\u044b\u043b\u043e \u043f\u0440\u0438\u043d\u044f\u0442\u043e \u043d\u0438 \u043e\u0434\u043d\u043e\u0433\u043e \u0432\u0430\u0436\u043d\u043e\u0433\u043e \u0440\u0435\u0448\u0435\u043d\u0438\u044f \u0431\u0435\u0437 \u043a\u043e\u043d\u0441\u0443\u043b\u044c\u0442\u0430\u0446\u0438\u0438 \u0441 \u0430\u0441\u0442\u0440\u043e\u043b\u043e\u0433\u043e\u043c.&#187;<\/p>\n<p><span style=\"color: #808080;\"><em>\u0411\u0435\u043d\u0434\u0436\u0430\u043c\u0438\u043d \u0424\u0440\u0430\u043d\u043a\u043b\u0438\u043d<\/em><\/span><\/p>\n<p>[\/et_pb_text][et_pb_divider _builder_version=&#187;4.20.2&#8243; _module_preset=&#187;17c42e85-a599-4c1c-87d3-ace84982d7fe&#187; global_colors_info=&#187;{}&#187;][\/et_pb_divider][et_pb_text _builder_version=&#187;4.20.2&#8243; text_font=&#187;||||||||&#187; text_text_color=&#187;gcid-8bf01803-d6a1-4681-8dc3-131a453d9ee6&#8243; text_font_size=&#187;20px&#187; text_line_height=&#187;1.5em&#187; ol_font=&#187;||||||||&#187; header_font=&#187;||||||||&#187; text_font_size_tablet=&#187;&#187; text_font_size_phone=&#187;16px&#187; text_font_size_last_edited=&#187;on|phone&#187; global_colors_info=&#187;{%22gcid-8bf01803-d6a1-4681-8dc3-131a453d9ee6%22:%91%22text_text_color%22%93}&#187;]<\/p>\n<p>&#171;\u0417\u0432\u0435\u0437\u0434\u044b \u043d\u0430 \u043d\u0435\u0431\u0435\u0441\u0430\u0445 \u0438\u0433\u0440\u0430\u044e\u0442 \u043c\u0443\u0437\u044b\u043a\u0443, \u0438 \u0443 \u043d\u0430\u0441 \u0435\u0441\u0442\u044c \u0443\u0448\u0438, \u0447\u0442\u043e\u0431\u044b \u044d\u0442\u043e \u0443\u0441\u043b\u044b\u0448\u0430\u0442\u044c.&#187;<\/p>\n<p><span style=\"color: #808080;\"><em>\u041f\u0438\u0444\u0430\u0433\u043e\u0440<\/em><\/span><\/p>\n<p>[\/et_pb_text][et_pb_divider _builder_version=&#187;4.20.2&#8243; _module_preset=&#187;17c42e85-a599-4c1c-87d3-ace84982d7fe&#187; global_colors_info=&#187;{}&#187;][\/et_pb_divider][et_pb_text _builder_version=&#187;4.20.2&#8243; text_font=&#187;||||||||&#187; text_text_color=&#187;gcid-8bf01803-d6a1-4681-8dc3-131a453d9ee6&#8243; text_font_size=&#187;20px&#187; text_line_height=&#187;1.5em&#187; ol_font=&#187;||||||||&#187; header_font=&#187;||||||||&#187; text_font_size_tablet=&#187;&#187; text_font_size_phone=&#187;16px&#187; text_font_size_last_edited=&#187;on|phone&#187; global_colors_info=&#187;{%22gcid-8bf01803-d6a1-4681-8dc3-131a453d9ee6%22:%91%22text_text_color%22%93}&#187;]<\/p>\n<p>\u201cDie moderne Astrologie n\u00e4hert sich mehr und mehr der Psychologie und klopft bereits vernehmlich<br \/>an die Tore der Universit\u00e4ten\u201d.<\/p>\n<p><span style=\"color: #808080;\"><em>\u041a\u0430\u0440\u043b \u0413\u0443\u0441\u0442\u0430\u0432 \u042e\u043d\u0433<\/em><\/span><\/p>\n<p>[\/et_pb_text][et_pb_divider _builder_version=&#187;4.20.2&#8243; _module_preset=&#187;17c42e85-a599-4c1c-87d3-ace84982d7fe&#187; global_colors_info=&#187;{}&#187;][\/et_pb_divider][et_pb_text _builder_version=&#187;4.20.2&#8243; text_font=&#187;||||||||&#187; text_text_color=&#187;gcid-8bf01803-d6a1-4681-8dc3-131a453d9ee6&#8243; text_font_size=&#187;20px&#187; text_line_height=&#187;1.5em&#187; ol_font=&#187;||||||||&#187; header_font=&#187;||||||||&#187; text_font_size_tablet=&#187;&#187; text_font_size_phone=&#187;16px&#187; text_font_size_last_edited=&#187;on|phone&#187; global_colors_info=&#187;{%22gcid-8bf01803-d6a1-4681-8dc3-131a453d9ee6%22:%91%22text_text_color%22%93}&#187;]<\/p>\n<p>\u201cAuf der Suche nach Antworten zu seinen vielen Fragen hat der Mensch schon immer zum<br \/>Himmelszelte hochgeblickt, und da sein Suchen so belohnt ward, wird er es auch f\u00fcrderhin thun\u201d.<\/p>\n<p><span style=\"color: #808080;\"><em>\u0410\u0433\u0440\u0438\u043f\u043f\u0430 \u0444\u043e\u043d \u041d\u044d\u0442\u0442\u0435\u0441\u0445\u0430\u0439\u043c<\/em><\/span><\/p>\n<p>[\/et_pb_text][et_pb_divider _builder_version=&#187;4.20.2&#8243; _module_preset=&#187;17c42e85-a599-4c1c-87d3-ace84982d7fe&#187; global_colors_info=&#187;{}&#187;][\/et_pb_divider][\/et_pb_column][\/et_pb_row][\/et_pb_section]<\/p>\n","protected":false},"excerpt":{"rendered":"<p>\u041f\u043e\u0447\u0435\u043c\u0443&#8230;&#187;\u041e\u0431\u0449\u0435\u0438\u0437\u0432\u0435\u0441\u0442\u043d\u043e, \u0447\u0442\u043e \u0431\u043e\u043b\u044c\u0448\u0430\u044f \u0447\u0430\u0441\u0442\u044c \u0431\u0435\u0433\u0443\u043d\u043e\u0432 \u043d\u0430 \u0423\u043e\u043b\u043b-\u0441\u0442\u0440\u0438\u0442 \u0438\u0441\u043f\u043e\u043b\u044c\u0437\u0443\u044e\u0442 \u0430\u0441\u0442\u0440\u043e\u043b\u043e\u0433\u0438\u044e.&#187; \u0420\u043e\u043d\u0430\u043b\u044c\u0434 \u0420\u0438\u0433\u0430\u043d&#187;\u041c\u044b \u0440\u043e\u0436\u0434\u0430\u0435\u043c\u0441\u044f \u0432 \u043e\u043f\u0440\u0435\u0434\u0435\u043b\u0435\u043d\u043d\u043e\u0435 \u0432\u0440\u0435\u043c\u044f, \u0432 \u043e\u043f\u0440\u0435\u0434\u0435\u043b\u0435\u043d\u043d\u043e\u043c \u043c\u0435\u0441\u0442\u0435 \u0438 \u043a\u0430\u043a \u0432\u0438\u043d\u043e \u0445\u043e\u0440\u043e\u0448\u0435\u0433\u043e \u0433\u043e\u0434\u0430 \u043c\u044b \u043d\u0435\u0441\u0435\u043c \u0432 \u0441\u0435\u0431\u0435 \u043a\u0430\u0447\u0435\u0441\u0442\u0432\u043e \u0442\u043e\u0433\u043e \u0433\u043e\u0434\u0430 \u0438 \u0442\u043e\u0433\u043e \u0441\u0435\u0437\u043e\u043d\u0430. \u0412 \u044d\u0442\u043e\u043c \u0432\u0441\u044f \u0441\u0443\u0442\u044c \u0430\u0441\u0442\u0440\u043e\u043b\u043e\u0433\u0438\u0438, \u043d\u0435 \u0431\u043e\u043b\u0435\u0435 \u0442\u043e\u0433\u043e, \u0438 \u043d\u0435 \u043c\u0435\u043d\u0435\u0435.&#187; \u041a\u0430\u0440\u043b \u0413\u0443\u0441\u0442\u0430\u0432 \u042e\u043d\u0433&#187;\u0412\u0441\u0435, \u0447\u0442\u043e \u043f\u0440\u043e\u0438\u0441\u0445\u043e\u0434\u0438\u0442 \u043d\u0430 \u041d\u0435\u0431\u0435\u0441\u0430\u0445, \u043e\u0449\u0443\u0449\u0430\u0435\u0442\u0441\u044f \u0432 \u043f\u0440\u0438\u0440\u043e\u0434\u0435 \u0438 [&hellip;]<\/p>\n","protected":false},"author":3,"featured_media":0,"parent":0,"menu_order":11,"comment_status":"closed","ping_status":"closed","template":"","meta":{"_et_pb_use_builder":"on","_et_pb_old_content":"","_et_gb_content_width":"","footnotes":""},"class_list":["post-2372","page","type-page","status-publish","hentry"],"yoast_head":"<!-- This site is optimized with the Yoast SEO plugin v27.0 - https:\/\/yoast.com\/product\/yoast-seo-wordpress\/ -->\n<title>\u041f\u043e\u0447\u0435\u043c\u0443... - Psychologische Astrologie f\u00fcr Dich und Deine Lieben<\/title>\n<meta name=\"description\" content=\"&quot;\u0412\u0441\u0435, \u0447\u0442\u043e \u043f\u0440\u043e\u0438\u0441\u0445\u043e\u0434\u0438\u0442 \u043d\u0430 \u041d\u0435\u0431\u0435\u0441\u0430\u0445, \u043e\u0449\u0443\u0449\u0430\u0435\u0442\u0441\u044f \u0432 \u043f\u0440\u0438\u0440\u043e\u0434\u0435 \u0438 \u043d\u0430 \u0417\u0435\u043c\u043b\u0435.&quot; \u041a\u0435\u043f\u043b\u0435\u0440\" \/>\n<meta name=\"robots\" content=\"index, follow, max-snippet:-1, max-image-preview:large, max-video-preview:-1\" \/>\n<link rel=\"canonical\" href=\"https:\/\/astrologie-fuer-dich.de\/ru\/\u043f\u043e\u0447\u0435\u043c\u0443\/\" \/>\n<meta property=\"og:locale\" content=\"ru_RU\" \/>\n<meta property=\"og:type\" content=\"article\" \/>\n<meta property=\"og:title\" content=\"\u041f\u043e\u0447\u0435\u043c\u0443... - Psychologische Astrologie f\u00fcr Dich und Deine Lieben\" \/>\n<meta property=\"og:description\" content=\"&quot;\u0412\u0441\u0435, \u0447\u0442\u043e \u043f\u0440\u043e\u0438\u0441\u0445\u043e\u0434\u0438\u0442 \u043d\u0430 \u041d\u0435\u0431\u0435\u0441\u0430\u0445, \u043e\u0449\u0443\u0449\u0430\u0435\u0442\u0441\u044f \u0432 \u043f\u0440\u0438\u0440\u043e\u0434\u0435 \u0438 \u043d\u0430 \u0417\u0435\u043c\u043b\u0435.&quot; \u041a\u0435\u043f\u043b\u0435\u0440\" \/>\n<meta property=\"og:url\" content=\"https:\/\/astrologie-fuer-dich.de\/ru\/\u043f\u043e\u0447\u0435\u043c\u0443\/\" \/>\n<meta property=\"og:site_name\" content=\"Psychologische Astrologie f\u00fcr Dich und Deine Lieben\" \/>\n<meta property=\"article:modified_time\" content=\"2024-09-06T10:52:59+00:00\" \/>\n<meta name=\"twitter:card\" content=\"summary_large_image\" \/>\n<meta name=\"twitter:label1\" content=\"\u041f\u0440\u0438\u043c\u0435\u0440\u043d\u043e\u0435 \u0432\u0440\u0435\u043c\u044f \u0434\u043b\u044f \u0447\u0442\u0435\u043d\u0438\u044f\" \/>\n\t<meta name=\"twitter:data1\" content=\"5 \u043c\u0438\u043d\u0443\u0442\" \/>\n<!-- \/ Yoast SEO plugin. -->","yoast_head_json":{"title":"\u041f\u043e\u0447\u0435\u043c\u0443... - Psychologische Astrologie f\u00fcr Dich und Deine Lieben","description":"\"\u0412\u0441\u0435, \u0447\u0442\u043e \u043f\u0440\u043e\u0438\u0441\u0445\u043e\u0434\u0438\u0442 \u043d\u0430 \u041d\u0435\u0431\u0435\u0441\u0430\u0445, \u043e\u0449\u0443\u0449\u0430\u0435\u0442\u0441\u044f \u0432 \u043f\u0440\u0438\u0440\u043e\u0434\u0435 \u0438 \u043d\u0430 \u0417\u0435\u043c\u043b\u0435.\" \u041a\u0435\u043f\u043b\u0435\u0440","robots":{"index":"index","follow":"follow","max-snippet":"max-snippet:-1","max-image-preview":"max-image-preview:large","max-video-preview":"max-video-preview:-1"},"canonical":"https:\/\/astrologie-fuer-dich.de\/ru\/\u043f\u043e\u0447\u0435\u043c\u0443\/","og_locale":"ru_RU","og_type":"article","og_title":"\u041f\u043e\u0447\u0435\u043c\u0443... - Psychologische Astrologie f\u00fcr Dich und Deine Lieben","og_description":"\"\u0412\u0441\u0435, \u0447\u0442\u043e \u043f\u0440\u043e\u0438\u0441\u0445\u043e\u0434\u0438\u0442 \u043d\u0430 \u041d\u0435\u0431\u0435\u0441\u0430\u0445, \u043e\u0449\u0443\u0449\u0430\u0435\u0442\u0441\u044f \u0432 \u043f\u0440\u0438\u0440\u043e\u0434\u0435 \u0438 \u043d\u0430 \u0417\u0435\u043c\u043b\u0435.\" \u041a\u0435\u043f\u043b\u0435\u0440","og_url":"https:\/\/astrologie-fuer-dich.de\/ru\/\u043f\u043e\u0447\u0435\u043c\u0443\/","og_site_name":"Psychologische Astrologie f\u00fcr Dich und Deine Lieben","article_modified_time":"2024-09-06T10:52:59+00:00","twitter_card":"summary_large_image","twitter_misc":{"\u041f\u0440\u0438\u043c\u0435\u0440\u043d\u043e\u0435 \u0432\u0440\u0435\u043c\u044f \u0434\u043b\u044f \u0447\u0442\u0435\u043d\u0438\u044f":"5 \u043c\u0438\u043d\u0443\u0442"},"schema":{"@context":"https:\/\/schema.org","@graph":[{"@type":"WebPage","@id":"https:\/\/astrologie-fuer-dich.de\/ru\/%d0%bf%d0%be%d1%87%d0%b5%d0%bc%d1%83\/","url":"https:\/\/astrologie-fuer-dich.de\/ru\/%d0%bf%d0%be%d1%87%d0%b5%d0%bc%d1%83\/","name":"\u041f\u043e\u0447\u0435\u043c\u0443... - Psychologische Astrologie f\u00fcr Dich und Deine Lieben","isPartOf":{"@id":"https:\/\/astrologie-fuer-dich.de\/#website"},"datePublished":"2019-08-19T13:31:28+00:00","dateModified":"2024-09-06T10:52:59+00:00","description":"\"\u0412\u0441\u0435, \u0447\u0442\u043e \u043f\u0440\u043e\u0438\u0441\u0445\u043e\u0434\u0438\u0442 \u043d\u0430 \u041d\u0435\u0431\u0435\u0441\u0430\u0445, \u043e\u0449\u0443\u0449\u0430\u0435\u0442\u0441\u044f \u0432 \u043f\u0440\u0438\u0440\u043e\u0434\u0435 \u0438 \u043d\u0430 \u0417\u0435\u043c\u043b\u0435.\" \u041a\u0435\u043f\u043b\u0435\u0440","breadcrumb":{"@id":"https:\/\/astrologie-fuer-dich.de\/ru\/%d0%bf%d0%be%d1%87%d0%b5%d0%bc%d1%83\/#breadcrumb"},"inLanguage":"ru-RU","potentialAction":[{"@type":"ReadAction","target":["https:\/\/astrologie-fuer-dich.de\/ru\/%d0%bf%d0%be%d1%87%d0%b5%d0%bc%d1%83\/"]}]},{"@type":"BreadcrumbList","@id":"https:\/\/astrologie-fuer-dich.de\/ru\/%d0%bf%d0%be%d1%87%d0%b5%d0%bc%d1%83\/#breadcrumb","itemListElement":[{"@type":"ListItem","position":1,"name":"Startseite","item":"https:\/\/astrologie-fuer-dich.de\/ru\/"},{"@type":"ListItem","position":2,"name":"\u041f\u043e\u0447\u0435\u043c\u0443&#8230;"}]},{"@type":"WebSite","@id":"https:\/\/astrologie-fuer-dich.de\/#website","url":"https:\/\/astrologie-fuer-dich.de\/","name":"Astrologie pers\u00f6nlich f\u00fcr Dich","description":"Pers\u00f6nlich f\u00fcr Dich und Deine Lieben","publisher":{"@id":"https:\/\/astrologie-fuer-dich.de\/#\/schema\/person\/ee3d285f83f0e1dc9affe7874c3c188a"},"potentialAction":[{"@type":"SearchAction","target":{"@type":"EntryPoint","urlTemplate":"https:\/\/astrologie-fuer-dich.de\/?s={search_term_string}"},"query-input":{"@type":"PropertyValueSpecification","valueRequired":true,"valueName":"search_term_string"}}],"inLanguage":"ru-RU"},{"@type":["Person","Organization"],"@id":"https:\/\/astrologie-fuer-dich.de\/#\/schema\/person\/ee3d285f83f0e1dc9affe7874c3c188a","name":"Misha Melnyk","image":{"@type":"ImageObject","inLanguage":"ru-RU","@id":"https:\/\/astrologie-fuer-dich.de\/#\/schema\/person\/image\/","url":"https:\/\/astrologie-fuer-dich.de\/wp-content\/uploads\/2023\/03\/cropped-Logo.png","contentUrl":"https:\/\/astrologie-fuer-dich.de\/wp-content\/uploads\/2023\/03\/cropped-Logo.png","width":512,"height":512,"caption":"Misha Melnyk"},"logo":{"@id":"https:\/\/astrologie-fuer-dich.de\/#\/schema\/person\/image\/"},"sameAs":["http:\/\/www.astrologie-fuer-dich.de"]}]}},"_links":{"self":[{"href":"https:\/\/astrologie-fuer-dich.de\/ru\/wp-json\/wp\/v2\/pages\/2372","targetHints":{"allow":["GET"]}}],"collection":[{"href":"https:\/\/astrologie-fuer-dich.de\/ru\/wp-json\/wp\/v2\/pages"}],"about":[{"href":"https:\/\/astrologie-fuer-dich.de\/ru\/wp-json\/wp\/v2\/types\/page"}],"author":[{"embeddable":true,"href":"https:\/\/astrologie-fuer-dich.de\/ru\/wp-json\/wp\/v2\/users\/3"}],"replies":[{"embeddable":true,"href":"https:\/\/astrologie-fuer-dich.de\/ru\/wp-json\/wp\/v2\/comments?post=2372"}],"version-history":[{"count":5,"href":"https:\/\/astrologie-fuer-dich.de\/ru\/wp-json\/wp\/v2\/pages\/2372\/revisions"}],"predecessor-version":[{"id":7477,"href":"https:\/\/astrologie-fuer-dich.de\/ru\/wp-json\/wp\/v2\/pages\/2372\/revisions\/7477"}],"wp:attachment":[{"href":"https:\/\/astrologie-fuer-dich.de\/ru\/wp-json\/wp\/v2\/media?parent=2372"}],"curies":[{"name":"wp","href":"https:\/\/api.w.org\/{rel}","templated":true}]}}