{"id":2337,"date":"2019-08-12T16:10:22","date_gmt":"2019-08-12T16:10:22","guid":{"rendered":"http:\/\/astrologie-fuer-dich.de\/%d0%ba%d0%be%d0%bd%d1%82%d0%b0%d0%ba%d1%82"},"modified":"2024-09-06T13:51:25","modified_gmt":"2024-09-06T11:51:25","slug":"%d0%ba%d0%be%d0%bd%d1%82%d0%b0%d0%ba%d1%82","status":"publish","type":"page","link":"https:\/\/astrologie-fuer-dich.de\/ru\/%d0%ba%d0%be%d0%bd%d1%82%d0%b0%d0%ba%d1%82\/","title":{"rendered":"\u041a\u043e\u043d\u0442\u0430\u043a\u0442"},"content":{"rendered":"<p>[et_pb_section fb_built=&#187;1&#8243; _builder_version=&#187;4.20.2&#8243; _module_preset=&#187;default&#187; global_colors_info=&#187;{}&#187; custom_padding=&#187;||21px|||&#187;][et_pb_row _builder_version=&#187;4.21.0&#8243; _module_preset=&#187;default&#187; global_colors_info=&#187;{}&#187;][et_pb_column type=&#187;4_4&#8243; _builder_version=&#187;4.21.0&#8243; _module_preset=&#187;default&#187; global_colors_info=&#187;{}&#187;][et_pb_text _builder_version=&#187;4.27.0&#8243; text_font=&#187;Cairo|700|||||||&#187; text_text_color=&#187;#ffffff&#187; header_font=&#187;|600|||||||&#187; header_text_color=&#187;#ffffff&#187; header_font_size=&#187;80px&#187; header_line_height=&#187;1.1em&#187; header_3_text_color=&#187;#ffffff&#187; header_3_font_size=&#187;40px&#187; width_tablet=&#187;&#187; width_phone=&#187;&#187; width_last_edited=&#187;on|phone&#187; custom_margin=&#187;37px||||false|false&#187; custom_margin_tablet=&#187;0px||||false|false&#187; custom_margin_phone=&#187;0px||||false|false&#187; custom_margin_last_edited=&#187;on|tablet&#187; custom_padding=&#187;0px||60px||false|false&#187; custom_padding_tablet=&#187;0px||1px||false|false&#187; custom_padding_phone=&#187;4px||1px||false|false&#187; custom_padding_last_edited=&#187;on|phone&#187; hover_enabled=&#187;0&#8243; text_font_tablet=&#187;Cairo|700|||||||&#187; text_font_phone=&#187;Cairo|700|||||||&#187; text_font_last_edited=&#187;on|phone&#187; header_font_size_tablet=&#187;71px&#187; header_font_size_phone=&#187;49px&#187; header_font_size_last_edited=&#187;on|tablet&#187; header_3_text_color_tablet=&#187;&#187; header_3_text_color_phone=&#187;&#187; header_3_text_color_last_edited=&#187;on|phone&#187; header_3_font_size_tablet=&#187;&#187; header_3_font_size_phone=&#187;16px&#187; header_3_font_size_last_edited=&#187;on|desktop&#187; header_3_letter_spacing_tablet=&#187;&#187; header_3_letter_spacing_phone=&#187;&#187; header_3_letter_spacing_last_edited=&#187;on|desktop&#187; header_text_shadow_style=&#187;preset2&#8243; header_3_text_shadow_style=&#187;preset2&#8243; global_colors_info=&#187;{}&#187; sticky_enabled=&#187;0&#8243;]<\/p>\n<h1 style=\"text-align: center;\">\n            <span style=\"color: #ffcc00;\">\u041a\u043e\u043d\u0442\u0430\u043a\u0442<\/span><br \/>\n          <\/h1>\n<p>[\/et_pb_text][\/et_pb_column][\/et_pb_row][\/et_pb_section][et_pb_section fb_built=&#187;1&#8243; _builder_version=&#187;4.20.2&#8243; background_image=&#187;https:\/\/astrologie-fuer-dich.de\/wp-content\/uploads\/2019\/08\/Misha805_1290_1000_gespiegelt.jpg&#187; width_tablet=&#187;&#187; width_phone=&#187;&#187; width_last_edited=&#187;on|desktop&#187; min_height=&#187;800px&#187; min_height_tablet=&#187;&#187; min_height_phone=&#187;500px&#187; min_height_last_edited=&#187;on|phone&#187; height=&#187;500px&#187; max_height=&#187;500px&#187; custom_margin=&#187;||||false|false&#187; global_colors_info=&#187;{}&#187;][\/et_pb_section][et_pb_section fb_built=&#187;1&#8243; theme_builder_area=&#187;post_content&#187; _builder_version=&#187;4.27.0&#8243; _module_preset=&#187;default&#187;][et_pb_row _builder_version=&#187;4.27.0&#8243; _module_preset=&#187;default&#187; theme_builder_area=&#187;post_content&#187; custom_padding=&#187;0px|||||&#187;][et_pb_column _builder_version=&#187;4.27.0&#8243; _module_preset=&#187;default&#187; type=&#187;4_4&#8243; theme_builder_area=&#187;post_content&#187;][et_pb_text _builder_version=&#187;4.27.0&#8243; _module_preset=&#187;default&#187; text_font=&#187;Cairo|600|||||||&#187; text_text_color=&#187;gcid-040ce981-e918-4de5-aa55-11c10dcacf01&#8243; text_line_height=&#187;1.3em&#187; custom_margin=&#187;10px||0px||false|false&#187; custom_margin_tablet=&#187;10px||50px||false|false&#187; custom_margin_phone=&#187;27px||50px||false|false&#187; custom_margin_last_edited=&#187;on|tablet&#187; custom_padding=&#187;4px||42px||false|false&#187; hover_enabled=&#187;0&#8243; global_colors_info=&#187;{%22gcid-040ce981-e918-4de5-aa55-11c10dcacf01%22:%91%22text_text_color%22%93}&#187; theme_builder_area=&#187;post_content&#187; sticky_enabled=&#187;0&#8243;]<\/p>\n<p style=\"text-align: justify;\"><span style=\"font-size: large;\"><\/span><\/p>\n<p style=\"text-align: justify;\"><span style=\"font-size: large;\">\u041c\u043d\u0435 \u0431\u044b\u043b\u043e \u0431\u044b \u043e\u0447\u0435\u043d\u044c \u043f\u0440\u0438\u044f\u0442\u043d\u043e \u0441\u043f\u043e\u0441\u043e\u0431\u0441\u0442\u0432\u043e\u0432\u0430\u0442\u044c \u0438 \u0443\u0447\u0430\u0432\u0441\u0442\u0432\u043e\u0432\u0430\u0442\u044c \u0432 \u0442\u0432\u043e\u0435\u043c \u043d\u0435\u043e\u0431\u044b\u0447\u0430\u0439\u043d\u043e\u043c \u043f\u0443\u0442\u0435\u0448\u0435\u0441\u0442\u0432\u0438\u0438 \u0441\u0430\u043c\u043e\u043f\u043e\u0437\u043d\u0430\u043d\u0438\u044f.<\/span><\/p>\n<p style=\"text-align: justify;\"><span style=\"font-size: large;\">\u0422\u044b \u043e\u0442\u043a\u0440\u043e\u0435\u0448\u044c \u0434\u043b\u044f \u0441\u0435\u0431\u044f \u043d\u0435\u0432\u043e\u043e\u0431\u0440\u0430\u0437\u0438\u043c\u0443\u044e \u0441\u0438\u043b\u0443 \u043c\u0443\u0434\u0440\u043e\u0441\u0442\u0438 \u043f\u0441\u0438\u0445\u043e\u043b\u043e\u0433\u0438\u0447\u0435\u0441\u043a\u043e\u0439 \u0430\u0441\u0442\u0440\u043e\u043b\u043e\u0433\u0438\u0438\u2026<\/span><\/p>\n<p>[\/et_pb_text][et_pb_button button_url=&#187;&#109;&#x61;&#x69;l&#116;&#x6f;:&#97;&#x73;t&#114;&#x6f;l&#111;&#x67;&#x69;&#101;&#x66;&#x75;e&#114;&#x64;i&#99;&#x68;&#64;&#103;&#x6d;&#x61;&#105;&#x6c;&#x2e;c&#111;&#x6d;&#187; button_text=&#187;\u041d\u0430\u043f\u0438\u0448\u0438 \u043c\u043d\u0435&#187; button_alignment=&#187;center&#187; _builder_version=&#187;4.21.0&#8243; _module_preset=&#187;default&#187; custom_button=&#187;on&#187; button_text_color=&#187;gcid-7ddf80d4-b666-4ea0-9350-8f2576c97c52&#8243; button_bg_color=&#187;rgba(0,106,193,0.63)&#187; button_border_color=&#187;gcid-7ddf80d4-b666-4ea0-9350-8f2576c97c52&#8243; button_font=&#187;Cairo|600|||||||&#187; custom_margin=&#187;7px||30px||false|false&#187; box_shadow_style=&#187;preset1&#8243; global_colors_info=&#187;{%22gcid-7ddf80d4-b666-4ea0-9350-8f2576c97c52%22:%91%22button_border_color%22,%22button_text_color%22%93}&#187; theme_builder_area=&#187;post_content&#187; min_height=&#187;51px&#187;][\/et_pb_button][\/et_pb_column][\/et_pb_row][\/et_pb_section]<\/p>\n","protected":false},"excerpt":{"rendered":"<p>\u041a\u043e\u043d\u0442\u0430\u043a\u0442 \u041c\u043d\u0435 \u0431\u044b\u043b\u043e \u0431\u044b \u043e\u0447\u0435\u043d\u044c \u043f\u0440\u0438\u044f\u0442\u043d\u043e \u0441\u043f\u043e\u0441\u043e\u0431\u0441\u0442\u0432\u043e\u0432\u0430\u0442\u044c \u0438 \u0443\u0447\u0430\u0432\u0441\u0442\u0432\u043e\u0432\u0430\u0442\u044c \u0432 \u0442\u0432\u043e\u0435\u043c \u043d\u0435\u043e\u0431\u044b\u0447\u0430\u0439\u043d\u043e\u043c \u043f\u0443\u0442\u0435\u0448\u0435\u0441\u0442\u0432\u0438\u0438 \u0441\u0430\u043c\u043e\u043f\u043e\u0437\u043d\u0430\u043d\u0438\u044f. \u0422\u044b \u043e\u0442\u043a\u0440\u043e\u0435\u0448\u044c \u0434\u043b\u044f \u0441\u0435\u0431\u044f \u043d\u0435\u0432\u043e\u043e\u0431\u0440\u0430\u0437\u0438\u043c\u0443\u044e \u0441\u0438\u043b\u0443 \u043c\u0443\u0434\u0440\u043e\u0441\u0442\u0438 \u043f\u0441\u0438\u0445\u043e\u043b\u043e\u0433\u0438\u0447\u0435\u0441\u043a\u043e\u0439 \u0430\u0441\u0442\u0440\u043e\u043b\u043e\u0433\u0438\u0438\u2026<\/p>\n","protected":false},"author":3,"featured_media":0,"parent":0,"menu_order":23,"comment_status":"closed","ping_status":"closed","template":"","meta":{"_et_pb_use_builder":"on","_et_pb_old_content":"","_et_gb_content_width":"","footnotes":""},"class_list":["post-2337","page","type-page","status-publish","hentry"],"yoast_head":"<!-- This site is optimized with the Yoast SEO plugin v27.0 - https:\/\/yoast.com\/product\/yoast-seo-wordpress\/ -->\n<title>\u041a\u043e\u043d\u0442\u0430\u043a\u0442 - Psychologische Astrologie f\u00fcr Dich und Deine Lieben<\/title>\n<meta name=\"description\" content=\"\u041c\u043d\u0435 \u0431\u044b\u043b\u043e \u0431\u044b \u043e\u0447\u0435\u043d\u044c \u043f\u0440\u0438\u044f\u0442\u043d\u043e \u0441\u043f\u043e\u0441\u043e\u0431\u0441\u0442\u0432\u043e\u0432\u0430\u0442\u044c \u0438 \u0443\u0447\u0430\u0432\u0441\u0442\u0432\u043e\u0432\u0430\u0442\u044c \u0432 \u0442\u0432\u043e\u0435\u043c \u043d\u0435\u043e\u0431\u044b\u0447\u0430\u0439\u043d\u043e\u043c \u043f\u0443\u0442\u0435\u0448\u0435\u0441\u0442\u0432\u0438\u0438 \u0441\u0430\u043c\u043e\u043f\u043e\u0437\u043d\u0430\u043d\u0438\u044f. \u0422\u044b \u043e\u0442\u043a\u0440\u043e\u0435\u0448\u044c \u0434\u043b\u044f \u0441\u0435\u0431\u044f \u043d\u0435\u0432\u043e\u043e\u0431\u0440\u0430\u0437\u0438\u043c\u0443\u044e \u0441\u0438\u043b\u0443 \u043c\u0443\u0434\u0440\u043e\u0441\u0442\u0438 \u043f\u0441\u0438\u0445\u043e\u043b\u043e\u0433\u0438\u0447\u0435\u0441\u043a\u043e\u0439 \u0430\u0441\u0442\u0440\u043e\u043b\u043e\u0433\u0438\u0438\u2026\" \/>\n<meta name=\"robots\" content=\"index, follow, max-snippet:-1, max-image-preview:large, max-video-preview:-1\" \/>\n<link rel=\"canonical\" href=\"https:\/\/astrologie-fuer-dich.de\/ru\/\u043a\u043e\u043d\u0442\u0430\u043a\u0442\/\" \/>\n<meta property=\"og:locale\" content=\"ru_RU\" \/>\n<meta property=\"og:type\" content=\"article\" \/>\n<meta property=\"og:title\" content=\"\u041a\u043e\u043d\u0442\u0430\u043a\u0442 - Psychologische Astrologie f\u00fcr Dich und Deine Lieben\" \/>\n<meta property=\"og:description\" content=\"\u041c\u043d\u0435 \u0431\u044b\u043b\u043e \u0431\u044b \u043e\u0447\u0435\u043d\u044c \u043f\u0440\u0438\u044f\u0442\u043d\u043e \u0441\u043f\u043e\u0441\u043e\u0431\u0441\u0442\u0432\u043e\u0432\u0430\u0442\u044c \u0438 \u0443\u0447\u0430\u0432\u0441\u0442\u0432\u043e\u0432\u0430\u0442\u044c \u0432 \u0442\u0432\u043e\u0435\u043c \u043d\u0435\u043e\u0431\u044b\u0447\u0430\u0439\u043d\u043e\u043c \u043f\u0443\u0442\u0435\u0448\u0435\u0441\u0442\u0432\u0438\u0438 \u0441\u0430\u043c\u043e\u043f\u043e\u0437\u043d\u0430\u043d\u0438\u044f. \u0422\u044b \u043e\u0442\u043a\u0440\u043e\u0435\u0448\u044c \u0434\u043b\u044f \u0441\u0435\u0431\u044f \u043d\u0435\u0432\u043e\u043e\u0431\u0440\u0430\u0437\u0438\u043c\u0443\u044e \u0441\u0438\u043b\u0443 \u043c\u0443\u0434\u0440\u043e\u0441\u0442\u0438 \u043f\u0441\u0438\u0445\u043e\u043b\u043e\u0433\u0438\u0447\u0435\u0441\u043a\u043e\u0439 \u0430\u0441\u0442\u0440\u043e\u043b\u043e\u0433\u0438\u0438\u2026\" \/>\n<meta property=\"og:url\" content=\"https:\/\/astrologie-fuer-dich.de\/ru\/\u043a\u043e\u043d\u0442\u0430\u043a\u0442\/\" \/>\n<meta property=\"og:site_name\" content=\"Psychologische Astrologie f\u00fcr Dich und Deine Lieben\" \/>\n<meta property=\"article:modified_time\" content=\"2024-09-06T11:51:25+00:00\" \/>\n<meta name=\"twitter:card\" content=\"summary_large_image\" \/>\n<meta name=\"twitter:label1\" content=\"\u041f\u0440\u0438\u043c\u0435\u0440\u043d\u043e\u0435 \u0432\u0440\u0435\u043c\u044f \u0434\u043b\u044f \u0447\u0442\u0435\u043d\u0438\u044f\" \/>\n\t<meta name=\"twitter:data1\" content=\"3 \u043c\u0438\u043d\u0443\u0442\u044b\" \/>\n<!-- \/ Yoast SEO plugin. -->","yoast_head_json":{"title":"\u041a\u043e\u043d\u0442\u0430\u043a\u0442 - Psychologische Astrologie f\u00fcr Dich und Deine Lieben","description":"\u041c\u043d\u0435 \u0431\u044b\u043b\u043e \u0431\u044b \u043e\u0447\u0435\u043d\u044c \u043f\u0440\u0438\u044f\u0442\u043d\u043e \u0441\u043f\u043e\u0441\u043e\u0431\u0441\u0442\u0432\u043e\u0432\u0430\u0442\u044c \u0438 \u0443\u0447\u0430\u0432\u0441\u0442\u0432\u043e\u0432\u0430\u0442\u044c \u0432 \u0442\u0432\u043e\u0435\u043c \u043d\u0435\u043e\u0431\u044b\u0447\u0430\u0439\u043d\u043e\u043c \u043f\u0443\u0442\u0435\u0448\u0435\u0441\u0442\u0432\u0438\u0438 \u0441\u0430\u043c\u043e\u043f\u043e\u0437\u043d\u0430\u043d\u0438\u044f. \u0422\u044b \u043e\u0442\u043a\u0440\u043e\u0435\u0448\u044c \u0434\u043b\u044f \u0441\u0435\u0431\u044f \u043d\u0435\u0432\u043e\u043e\u0431\u0440\u0430\u0437\u0438\u043c\u0443\u044e \u0441\u0438\u043b\u0443 \u043c\u0443\u0434\u0440\u043e\u0441\u0442\u0438 \u043f\u0441\u0438\u0445\u043e\u043b\u043e\u0433\u0438\u0447\u0435\u0441\u043a\u043e\u0439 \u0430\u0441\u0442\u0440\u043e\u043b\u043e\u0433\u0438\u0438\u2026","robots":{"index":"index","follow":"follow","max-snippet":"max-snippet:-1","max-image-preview":"max-image-preview:large","max-video-preview":"max-video-preview:-1"},"canonical":"https:\/\/astrologie-fuer-dich.de\/ru\/\u043a\u043e\u043d\u0442\u0430\u043a\u0442\/","og_locale":"ru_RU","og_type":"article","og_title":"\u041a\u043e\u043d\u0442\u0430\u043a\u0442 - Psychologische Astrologie f\u00fcr Dich und Deine Lieben","og_description":"\u041c\u043d\u0435 \u0431\u044b\u043b\u043e \u0431\u044b \u043e\u0447\u0435\u043d\u044c \u043f\u0440\u0438\u044f\u0442\u043d\u043e \u0441\u043f\u043e\u0441\u043e\u0431\u0441\u0442\u0432\u043e\u0432\u0430\u0442\u044c \u0438 \u0443\u0447\u0430\u0432\u0441\u0442\u0432\u043e\u0432\u0430\u0442\u044c \u0432 \u0442\u0432\u043e\u0435\u043c \u043d\u0435\u043e\u0431\u044b\u0447\u0430\u0439\u043d\u043e\u043c \u043f\u0443\u0442\u0435\u0448\u0435\u0441\u0442\u0432\u0438\u0438 \u0441\u0430\u043c\u043e\u043f\u043e\u0437\u043d\u0430\u043d\u0438\u044f. \u0422\u044b \u043e\u0442\u043a\u0440\u043e\u0435\u0448\u044c \u0434\u043b\u044f \u0441\u0435\u0431\u044f \u043d\u0435\u0432\u043e\u043e\u0431\u0440\u0430\u0437\u0438\u043c\u0443\u044e \u0441\u0438\u043b\u0443 \u043c\u0443\u0434\u0440\u043e\u0441\u0442\u0438 \u043f\u0441\u0438\u0445\u043e\u043b\u043e\u0433\u0438\u0447\u0435\u0441\u043a\u043e\u0439 \u0430\u0441\u0442\u0440\u043e\u043b\u043e\u0433\u0438\u0438\u2026","og_url":"https:\/\/astrologie-fuer-dich.de\/ru\/\u043a\u043e\u043d\u0442\u0430\u043a\u0442\/","og_site_name":"Psychologische Astrologie f\u00fcr Dich und Deine Lieben","article_modified_time":"2024-09-06T11:51:25+00:00","twitter_card":"summary_large_image","twitter_misc":{"\u041f\u0440\u0438\u043c\u0435\u0440\u043d\u043e\u0435 \u0432\u0440\u0435\u043c\u044f \u0434\u043b\u044f \u0447\u0442\u0435\u043d\u0438\u044f":"3 \u043c\u0438\u043d\u0443\u0442\u044b"},"schema":{"@context":"https:\/\/schema.org","@graph":[{"@type":"WebPage","@id":"https:\/\/astrologie-fuer-dich.de\/ru\/%d0%ba%d0%be%d0%bd%d1%82%d0%b0%d0%ba%d1%82\/","url":"https:\/\/astrologie-fuer-dich.de\/ru\/%d0%ba%d0%be%d0%bd%d1%82%d0%b0%d0%ba%d1%82\/","name":"\u041a\u043e\u043d\u0442\u0430\u043a\u0442 - Psychologische Astrologie f\u00fcr Dich und Deine Lieben","isPartOf":{"@id":"https:\/\/astrologie-fuer-dich.de\/#website"},"datePublished":"2019-08-12T16:10:22+00:00","dateModified":"2024-09-06T11:51:25+00:00","description":"\u041c\u043d\u0435 \u0431\u044b\u043b\u043e \u0431\u044b \u043e\u0447\u0435\u043d\u044c \u043f\u0440\u0438\u044f\u0442\u043d\u043e \u0441\u043f\u043e\u0441\u043e\u0431\u0441\u0442\u0432\u043e\u0432\u0430\u0442\u044c \u0438 \u0443\u0447\u0430\u0432\u0441\u0442\u0432\u043e\u0432\u0430\u0442\u044c \u0432 \u0442\u0432\u043e\u0435\u043c \u043d\u0435\u043e\u0431\u044b\u0447\u0430\u0439\u043d\u043e\u043c \u043f\u0443\u0442\u0435\u0448\u0435\u0441\u0442\u0432\u0438\u0438 \u0441\u0430\u043c\u043e\u043f\u043e\u0437\u043d\u0430\u043d\u0438\u044f. \u0422\u044b \u043e\u0442\u043a\u0440\u043e\u0435\u0448\u044c \u0434\u043b\u044f \u0441\u0435\u0431\u044f \u043d\u0435\u0432\u043e\u043e\u0431\u0440\u0430\u0437\u0438\u043c\u0443\u044e \u0441\u0438\u043b\u0443 \u043c\u0443\u0434\u0440\u043e\u0441\u0442\u0438 \u043f\u0441\u0438\u0445\u043e\u043b\u043e\u0433\u0438\u0447\u0435\u0441\u043a\u043e\u0439 \u0430\u0441\u0442\u0440\u043e\u043b\u043e\u0433\u0438\u0438\u2026","breadcrumb":{"@id":"https:\/\/astrologie-fuer-dich.de\/ru\/%d0%ba%d0%be%d0%bd%d1%82%d0%b0%d0%ba%d1%82\/#breadcrumb"},"inLanguage":"ru-RU","potentialAction":[{"@type":"ReadAction","target":["https:\/\/astrologie-fuer-dich.de\/ru\/%d0%ba%d0%be%d0%bd%d1%82%d0%b0%d0%ba%d1%82\/"]}]},{"@type":"BreadcrumbList","@id":"https:\/\/astrologie-fuer-dich.de\/ru\/%d0%ba%d0%be%d0%bd%d1%82%d0%b0%d0%ba%d1%82\/#breadcrumb","itemListElement":[{"@type":"ListItem","position":1,"name":"Startseite","item":"https:\/\/astrologie-fuer-dich.de\/ru\/"},{"@type":"ListItem","position":2,"name":"\u041a\u043e\u043d\u0442\u0430\u043a\u0442"}]},{"@type":"WebSite","@id":"https:\/\/astrologie-fuer-dich.de\/#website","url":"https:\/\/astrologie-fuer-dich.de\/","name":"Astrologie pers\u00f6nlich f\u00fcr Dich","description":"Pers\u00f6nlich f\u00fcr Dich und Deine Lieben","publisher":{"@id":"https:\/\/astrologie-fuer-dich.de\/#\/schema\/person\/ee3d285f83f0e1dc9affe7874c3c188a"},"potentialAction":[{"@type":"SearchAction","target":{"@type":"EntryPoint","urlTemplate":"https:\/\/astrologie-fuer-dich.de\/?s={search_term_string}"},"query-input":{"@type":"PropertyValueSpecification","valueRequired":true,"valueName":"search_term_string"}}],"inLanguage":"ru-RU"},{"@type":["Person","Organization"],"@id":"https:\/\/astrologie-fuer-dich.de\/#\/schema\/person\/ee3d285f83f0e1dc9affe7874c3c188a","name":"Misha Melnyk","image":{"@type":"ImageObject","inLanguage":"ru-RU","@id":"https:\/\/astrologie-fuer-dich.de\/#\/schema\/person\/image\/","url":"https:\/\/astrologie-fuer-dich.de\/wp-content\/uploads\/2023\/03\/cropped-Logo.png","contentUrl":"https:\/\/astrologie-fuer-dich.de\/wp-content\/uploads\/2023\/03\/cropped-Logo.png","width":512,"height":512,"caption":"Misha Melnyk"},"logo":{"@id":"https:\/\/astrologie-fuer-dich.de\/#\/schema\/person\/image\/"},"sameAs":["http:\/\/www.astrologie-fuer-dich.de"]}]}},"_links":{"self":[{"href":"https:\/\/astrologie-fuer-dich.de\/ru\/wp-json\/wp\/v2\/pages\/2337","targetHints":{"allow":["GET"]}}],"collection":[{"href":"https:\/\/astrologie-fuer-dich.de\/ru\/wp-json\/wp\/v2\/pages"}],"about":[{"href":"https:\/\/astrologie-fuer-dich.de\/ru\/wp-json\/wp\/v2\/types\/page"}],"author":[{"embeddable":true,"href":"https:\/\/astrologie-fuer-dich.de\/ru\/wp-json\/wp\/v2\/users\/3"}],"replies":[{"embeddable":true,"href":"https:\/\/astrologie-fuer-dich.de\/ru\/wp-json\/wp\/v2\/comments?post=2337"}],"version-history":[{"count":5,"href":"https:\/\/astrologie-fuer-dich.de\/ru\/wp-json\/wp\/v2\/pages\/2337\/revisions"}],"predecessor-version":[{"id":7521,"href":"https:\/\/astrologie-fuer-dich.de\/ru\/wp-json\/wp\/v2\/pages\/2337\/revisions\/7521"}],"wp:attachment":[{"href":"https:\/\/astrologie-fuer-dich.de\/ru\/wp-json\/wp\/v2\/media?parent=2337"}],"curies":[{"name":"wp","href":"https:\/\/api.w.org\/{rel}","templated":true}]}}