{"id":2335,"date":"2019-08-12T16:07:51","date_gmt":"2019-08-12T16:07:51","guid":{"rendered":"http:\/\/astrologie-fuer-dich.de\/was"},"modified":"2024-09-06T12:52:59","modified_gmt":"2024-09-06T10:52:59","slug":"was","status":"publish","type":"page","link":"https:\/\/astrologie-fuer-dich.de\/ru\/was\/","title":{"rendered":"\u0427\u0442\u043e&#8230;"},"content":{"rendered":"<p>[et_pb_section fb_built=&#187;1&#8243; _builder_version=&#187;4.27.0&#8243; _module_preset=&#187;default&#187; custom_padding=&#187;0px||2px|||&#187; global_colors_info=&#187;{}&#187;][et_pb_row _builder_version=&#187;4.27.0&#8243; max_width_tablet=&#187;&#187; max_width_phone=&#187;&#187; max_width_last_edited=&#187;on|desktop&#187; global_colors_info=&#187;{}&#187;][et_pb_column type=&#187;4_4&#8243; _builder_version=&#187;4.16&#8243; global_colors_info=&#187;{}&#187;][et_pb_text _builder_version=&#187;4.27.0&#8243; text_font=&#187;Cairo|700|||||||&#187; text_text_color=&#187;#ffffff&#187; header_font=&#187;|600|||||||&#187; header_text_color=&#187;#ffffff&#187; header_font_size=&#187;80px&#187; header_line_height=&#187;1.1em&#187; header_3_text_color=&#187;#ffffff&#187; header_3_font_size=&#187;40px&#187; width_tablet=&#187;&#187; width_phone=&#187;&#187; width_last_edited=&#187;on|phone&#187; height_tablet=&#187;&#187; height_phone=&#187;&#187; height_last_edited=&#187;on|desktop&#187; custom_margin=&#187;-10px|||||&#187; custom_padding=&#187;100px||100px||false|false&#187; custom_padding_tablet=&#187;16px||40px||false|false&#187; custom_padding_phone=&#187;28px||17px||false|false&#187; custom_padding_last_edited=&#187;on|phone&#187; text_font_tablet=&#187;Cairo|700|||||||&#187; text_font_phone=&#187;Cairo|700|||||||&#187; text_font_last_edited=&#187;on|phone&#187; header_font_size_tablet=&#187;71px&#187; header_font_size_phone=&#187;49px&#187; header_font_size_last_edited=&#187;on|tablet&#187; header_3_text_color_tablet=&#187;&#187; header_3_text_color_phone=&#187;&#187; header_3_text_color_last_edited=&#187;on|phone&#187; header_3_font_size_tablet=&#187;&#187; header_3_font_size_phone=&#187;16px&#187; header_3_font_size_last_edited=&#187;on|desktop&#187; header_3_letter_spacing_tablet=&#187;&#187; header_3_letter_spacing_phone=&#187;&#187; header_3_letter_spacing_last_edited=&#187;on|desktop&#187; header_text_shadow_style=&#187;preset2&#8243; header_3_text_shadow_style=&#187;preset2&#8243; global_colors_info=&#187;{}&#187;]<\/p>\n<h1 style=\"text-align: center;\"><span style=\"color: #ffcc00;\">\u0427\u0442\u043e&#8230;<\/span><\/h1>\n<p>[\/et_pb_text][\/et_pb_column][\/et_pb_row][\/et_pb_section][et_pb_section fb_built=&#187;1&#8243; _builder_version=&#187;4.20.2&#8243; background_image=&#187;https:\/\/astrologie-fuer-dich.de\/wp-content\/uploads\/2019\/06\/Astrologie-fuer-dich_Melnyk1.jpg&#187; width_tablet=&#187;&#187; width_phone=&#187;&#187; width_last_edited=&#187;on|desktop&#187; min_height=&#187;800px&#187; min_height_tablet=&#187;&#187; min_height_phone=&#187;500px&#187; min_height_last_edited=&#187;on|phone&#187; height=&#187;500px&#187; max_height=&#187;500px&#187; global_colors_info=&#187;{}&#187;][\/et_pb_section][et_pb_section fb_built=&#187;1&#8243; admin_label=&#187;Sektion&#187; _builder_version=&#187;4.20.2&#8243; _module_preset=&#187;default&#187; global_colors_info=&#187;{}&#187;][et_pb_row _builder_version=&#187;4.20.2&#8243; _module_preset=&#187;default&#187; custom_margin_tablet=&#187;&#187; custom_margin_phone=&#187;&#187; custom_margin_last_edited=&#187;on|desktop&#187; global_colors_info=&#187;{}&#187;][et_pb_column type=&#187;4_4&#8243; admin_label=&#187;\u0420\u0430\u0441\u043a\u043e\u043b\u043e\u0442\u044c&#187; _builder_version=&#187;4.20.2&#8243; _module_preset=&#187;default&#187; global_colors_info=&#187;{}&#187;][et_pb_text content_tablet=&#187;<\/p>\n<h1>\u041f\u0440\u0435\u0434\u043b\u0430\u0433\u0430\u0435\u043c\u044b\u0435 \u0443\u0441\u043b\u0443\u0433\u0438<\/h1>\n<ul>\n<li> 00,00 &#8212; \u0412\u0432\u043e\u0434\u043d\u0430\u044f \u0431\u0435\u0441\u0435\u0434\u0430 <\/li>\n<li>185,00 &#8212; \u0410\u043d\u0430\u043b\u0438\u0437 \u0438 \u0438\u043d\u0442\u0435\u0440\u043f\u0440\u0435\u0442\u0430\u0446\u0438\u044f \u0430\u0441\u0442\u0440\u0430\u043b\u044c\u043d\u043e\u0439 \u043a\u0430\u0440\u0442\u044b (\u043f\u0435\u0440\u0441\u043e\u043d\u0430\u043b\u044c\u043d\u044b\u0439 \u0433\u043e\u0440\u043e\u0441\u043a\u043e\u043f), 90\u043c\u0438\u043d<\/li>\n<li>185,00 &#8212; \u0410\u043d\u0430\u043b\u0438\u0437 \u0438 \u0438\u043d\u0442\u0435\u0440\u043f\u0440\u0435\u0442\u0430\u0446\u0438\u044f \u0430\u0441\u0442\u0440\u0430\u043b\u044c\u043d\u043e\u0439 \u043a\u0430\u0440\u0442\u044b \u0434\u043b\u044f \u0434\u0435\u0442\u0435\u0439 \u0438 \u043f\u043e\u0434\u0440\u043e\u0441\u0442\u043a\u043e\u0432, 90\u043c\u0438\u043d<\/li>\n<li>125,00 &#8212; Astrologische Prognose f\u00fcr das kommende Jahr oder f\u00fcr die n\u00e4chsten 12 Monate, 60 min<\/li>\n<li>125,00 &#8212; \u0410\u043d\u0430\u043b\u0438\u0437 \u0438 \u0438\u043d\u0442\u0435\u0440\u043f\u0440\u0435\u0442\u0430\u0446\u0438\u044f \u0430\u0441\u0442\u0440\u0430\u043b\u044c\u043d\u043e\u0439 \u043a\u0430\u0440\u0442\u044b \u0434\u043b\u044f \u043a\u043e\u043d\u043a\u0440\u0435\u0442\u043d\u043e\u0433\u043e \u0441\u043e\u0431\u044b\u0442\u0438\u044f \u0438\u043b\u0438 \u043e\u043f\u0440\u0435\u0434\u0435\u043b\u0451\u043d\u043d\u043e\u0433\u043e \u044d\u0442\u0430\u043f\u0430 \u0436\u0438\u0437\u043d\u0438 (\u043f\u0440\u043e\u0448\u043b\u043e\u0435 \u0438\u043b\u0438 \u0431\u0443\u0434\u0443\u0449\u0435\u0435), 60\u043c\u0438\u043d<\/li>\n<li>185,00 &#8212; \u0410\u043d\u0430\u043b\u0438\u0437 \u0438 \u0438\u043d\u0442\u0435\u0440\u043f\u0440\u0435\u0442\u0430\u0446\u0438\u044f \u0430\u0441\u0442\u0440\u0430\u043b\u044c\u043d\u043e\u0439 \u043a\u0430\u0440\u0442\u044b \u0434\u043b\u044f \u0440\u0430\u0431\u043e\u0442\u044b, \u0437\u0434\u043e\u0440\u043e\u0432\u044c\u044f, \u043b\u044e\u0431\u0432\u0438, \u0434\u043e\u043c\u0430, \u0441\u0435\u043c\u044c\u0438, \u0434\u0443\u0445\u043e\u0432\u043d\u043e\u0441\u0442\u0438, \u043a\u0430\u0440\u043c\u044b&#8230;, 90\u043c\u0438\u043d<\/li>\n<li> 95,00 &#8212; \u0410\u0441\u0442\u0440\u043e\u043b\u043e\u0433\u0438\u0447\u0435\u0441\u043a\u0430\u044f \u0431\u0435\u0441\u0435\u0434\u0430, 60\u043c\u0438\u043d<\/li>\n<li>\u0421\u0435\u043c\u0438\u043d\u0430\u0440\u044b<\/li>\n<\/ul>\n<p><strong><\/strong><\/p>\n<p><strong>\u0414\u043b\u044f \u0441\u043e\u0437\u0434\u0430\u043d\u0438\u044f \u0430\u0441\u0442\u0440\u0430\u043b\u044c\u043d\u043e\u0439 \u043d\u0430\u0442\u0430\u043b\u044c\u043d\u043e\u0439 \u043a\u0430\u0440\u0442\u044b (\u0433\u043e\u0440\u043e\u0441\u043a\u043e\u043f\u0430) \u043d\u0443\u0436\u043d\u0430 \u0434\u0430\u0442\u0430 \u0440\u043e\u0436\u0434\u0435\u043d\u0438\u044f, \u043c\u0435\u0441\u0442\u043e \u0438 \u0432\u0440\u0435\u043c\u044f.<\/strong><\/p>\n<p><strong>\u041a\u0430\u0436\u0434\u0430\u044f \u0434\u0438\u0430\u0433\u0440\u0430\u043c\u043c\u0430 \u0430\u0441\u0442\u0440\u0430\u043b\u044c\u043d\u043e\u0439 \u043d\u0430\u0442\u0430\u043b\u044c\u043d\u043e\u0439 \u043a\u0430\u0440\u0442\u044b(\u0433\u043e\u0440\u043e\u0441\u043a\u043e\u043f\u0430) \u0440\u0430\u0441\u0441\u0447\u0438\u0442\u044b\u0432\u0430\u0435\u0442\u0441\u044f \u0438 \u0438\u043d\u0442\u0435\u0440\u043f\u0440\u0435\u0442\u0438\u0440\u0443\u0435\u0442\u0441\u044f \u0442\u043e\u043b\u044c\u043a\u043e \u0441 \u0441\u043e\u0433\u043b\u0430\u0441\u0438\u044f \u0437\u0430\u0438\u043d\u0442\u0435\u0440\u0435\u0441\u043e\u0432\u0430\u043d\u043d\u043e\u0439 \u0441\u0442\u043e\u0440\u043e\u043d\u044b.<\/strong><\/p>\n<p>&#187; content_phone=&#187;<\/p>\n<h1 style=%22text-align: left;%22>\u041f\u0440\u0435\u0434\u043b\u0430\u0433\u0430\u0435\u043c\u044b\u0435 \u0443\u0441\u043b\u0443\u0433\u0438 <\/h1>\n<ul>\n<li> 00,00 &#8212; \u0412\u0432\u043e\u0434\u043d\u0430\u044f \u0431\u0435\u0441\u0435\u0434\u0430 <\/li>\n<li>185,00 &#8212; \u0410\u043d\u0430\u043b\u0438\u0437 \u0438 \u0438\u043d\u0442\u0435\u0440\u043f\u0440\u0435\u0442\u0430\u0446\u0438\u044f \u0430\u0441\u0442\u0440\u0430\u043b\u044c\u043d\u043e\u0439 \u043a\u0430\u0440\u0442\u044b (\u043f\u0435\u0440\u0441\u043e\u043d\u0430\u043b\u044c\u043d\u044b\u0439 \u0433\u043e\u0440\u043e\u0441\u043a\u043e\u043f), 90\u043c\u0438\u043d<\/li>\n<li>185,00 &#8212; \u0410\u043d\u0430\u043b\u0438\u0437 \u0438 \u0438\u043d\u0442\u0435\u0440\u043f\u0440\u0435\u0442\u0430\u0446\u0438\u044f \u0430\u0441\u0442\u0440\u0430\u043b\u044c\u043d\u043e\u0439 \u043a\u0430\u0440\u0442\u044b \u0434\u043b\u044f \u0434\u0435\u0442\u0435\u0439 \u0438 \u043f\u043e\u0434\u0440\u043e\u0441\u0442\u043a\u043e\u0432, 90\u043c\u0438\u043d<\/li>\n<li>125,00 &#8212; \u0410\u0441\u0442\u0440\u043e\u043b\u043e\u0433\u0438\u0447\u0435\u0441\u043a\u0438\u0439 \u043f\u0440\u043e\u0433\u043d\u043e\u0437 \u043d\u0430 \u043f\u0440\u0435\u0434\u0441\u0442\u043e\u044f\u0449\u0438\u0439 \u0433\u043e\u0434 \u0438\u043b\u0438 \u043d\u0430 \u0441\u043b\u0435\u0434\u0443\u044e\u0449\u0438\u0435 12 \u043c\u0435\u0441\u044f\u0446\u0435\u0432, 60\u043c\u0438\u043d<\/li>\n<li>125,00 &#8212; \u0410\u043d\u0430\u043b\u0438\u0437 \u0438 \u0438\u043d\u0442\u0435\u0440\u043f\u0440\u0435\u0442\u0430\u0446\u0438\u044f \u0430\u0441\u0442\u0440\u0430\u043b\u044c\u043d\u043e\u0439 \u043a\u0430\u0440\u0442\u044b \u0434\u043b\u044f \u043a\u043e\u043d\u043a\u0440\u0435\u0442\u043d\u043e\u0433\u043e \u0441\u043e\u0431\u044b\u0442\u0438\u044f \u0438\u043b\u0438 \u043e\u043f\u0440\u0435\u0434\u0435\u043b\u0451\u043d\u043d\u043e\u0433\u043e \u044d\u0442\u0430\u043f\u0430 \u0436\u0438\u0437\u043d\u0438 (\u043f\u0440\u043e\u0448\u043b\u043e\u0435 \u0438\u043b\u0438 \u0431\u0443\u0434\u0443\u0449\u0435\u0435), 60\u043c\u0438\u043d<\/li>\n<li>185,00 &#8212; \u0410\u043d\u0430\u043b\u0438\u0437 \u0438 \u0438\u043d\u0442\u0435\u0440\u043f\u0440\u0435\u0442\u0430\u0446\u0438\u044f \u0430\u0441\u0442\u0440\u0430\u043b\u044c\u043d\u043e\u0439 \u043a\u0430\u0440\u0442\u044b \u0434\u043b\u044f \u0440\u0430\u0431\u043e\u0442\u044b, \u0437\u0434\u043e\u0440\u043e\u0432\u044c\u044f, \u043b\u044e\u0431\u0432\u0438, \u0434\u043e\u043c\u0430, \u0441\u0435\u043c\u044c\u0438, \u0434\u0443\u0445\u043e\u0432\u043d\u043e\u0441\u0442\u0438, \u043a\u0430\u0440\u043c\u044b&#8230;, 90\u043c\u0438\u043d<\/li>\n<li> 95,00 &#8212; \u0410\u0441\u0442\u0440\u043e\u043b\u043e\u0433\u0438\u0447\u0435\u0441\u043a\u0430\u044f \u0431\u0435\u0441\u0435\u0434\u0430, 60\u043c\u0438\u043d<\/li>\n<li>\u0421\u0435\u043c\u0438\u043d\u0430\u0440\u044b<\/li>\n<\/ul>\n<p><strong><\/strong><\/p>\n<p><strong>\u0414\u043b\u044f \u0441\u043e\u0437\u0434\u0430\u043d\u0438\u044f \u0430\u0441\u0442\u0440\u0430\u043b\u044c\u043d\u043e\u0439 \u043d\u0430\u0442\u0430\u043b\u044c\u043d\u043e\u0439 \u043a\u0430\u0440\u0442\u044b (\u0433\u043e\u0440\u043e\u0441\u043a\u043e\u043f\u0430) \u043d\u0443\u0436\u043d\u0430 \u0434\u0430\u0442\u0430 \u0440\u043e\u0436\u0434\u0435\u043d\u0438\u044f, \u043c\u0435\u0441\u0442\u043e \u0438 \u0432\u0440\u0435\u043c\u044f.<\/strong><\/p>\n<p><strong>\u041a\u0430\u0436\u0434\u0430\u044f \u0434\u0438\u0430\u0433\u0440\u0430\u043c\u043c\u0430 \u0430\u0441\u0442\u0440\u0430\u043b\u044c\u043d\u043e\u0439 \u043d\u0430\u0442\u0430\u043b\u044c\u043d\u043e\u0439 \u043a\u0430\u0440\u0442\u044b(\u0433\u043e\u0440\u043e\u0441\u043a\u043e\u043f\u0430) \u0440\u0430\u0441\u0441\u0447\u0438\u0442\u044b\u0432\u0430\u0435\u0442\u0441\u044f \u0438 \u0438\u043d\u0442\u0435\u0440\u043f\u0440\u0435\u0442\u0438\u0440\u0443\u0435\u0442\u0441\u044f \u0442\u043e\u043b\u044c\u043a\u043e \u0441 \u0441\u043e\u0433\u043b\u0430\u0441\u0438\u044f \u0437\u0430\u0438\u043d\u0442\u0435\u0440\u0435\u0441\u043e\u0432\u0430\u043d\u043d\u043e\u0439 \u0441\u0442\u043e\u0440\u043e\u043d\u044b.<\/strong><\/p>\n<p>&#187; content_last_edited=&#187;on|phone&#187; _builder_version=&#187;4.20.4&#8243; _module_preset=&#187;20db7456-83c7-4985-86b1-e4ac535b54bf&#187; text_orientation=&#187;left&#187; min_height=&#187;425px&#187; min_height_tablet=&#187;425px&#187; min_height_phone=&#187;766px&#187; min_height_last_edited=&#187;on|phone&#187; custom_margin=&#187;50px||1px||false|false&#187; custom_margin_tablet=&#187;-20px||||false|false&#187; custom_margin_phone=&#187;20px||||false|false&#187; custom_margin_last_edited=&#187;on|phone&#187; global_colors_info=&#187;{}&#187; custom_padding__hover_enabled=&#187;on|desktop&#187;]<\/p>\n<h1>\u041f\u0440\u0435\u0434\u043b\u0430\u0433\u0430\u0435\u043c\u044b\u0435 \u0443\u0441\u043b\u0443\u0433\u0438<\/h1>\n<ul>\n<li> 00,00 &#8212; \u0412\u0432\u043e\u0434\u043d\u0430\u044f \u0431\u0435\u0441\u0435\u0434\u0430<\/li>\n<li>185,00 &#8212; \u0410\u043d\u0430\u043b\u0438\u0437 \u0438 \u0438\u043d\u0442\u0435\u0440\u043f\u0440\u0435\u0442\u0430\u0446\u0438\u044f \u0430\u0441\u0442\u0440\u0430\u043b\u044c\u043d\u043e\u0439 \u043a\u0430\u0440\u0442\u044b (\u043f\u0435\u0440\u0441\u043e\u043d\u0430\u043b\u044c\u043d\u044b\u0439 \u0433\u043e\u0440\u043e\u0441\u043a\u043e\u043f), 90\u043c\u0438\u043d<\/li>\n<li>185,00 &#8212; \u0410\u043d\u0430\u043b\u0438\u0437 \u0438 \u0438\u043d\u0442\u0435\u0440\u043f\u0440\u0435\u0442\u0430\u0446\u0438\u044f \u0430\u0441\u0442\u0440\u0430\u043b\u044c\u043d\u043e\u0439 \u043a\u0430\u0440\u0442\u044b \u0434\u043b\u044f \u0434\u0435\u0442\u0435\u0439 \u0438 \u043f\u043e\u0434\u0440\u043e\u0441\u0442\u043a\u043e\u0432, 90\u043c\u0438\u043d<\/li>\n<li>125,00 &#8212; \u0410\u0441\u0442\u0440\u043e\u043b\u043e\u0433\u0438\u0447\u0435\u0441\u043a\u0438\u0439 \u043f\u0440\u043e\u0433\u043d\u043e\u0437 \u043d\u0430 \u043f\u0440\u0435\u0434\u0441\u0442\u043e\u044f\u0449\u0438\u0439 \u0433\u043e\u0434 \u0438\u043b\u0438 \u043d\u0430 \u0441\u043b\u0435\u0434\u0443\u044e\u0449\u0438\u0435 12 \u043c\u0435\u0441\u044f\u0446\u0435\u0432, 60\u043c\u0438\u043d<\/li>\n<li>125,00 &#8212; \u0410\u043d\u0430\u043b\u0438\u0437 \u0438 \u0438\u043d\u0442\u0435\u0440\u043f\u0440\u0435\u0442\u0430\u0446\u0438\u044f \u0430\u0441\u0442\u0440\u0430\u043b\u044c\u043d\u043e\u0439 \u043a\u0430\u0440\u0442\u044b \u0434\u043b\u044f \u043a\u043e\u043d\u043a\u0440\u0435\u0442\u043d\u043e\u0433\u043e \u0441\u043e\u0431\u044b\u0442\u0438\u044f \u0438\u043b\u0438 \u043e\u043f\u0440\u0435\u0434\u0435\u043b\u0451\u043d\u043d\u043e\u0433\u043e \u044d\u0442\u0430\u043f\u0430 \u0436\u0438\u0437\u043d\u0438 (\u043f\u0440\u043e\u0448\u043b\u043e\u0435 \u0438\u043b\u0438 \u0431\u0443\u0434\u0443\u0449\u0435\u0435), 60\u043c\u0438\u043d<\/li>\n<li>185,00 &#8212; \u0410\u043d\u0430\u043b\u0438\u0437 \u0438 \u0438\u043d\u0442\u0435\u0440\u043f\u0440\u0435\u0442\u0430\u0446\u0438\u044f \u0430\u0441\u0442\u0440\u0430\u043b\u044c\u043d\u043e\u0439 \u043a\u0430\u0440\u0442\u044b \u0434\u043b\u044f \u0440\u0430\u0431\u043e\u0442\u044b, \u0437\u0434\u043e\u0440\u043e\u0432\u044c\u044f, \u043b\u044e\u0431\u0432\u0438, \u0434\u043e\u043c\u0430, \u0441\u0435\u043c\u044c\u0438, \u0434\u0443\u0445\u043e\u0432\u043d\u043e\u0441\u0442\u0438, \u043a\u0430\u0440\u043c\u044b&#8230;, 90\u043c\u0438\u043d<\/li>\n<li> 95,00 &#8212; \u0410\u0441\u0442\u0440\u043e\u043b\u043e\u0433\u0438\u0447\u0435\u0441\u043a\u0430\u044f \u0431\u0435\u0441\u0435\u0434\u0430, 60\u043c\u0438\u043d<\/li>\n<li> \u0421\u0435\u043c\u0438\u043d\u0430\u0440\u044b<\/li>\n<\/ul>\n<p><strong>\u0414\u043b\u044f \u0441\u043e\u0437\u0434\u0430\u043d\u0438\u044f \u0430\u0441\u0442\u0440\u0430\u043b\u044c\u043d\u043e\u0439 \u043d\u0430\u0442\u0430\u043b\u044c\u043d\u043e\u0439 \u043a\u0430\u0440\u0442\u044b (\u0433\u043e\u0440\u043e\u0441\u043a\u043e\u043f\u0430) \u043d\u0443\u0436\u043d\u0430 \u0434\u0430\u0442\u0430 \u0440\u043e\u0436\u0434\u0435\u043d\u0438\u044f, \u043c\u0435\u0441\u0442\u043e \u0438 \u0432\u0440\u0435\u043c\u044f.<\/strong><\/p>\n<p><strong>\u041a\u0430\u0436\u0434\u0430\u044f \u0434\u0438\u0430\u0433\u0440\u0430\u043c\u043c\u0430 \u0430\u0441\u0442\u0440\u0430\u043b\u044c\u043d\u043e\u0439 \u043d\u0430\u0442\u0430\u043b\u044c\u043d\u043e\u0439 \u043a\u0430\u0440\u0442\u044b(\u0433\u043e\u0440\u043e\u0441\u043a\u043e\u043f\u0430) \u0440\u0430\u0441\u0441\u0447\u0438\u0442\u044b\u0432\u0430\u0435\u0442\u0441\u044f \u0438 \u0438\u043d\u0442\u0435\u0440\u043f\u0440\u0435\u0442\u0438\u0440\u0443\u0435\u0442\u0441\u044f \u0442\u043e\u043b\u044c\u043a\u043e \u0441 \u0441\u043e\u0433\u043b\u0430\u0441\u0438\u044f \u0437\u0430\u0438\u043d\u0442\u0435\u0440\u0435\u0441\u043e\u0432\u0430\u043d\u043d\u043e\u0439 \u0441\u0442\u043e\u0440\u043e\u043d\u044b.<\/strong><\/p>\n<p>[\/et_pb_text][\/et_pb_column][\/et_pb_row][\/et_pb_section][et_pb_section fb_built=&#187;1&#8243; fullwidth=&#187;on&#187; custom_padding_last_edited=&#187;on|desktop&#187; _builder_version=&#187;4.20.2&#8243; background_image=&#187;https:\/\/astrologie-fuer-dich.de\/wp-content\/uploads\/2019\/09\/Was_Misha_Melnyk_1-1.jpg&#187; min_height=&#187;819px&#187; min_height_tablet=&#187;auto&#187; min_height_phone=&#187;&#187; min_height_last_edited=&#187;on|tablet&#187; height=&#187;800px&#187; height_tablet=&#187;800px&#187; height_phone=&#187;500px&#187; height_last_edited=&#187;on|desktop&#187; max_height=&#187;800px&#187; max_height_tablet=&#187;800px&#187; max_height_phone=&#187;500px&#187; max_height_last_edited=&#187;on|desktop&#187; custom_margin=&#187;||||false|false&#187; custom_margin_tablet=&#187;&#187; custom_margin_phone=&#187;&#187; custom_margin_last_edited=&#187;on|phone&#187; custom_padding=&#187;||0px||false|false&#187; custom_padding_tablet=&#187;&#187; custom_padding_phone=&#187;&#187; background_last_edited=&#187;on|phone&#187; background_position_phone=&#187;bottom_left&#187; global_colors_info=&#187;{}&#187;][\/et_pb_section]<\/p>\n","protected":false},"excerpt":{"rendered":"<p>\u0427\u0442\u043e&#8230;\u041f\u0440\u0435\u0434\u043b\u0430\u0433\u0430\u0435\u043c\u044b\u0435 \u0443\u0441\u043b\u0443\u0433\u0438 00,00 &#8212; \u0412\u0432\u043e\u0434\u043d\u0430\u044f \u0431\u0435\u0441\u0435\u0434\u0430 185,00 &#8212; \u0410\u043d\u0430\u043b\u0438\u0437 \u0438 \u0438\u043d\u0442\u0435\u0440\u043f\u0440\u0435\u0442\u0430\u0446\u0438\u044f \u0430\u0441\u0442\u0440\u0430\u043b\u044c\u043d\u043e\u0439 \u043a\u0430\u0440\u0442\u044b (\u043f\u0435\u0440\u0441\u043e\u043d\u0430\u043b\u044c\u043d\u044b\u0439 \u0433\u043e\u0440\u043e\u0441\u043a\u043e\u043f), 90\u043c\u0438\u043d 185,00 &#8212; \u0410\u043d\u0430\u043b\u0438\u0437 \u0438 \u0438\u043d\u0442\u0435\u0440\u043f\u0440\u0435\u0442\u0430\u0446\u0438\u044f \u0430\u0441\u0442\u0440\u0430\u043b\u044c\u043d\u043e\u0439 \u043a\u0430\u0440\u0442\u044b \u0434\u043b\u044f \u0434\u0435\u0442\u0435\u0439 \u0438 \u043f\u043e\u0434\u0440\u043e\u0441\u0442\u043a\u043e\u0432, 90\u043c\u0438\u043d 125,00 &#8212; \u0410\u0441\u0442\u0440\u043e\u043b\u043e\u0433\u0438\u0447\u0435\u0441\u043a\u0438\u0439 \u043f\u0440\u043e\u0433\u043d\u043e\u0437 \u043d\u0430 \u043f\u0440\u0435\u0434\u0441\u0442\u043e\u044f\u0449\u0438\u0439 \u0433\u043e\u0434 \u0438\u043b\u0438 \u043d\u0430 \u0441\u043b\u0435\u0434\u0443\u044e\u0449\u0438\u0435 12 \u043c\u0435\u0441\u044f\u0446\u0435\u0432, 60\u043c\u0438\u043d 125,00 &#8212; \u0410\u043d\u0430\u043b\u0438\u0437 \u0438 \u0438\u043d\u0442\u0435\u0440\u043f\u0440\u0435\u0442\u0430\u0446\u0438\u044f \u0430\u0441\u0442\u0440\u0430\u043b\u044c\u043d\u043e\u0439 \u043a\u0430\u0440\u0442\u044b \u0434\u043b\u044f \u043a\u043e\u043d\u043a\u0440\u0435\u0442\u043d\u043e\u0433\u043e \u0441\u043e\u0431\u044b\u0442\u0438\u044f \u0438\u043b\u0438 \u043e\u043f\u0440\u0435\u0434\u0435\u043b\u0451\u043d\u043d\u043e\u0433\u043e \u044d\u0442\u0430\u043f\u0430 \u0436\u0438\u0437\u043d\u0438 [&hellip;]<\/p>\n","protected":false},"author":3,"featured_media":0,"parent":0,"menu_order":8,"comment_status":"closed","ping_status":"closed","template":"","meta":{"_et_pb_use_builder":"on","_et_pb_old_content":"","_et_gb_content_width":"","footnotes":""},"class_list":["post-2335","page","type-page","status-publish","hentry"],"yoast_head":"<!-- This site is optimized with the Yoast SEO plugin v27.0 - https:\/\/yoast.com\/product\/yoast-seo-wordpress\/ -->\n<title>\u0427\u0442\u043e... - Psychologische Astrologie f\u00fcr Dich und Deine Lieben<\/title>\n<meta name=\"description\" content=\"\u0414\u043b\u044f \u0441\u043e\u0437\u0434\u0430\u043d\u0438\u044f \u0430\u0441\u0442\u0440\u0430\u043b\u044c\u043d\u043e\u0439 \u043d\u0430\u0442\u0430\u043b\u044c\u043d\u043e\u0439 \u043a\u0430\u0440\u0442\u044b (\u0433\u043e\u0440\u043e\u0441\u043a\u043e\u043f\u0430) \u043d\u0443\u0436\u043d\u0430 \u0434\u0430\u0442\u0430 \u0440\u043e\u0436\u0434\u0435\u043d\u0438\u044f, \u043c\u0435\u0441\u0442\u043e \u0438 \u0432\u0440\u0435\u043c\u044f.\" \/>\n<meta name=\"robots\" content=\"index, follow, max-snippet:-1, max-image-preview:large, max-video-preview:-1\" \/>\n<link rel=\"canonical\" href=\"https:\/\/astrologie-fuer-dich.de\/ru\/was\/\" \/>\n<meta property=\"og:locale\" content=\"ru_RU\" \/>\n<meta property=\"og:type\" content=\"article\" \/>\n<meta property=\"og:title\" content=\"\u0427\u0442\u043e... - Psychologische Astrologie f\u00fcr Dich und Deine Lieben\" \/>\n<meta property=\"og:description\" content=\"\u0414\u043b\u044f \u0441\u043e\u0437\u0434\u0430\u043d\u0438\u044f \u0430\u0441\u0442\u0440\u0430\u043b\u044c\u043d\u043e\u0439 \u043d\u0430\u0442\u0430\u043b\u044c\u043d\u043e\u0439 \u043a\u0430\u0440\u0442\u044b (\u0433\u043e\u0440\u043e\u0441\u043a\u043e\u043f\u0430) \u043d\u0443\u0436\u043d\u0430 \u0434\u0430\u0442\u0430 \u0440\u043e\u0436\u0434\u0435\u043d\u0438\u044f, \u043c\u0435\u0441\u0442\u043e \u0438 \u0432\u0440\u0435\u043c\u044f.\" \/>\n<meta property=\"og:url\" content=\"https:\/\/astrologie-fuer-dich.de\/ru\/was\/\" \/>\n<meta property=\"og:site_name\" content=\"Psychologische Astrologie f\u00fcr Dich und Deine Lieben\" \/>\n<meta property=\"article:modified_time\" content=\"2024-09-06T10:52:59+00:00\" \/>\n<meta name=\"twitter:card\" content=\"summary_large_image\" \/>\n<meta name=\"twitter:label1\" content=\"\u041f\u0440\u0438\u043c\u0435\u0440\u043d\u043e\u0435 \u0432\u0440\u0435\u043c\u044f \u0434\u043b\u044f \u0447\u0442\u0435\u043d\u0438\u044f\" \/>\n\t<meta name=\"twitter:data1\" content=\"3 \u043c\u0438\u043d\u0443\u0442\u044b\" \/>\n<!-- \/ Yoast SEO plugin. -->","yoast_head_json":{"title":"\u0427\u0442\u043e... - Psychologische Astrologie f\u00fcr Dich und Deine Lieben","description":"\u0414\u043b\u044f \u0441\u043e\u0437\u0434\u0430\u043d\u0438\u044f \u0430\u0441\u0442\u0440\u0430\u043b\u044c\u043d\u043e\u0439 \u043d\u0430\u0442\u0430\u043b\u044c\u043d\u043e\u0439 \u043a\u0430\u0440\u0442\u044b (\u0433\u043e\u0440\u043e\u0441\u043a\u043e\u043f\u0430) \u043d\u0443\u0436\u043d\u0430 \u0434\u0430\u0442\u0430 \u0440\u043e\u0436\u0434\u0435\u043d\u0438\u044f, \u043c\u0435\u0441\u0442\u043e \u0438 \u0432\u0440\u0435\u043c\u044f.","robots":{"index":"index","follow":"follow","max-snippet":"max-snippet:-1","max-image-preview":"max-image-preview:large","max-video-preview":"max-video-preview:-1"},"canonical":"https:\/\/astrologie-fuer-dich.de\/ru\/was\/","og_locale":"ru_RU","og_type":"article","og_title":"\u0427\u0442\u043e... - Psychologische Astrologie f\u00fcr Dich und Deine Lieben","og_description":"\u0414\u043b\u044f \u0441\u043e\u0437\u0434\u0430\u043d\u0438\u044f \u0430\u0441\u0442\u0440\u0430\u043b\u044c\u043d\u043e\u0439 \u043d\u0430\u0442\u0430\u043b\u044c\u043d\u043e\u0439 \u043a\u0430\u0440\u0442\u044b (\u0433\u043e\u0440\u043e\u0441\u043a\u043e\u043f\u0430) \u043d\u0443\u0436\u043d\u0430 \u0434\u0430\u0442\u0430 \u0440\u043e\u0436\u0434\u0435\u043d\u0438\u044f, \u043c\u0435\u0441\u0442\u043e \u0438 \u0432\u0440\u0435\u043c\u044f.","og_url":"https:\/\/astrologie-fuer-dich.de\/ru\/was\/","og_site_name":"Psychologische Astrologie f\u00fcr Dich und Deine Lieben","article_modified_time":"2024-09-06T10:52:59+00:00","twitter_card":"summary_large_image","twitter_misc":{"\u041f\u0440\u0438\u043c\u0435\u0440\u043d\u043e\u0435 \u0432\u0440\u0435\u043c\u044f \u0434\u043b\u044f \u0447\u0442\u0435\u043d\u0438\u044f":"3 \u043c\u0438\u043d\u0443\u0442\u044b"},"schema":{"@context":"https:\/\/schema.org","@graph":[{"@type":"WebPage","@id":"https:\/\/astrologie-fuer-dich.de\/ru\/was\/","url":"https:\/\/astrologie-fuer-dich.de\/ru\/was\/","name":"\u0427\u0442\u043e... - Psychologische Astrologie f\u00fcr Dich und Deine Lieben","isPartOf":{"@id":"https:\/\/astrologie-fuer-dich.de\/#website"},"datePublished":"2019-08-12T16:07:51+00:00","dateModified":"2024-09-06T10:52:59+00:00","description":"\u0414\u043b\u044f \u0441\u043e\u0437\u0434\u0430\u043d\u0438\u044f \u0430\u0441\u0442\u0440\u0430\u043b\u044c\u043d\u043e\u0439 \u043d\u0430\u0442\u0430\u043b\u044c\u043d\u043e\u0439 \u043a\u0430\u0440\u0442\u044b (\u0433\u043e\u0440\u043e\u0441\u043a\u043e\u043f\u0430) \u043d\u0443\u0436\u043d\u0430 \u0434\u0430\u0442\u0430 \u0440\u043e\u0436\u0434\u0435\u043d\u0438\u044f, \u043c\u0435\u0441\u0442\u043e \u0438 \u0432\u0440\u0435\u043c\u044f.","breadcrumb":{"@id":"https:\/\/astrologie-fuer-dich.de\/ru\/was\/#breadcrumb"},"inLanguage":"ru-RU","potentialAction":[{"@type":"ReadAction","target":["https:\/\/astrologie-fuer-dich.de\/ru\/was\/"]}]},{"@type":"BreadcrumbList","@id":"https:\/\/astrologie-fuer-dich.de\/ru\/was\/#breadcrumb","itemListElement":[{"@type":"ListItem","position":1,"name":"Startseite","item":"https:\/\/astrologie-fuer-dich.de\/ru\/"},{"@type":"ListItem","position":2,"name":"\u0427\u0442\u043e&#8230;"}]},{"@type":"WebSite","@id":"https:\/\/astrologie-fuer-dich.de\/#website","url":"https:\/\/astrologie-fuer-dich.de\/","name":"Astrologie pers\u00f6nlich f\u00fcr Dich","description":"Pers\u00f6nlich f\u00fcr Dich und Deine Lieben","publisher":{"@id":"https:\/\/astrologie-fuer-dich.de\/#\/schema\/person\/ee3d285f83f0e1dc9affe7874c3c188a"},"potentialAction":[{"@type":"SearchAction","target":{"@type":"EntryPoint","urlTemplate":"https:\/\/astrologie-fuer-dich.de\/?s={search_term_string}"},"query-input":{"@type":"PropertyValueSpecification","valueRequired":true,"valueName":"search_term_string"}}],"inLanguage":"ru-RU"},{"@type":["Person","Organization"],"@id":"https:\/\/astrologie-fuer-dich.de\/#\/schema\/person\/ee3d285f83f0e1dc9affe7874c3c188a","name":"Misha Melnyk","image":{"@type":"ImageObject","inLanguage":"ru-RU","@id":"https:\/\/astrologie-fuer-dich.de\/#\/schema\/person\/image\/","url":"https:\/\/astrologie-fuer-dich.de\/wp-content\/uploads\/2023\/03\/cropped-Logo.png","contentUrl":"https:\/\/astrologie-fuer-dich.de\/wp-content\/uploads\/2023\/03\/cropped-Logo.png","width":512,"height":512,"caption":"Misha Melnyk"},"logo":{"@id":"https:\/\/astrologie-fuer-dich.de\/#\/schema\/person\/image\/"},"sameAs":["http:\/\/www.astrologie-fuer-dich.de"]}]}},"_links":{"self":[{"href":"https:\/\/astrologie-fuer-dich.de\/ru\/wp-json\/wp\/v2\/pages\/2335","targetHints":{"allow":["GET"]}}],"collection":[{"href":"https:\/\/astrologie-fuer-dich.de\/ru\/wp-json\/wp\/v2\/pages"}],"about":[{"href":"https:\/\/astrologie-fuer-dich.de\/ru\/wp-json\/wp\/v2\/types\/page"}],"author":[{"embeddable":true,"href":"https:\/\/astrologie-fuer-dich.de\/ru\/wp-json\/wp\/v2\/users\/3"}],"replies":[{"embeddable":true,"href":"https:\/\/astrologie-fuer-dich.de\/ru\/wp-json\/wp\/v2\/comments?post=2335"}],"version-history":[{"count":5,"href":"https:\/\/astrologie-fuer-dich.de\/ru\/wp-json\/wp\/v2\/pages\/2335\/revisions"}],"predecessor-version":[{"id":7478,"href":"https:\/\/astrologie-fuer-dich.de\/ru\/wp-json\/wp\/v2\/pages\/2335\/revisions\/7478"}],"wp:attachment":[{"href":"https:\/\/astrologie-fuer-dich.de\/ru\/wp-json\/wp\/v2\/media?parent=2335"}],"curies":[{"name":"wp","href":"https:\/\/api.w.org\/{rel}","templated":true}]}}