{"id":6668,"date":"2023-04-06T12:16:50","date_gmt":"2023-04-06T10:16:50","guid":{"rendered":"https:\/\/astrologie-fuer-dich.de\/astrologia-psicologica"},"modified":"2024-09-05T11:12:44","modified_gmt":"2024-09-05T09:12:44","slug":"astrologia-psicologica","status":"publish","type":"page","link":"https:\/\/astrologie-fuer-dich.de\/es\/astrologia-psicologica\/","title":{"rendered":"ASTROLOG\u00cdA PSICOL\u00d3GICA"},"content":{"rendered":"<p>[et_pb_section fb_built=\u00bb1&#8243; theme_builder_area=\u00bbpost_content\u00bb _builder_version=\u00bb4.27.0&#8243; _module_preset=\u00bbdefault\u00bb][et_pb_row _builder_version=\u00bb4.27.0&#8243; _module_preset=\u00bbdefault\u00bb theme_builder_area=\u00bbpost_content\u00bb][et_pb_column _builder_version=\u00bb4.27.0&#8243; _module_preset=\u00bbdefault\u00bb type=\u00bb4_4&#8243; theme_builder_area=\u00bbpost_content\u00bb][et_pb_text _builder_version=\u00bb4.27.0&#8243; text_font=\u00bbCairo|700|||||||\u00bb text_text_color=\u00bb#ffffff\u00bb header_font=\u00bb|600|||||||\u00bb header_text_color=\u00bb#ffffff\u00bb header_font_size=\u00bb80px\u00bb header_line_height=\u00bb1.1em\u00bb header_3_text_color=\u00bb#ffffff\u00bb header_3_font_size=\u00bb40px\u00bb width_tablet=\u00bb\u00bb width_phone=\u00bb\u00bb width_last_edited=\u00bbon|desktop\u00bb custom_padding=\u00bb100px||100px||false|false\u00bb custom_padding_tablet=\u00bb0px||||false|false\u00bb custom_padding_phone=\u00bb60px||||false|false\u00bb custom_padding_last_edited=\u00bbon|tablet\u00bb hover_enabled=\u00bb0&#8243; text_font_tablet=\u00bbCairo|700|||||||\u00bb text_font_phone=\u00bbCairo|700|||||||\u00bb text_font_last_edited=\u00bbon|phone\u00bb header_font_size_tablet=\u00bb71px\u00bb header_font_size_phone=\u00bb49px\u00bb header_font_size_last_edited=\u00bbon|tablet\u00bb header_3_text_color_tablet=\u00bb\u00bb header_3_text_color_phone=\u00bb\u00bb header_3_text_color_last_edited=\u00bbon|phone\u00bb header_3_font_size_tablet=\u00bb\u00bb header_3_font_size_phone=\u00bb16px\u00bb header_3_font_size_last_edited=\u00bbon|desktop\u00bb header_3_letter_spacing_tablet=\u00bb\u00bb header_3_letter_spacing_phone=\u00bb\u00bb header_3_letter_spacing_last_edited=\u00bbon|desktop\u00bb header_text_shadow_style=\u00bbpreset2&#8243; header_3_text_shadow_style=\u00bbpreset2&#8243; global_colors_info=\u00bb{}\u00bb theme_builder_area=\u00bbpost_content\u00bb sticky_enabled=\u00bb0&#8243; custom_margin=\u00bb||0px||false|false\u00bb custom_margin_last_edited=\u00bbon|desktop\u00bb custom_margin_phone=\u00bb||-60px||false|false\u00bb custom_margin_tablet=\u00bb||-100px||false|false\u00bb]<\/p>\n<h1 style=\"text-align: center;\">\n            <span style=\"color: #ffcc00;\">Astrolog\u00eda psicol\u00f3gica<\/span><br \/>\n          <\/h1>\n<p>[\/et_pb_text][\/et_pb_column][\/et_pb_row][\/et_pb_section][et_pb_section fb_built=\u00bb1&#8243; _builder_version=\u00bb4.27.0&#8243; background_image=\u00bbhttps:\/\/astrologie-fuer-dich.de\/wp-content\/uploads\/2019\/12\/Misha_Melnyk_Mucha-vida-muchas-vidas_Farbe.jpg\u00bb width_tablet=\u00bb\u00bb width_phone=\u00bb\u00bb width_last_edited=\u00bbon|desktop\u00bb min_height=\u00bb800px\u00bb min_height_tablet=\u00bb\u00bb min_height_phone=\u00bb500px\u00bb min_height_last_edited=\u00bbon|phone\u00bb height=\u00bb500px\u00bb max_height=\u00bb500px\u00bb hover_enabled=\u00bb0&#8243; global_colors_info=\u00bb{}\u00bb sticky_enabled=\u00bb0&#8243;][et_pb_row _builder_version=\u00bb4.16&#8243; global_colors_info=\u00bb{}\u00bb][et_pb_column type=\u00bb4_4&#8243; _builder_version=\u00bb4.16&#8243; global_colors_info=\u00bb{}\u00bb][\/et_pb_column][\/et_pb_row][\/et_pb_section][et_pb_section fb_built=\u00bb1&#8243; custom_padding_last_edited=\u00bbon|phone\u00bb _builder_version=\u00bb4.20.2&#8243; width_tablet=\u00bb\u00bb width_phone=\u00bb\u00bb width_last_edited=\u00bbon|phone\u00bb min_height=\u00bb1072px\u00bb custom_margin_tablet=\u00bb\u00bb custom_margin_phone=\u00bb||30px||false|false\u00bb custom_margin_last_edited=\u00bbon|phone\u00bb custom_padding_tablet=\u00bb\u00bb custom_padding_phone=\u00bb\u00bb global_colors_info=\u00bb{}\u00bb][et_pb_row custom_padding_last_edited=\u00bbon|tablet\u00bb _builder_version=\u00bb4.20.2&#8243; min_height=\u00bb762px\u00bb custom_margin=\u00bb||-80px||false|false\u00bb custom_margin_tablet=\u00bb-50px||-20px||false|false\u00bb custom_margin_phone=\u00bb-20px||0px||false|false\u00bb custom_margin_last_edited=\u00bbon|phone\u00bb custom_padding_tablet=\u00bb\u00bb custom_padding_phone=\u00bb\u00bb global_colors_info=\u00bb{}\u00bb custom_padding__hover_enabled=\u00bboff|desktop\u00bb][et_pb_column type=\u00bb4_4&#8243; _builder_version=\u00bb4.16&#8243; custom_padding=\u00bb|||\u00bb global_colors_info=\u00bb{}\u00bb custom_padding__hover=\u00bb|||\u00bb][et_pb_text _builder_version=\u00bb4.20.4&#8243; _module_preset=\u00bb20db7456-83c7-4985-86b1-e4ac535b54bf\u00bb text_text_align=\u00bbjustify\u00bb global_colors_info=\u00bb{%22gcid-8bf01803-d6a1-4681-8dc3-131a453d9ee6%22:%91%22header_2_text_color%22,%22header_4_text_color%22,%22header_text_color%22,%22header_3_text_color%22,%22header_5_text_color%22%93,%22gcid-040ce981-e918-4de5-aa55-11c10dcacf01%22:%91%22text_text_color%22%93}\u00bb]<\/p>\n<h2>Historia de la Astrolog\u00eda<\/h2>\n<p>La nueva historia de la astrolog\u00eda comienza a finales del siglo XIX y principios del XX, cuando intelectuales de todo el mundo redescubrieron su inter\u00e9s por la astrolog\u00eda tradicional despu\u00e9s de haber sido prohibida y rechazada durante muchos a\u00f1os, tratando de encontrar nuevas perspectivas en la vida contempor\u00e1nea Cabe destacar al poeta e intelectual alem\u00e1n, Johann Wolfgang von G\u00f6the, el cual mencionaba la astrolog\u00eda en muchas de sus obras.<\/p>\n<p>Asimismo, en el mundo m\u00e9dico, el trabajo de Ivan Pavlov, Sigmund Freud, Karl Gustav Jung, Roberto Assaglioli y Abraham Maslow en los campos de la psicolog\u00eda y la psiquiatr\u00eda juega un papel importante. Estos estudios dieron lugar en el siglo XX a cuatro grandes corrientes psicol\u00f3gicas: la psicolog\u00eda conductiva, el psicoan\u00e1lisis, la psicolog\u00eda humanista y la psicolog\u00eda transpersonal.<\/p>\n<h2>Ideolog\u00eda y Principios de la Astrolog\u00eda Psicol\u00f3gica<\/h2>\n<p>Un lugar destacado ocupa el trabajo del astr\u00f3logo estadounidense de origen franc\u00e9s Dane Rudhyar. Este, influenciado por los trabajos la filosof\u00eda h\u00f3listica y el estudio de la psicolog\u00eda junginiana public\u00f3 en 1936 su primer libro \u201cAstrolog\u00eda de la personalidad\u201d. En el, Dane Rudhyar lleva la astrolog\u00eda dentro del movimiento humanista, explicando que su objetivo principal es servir de instrumento para el crecimiento personal y espiritual. Su obra, definitivamente, ha dado otra visi\u00f3n a la formulaci\u00f3n de la astrolog\u00eda cl\u00e1sica, ya que ha conseguido adaptar los antiguos conceptos y conocimientos astrol\u00f3gicos a las necesidades de la \u00e9poca moderna. En realidad, fue solo entonces que la ideolog\u00eda y los principios se desarrollaron como astrolog\u00eda psicol\u00f3gica.<\/p>\n<p>Por otro lado, el famoso psic\u00f3logo y psiquiatra suizo Carl Gustav Jung se interes\u00f3 por el significado de la astrolog\u00eda y su lenguaje simb\u00f3lico y la integr\u00f3 a su pr\u00e1ctica profesional como herramienta de apoyo a sus pacientes. \u201cLa astrolog\u00eda tiene asegurado, sin restricciones, el reconocimiento por la parte de la psicolog\u00eda, porque la astrolog\u00eda representa la suma de todo el conocimiento psicol\u00f3gico de la antig\u00fcedad\u201d (Jung, C. (1929) El secreto de la Flor de Oro).<\/p>\n<p>Tanto Rudhyar como Jung son sorprendentes en la interacci\u00f3n de las dos disciplinas (psicolog\u00eda y astrolog\u00eda).  <\/p>\n<p>Informaci\u00f3n basada en los libros: \u00abCurso de Astrolog\u00eda Psicol\u00f3gica. Bases Astrol\u00f3gicas\u00bb y \u00abCurso de Astrolog\u00eda Psicol\u00f3gica. Interpretaci\u00f3n Avanzada y Asesoramiento Astrol\u00f3gico\u00bb. Jos\u00e9 Royo (2010).<\/p>\n<h2>El autoconocimiento<\/h2>\n<p>La astrologia psicologica esta principalmente enfocada al autoconocimiento. Su objetivo primordial es adentrarse en nuestro mundo interior para as\u00ed poder descubrirnos y entendernos a nosotros mismos. S\u00f3lo desde este conocimiento podremos encontrar el entendimiento de las situaciones, personas y mundo exterior que nos rodea. \u00bfQuieres emprender un viaje de autoconocimiento? \u00bfTe has preguntado alguna vez de d\u00f3nde procede tu agresividad?, \u00bfno entiendes porqu\u00e9 es tan complicado entender a tu madre\/ marido?, \u00bfte gustar\u00eda saber porqu\u00e9 no te sientes realizado en tu trabajo? La astrolog\u00eda psicol\u00f3gica puede ayudarte a dar respuesta a estas preguntas y a muchas m\u00e1s.<\/p>\n<p>Vivimos dentro de una amistad, una familia, un pueblo, una ciudad o un pa\u00eds. Queremos tener \u00e9xito en la vida, disfrutarla y entenderla. Es obvia la necesidad de llevarse bien con los dem\u00e1s como dentro de una amistad, una familia, o etc\u2026 . Para esto necesitamos entendimiento y comunicaci\u00f3n.<\/p>\n<p>Si te comprendes a ti mismo entonces tienes muchas posibilidades de entender a los dem\u00e1s y desde all\u00ed disfrutar y gozar juntos en el camino del aprendizaje y crecimiento personal.<\/p>\n<p>[\/et_pb_text][\/et_pb_column][\/et_pb_row][\/et_pb_section][et_pb_section fb_built=\u00bb1&#8243; custom_padding_last_edited=\u00bbon|desktop\u00bb _builder_version=\u00bb4.20.2&#8243; background_image=\u00bbhttps:\/\/astrologie-fuer-dich.de\/wp-content\/uploads\/2019\/09\/Misha827-copia.jpg\u00bb min_height=\u00bb800px\u00bb min_height_tablet=\u00bb800px\u00bb min_height_phone=\u00bb500px\u00bb min_height_last_edited=\u00bbon|phone\u00bb height=\u00bb800px\u00bb height_tablet=\u00bb800px\u00bb height_phone=\u00bb500px\u00bb height_last_edited=\u00bbon|desktop\u00bb max_height=\u00bb800px\u00bb max_height_tablet=\u00bb800px\u00bb max_height_phone=\u00bb\u00bb max_height_last_edited=\u00bbon|desktop\u00bb custom_margin_tablet=\u00bb\u00bb custom_margin_phone=\u00bb\u00bb custom_margin_last_edited=\u00bbon|phone\u00bb custom_padding_tablet=\u00bb||0px||false|false\u00bb custom_padding_phone=\u00bb\u00bb background_last_edited=\u00bbon|phone\u00bb background_position_phone=\u00bbtop_right\u00bb global_colors_info=\u00bb{}\u00bb][\/et_pb_section]<\/p>\n","protected":false},"excerpt":{"rendered":"<p>Astrolog\u00eda psicol\u00f3gica Historia de la Astrolog\u00eda La nueva historia de la astrolog\u00eda comienza a finales del siglo XIX y principios del XX, cuando intelectuales de todo el mundo redescubrieron su inter\u00e9s por la astrolog\u00eda tradicional despu\u00e9s de haber sido prohibida y rechazada durante muchos a\u00f1os, tratando de encontrar nuevas perspectivas en la vida contempor\u00e1nea Cabe [&hellip;]<\/p>\n","protected":false},"author":3,"featured_media":0,"parent":0,"menu_order":3,"comment_status":"closed","ping_status":"closed","template":"","meta":{"_et_pb_use_builder":"on","_et_pb_old_content":"","_et_gb_content_width":"","footnotes":""},"class_list":["post-6668","page","type-page","status-publish","hentry"],"yoast_head":"<!-- This site is optimized with the Yoast SEO plugin v27.0 - https:\/\/yoast.com\/product\/yoast-seo-wordpress\/ -->\n<title>ASTROLOG\u00cdA PSICOL\u00d3GICA - Psychologische Astrologie f\u00fcr Dich und Deine Lieben<\/title>\n<meta name=\"description\" content=\"La astrologia psicologica esta principalmente enfocada al autoconocimiento. Su objetivo es adentrarse en nuestro mundo interior.\" \/>\n<meta name=\"robots\" content=\"index, follow, max-snippet:-1, max-image-preview:large, max-video-preview:-1\" \/>\n<link rel=\"canonical\" href=\"https:\/\/astrologie-fuer-dich.de\/es\/astrologia-psicologica\/\" \/>\n<meta property=\"og:locale\" content=\"es_ES\" \/>\n<meta property=\"og:type\" content=\"article\" \/>\n<meta property=\"og:title\" content=\"ASTROLOG\u00cdA PSICOL\u00d3GICA - Psychologische Astrologie f\u00fcr Dich und Deine Lieben\" \/>\n<meta property=\"og:description\" content=\"La astrologia psicologica esta principalmente enfocada al autoconocimiento. Su objetivo es adentrarse en nuestro mundo interior.\" \/>\n<meta property=\"og:url\" content=\"https:\/\/astrologie-fuer-dich.de\/es\/astrologia-psicologica\/\" \/>\n<meta property=\"og:site_name\" content=\"Psychologische Astrologie f\u00fcr Dich und Deine Lieben\" \/>\n<meta property=\"article:modified_time\" content=\"2024-09-05T09:12:44+00:00\" \/>\n<meta name=\"twitter:card\" content=\"summary_large_image\" \/>\n<meta name=\"twitter:label1\" content=\"Tiempo de lectura\" \/>\n\t<meta name=\"twitter:data1\" content=\"6 minutos\" \/>\n<!-- \/ Yoast SEO plugin. -->","yoast_head_json":{"title":"ASTROLOG\u00cdA PSICOL\u00d3GICA - Psychologische Astrologie f\u00fcr Dich und Deine Lieben","description":"La astrologia psicologica esta principalmente enfocada al autoconocimiento. Su objetivo es adentrarse en nuestro mundo interior.","robots":{"index":"index","follow":"follow","max-snippet":"max-snippet:-1","max-image-preview":"max-image-preview:large","max-video-preview":"max-video-preview:-1"},"canonical":"https:\/\/astrologie-fuer-dich.de\/es\/astrologia-psicologica\/","og_locale":"es_ES","og_type":"article","og_title":"ASTROLOG\u00cdA PSICOL\u00d3GICA - Psychologische Astrologie f\u00fcr Dich und Deine Lieben","og_description":"La astrologia psicologica esta principalmente enfocada al autoconocimiento. Su objetivo es adentrarse en nuestro mundo interior.","og_url":"https:\/\/astrologie-fuer-dich.de\/es\/astrologia-psicologica\/","og_site_name":"Psychologische Astrologie f\u00fcr Dich und Deine Lieben","article_modified_time":"2024-09-05T09:12:44+00:00","twitter_card":"summary_large_image","twitter_misc":{"Tiempo de lectura":"6 minutos"},"schema":{"@context":"https:\/\/schema.org","@graph":[{"@type":"WebPage","@id":"https:\/\/astrologie-fuer-dich.de\/es\/astrologia-psicologica\/","url":"https:\/\/astrologie-fuer-dich.de\/es\/astrologia-psicologica\/","name":"ASTROLOG\u00cdA PSICOL\u00d3GICA - Psychologische Astrologie f\u00fcr Dich und Deine Lieben","isPartOf":{"@id":"https:\/\/astrologie-fuer-dich.de\/#website"},"datePublished":"2023-04-06T10:16:50+00:00","dateModified":"2024-09-05T09:12:44+00:00","description":"La astrologia psicologica esta principalmente enfocada al autoconocimiento. Su objetivo es adentrarse en nuestro mundo interior.","breadcrumb":{"@id":"https:\/\/astrologie-fuer-dich.de\/es\/astrologia-psicologica\/#breadcrumb"},"inLanguage":"es","potentialAction":[{"@type":"ReadAction","target":["https:\/\/astrologie-fuer-dich.de\/es\/astrologia-psicologica\/"]}]},{"@type":"BreadcrumbList","@id":"https:\/\/astrologie-fuer-dich.de\/es\/astrologia-psicologica\/#breadcrumb","itemListElement":[{"@type":"ListItem","position":1,"name":"Startseite","item":"https:\/\/astrologie-fuer-dich.de\/es\/"},{"@type":"ListItem","position":2,"name":"ASTROLOG\u00cdA PSICOL\u00d3GICA"}]},{"@type":"WebSite","@id":"https:\/\/astrologie-fuer-dich.de\/#website","url":"https:\/\/astrologie-fuer-dich.de\/","name":"Astrologie pers\u00f6nlich f\u00fcr Dich","description":"Pers\u00f6nlich f\u00fcr Dich und Deine Lieben","publisher":{"@id":"https:\/\/astrologie-fuer-dich.de\/#\/schema\/person\/ee3d285f83f0e1dc9affe7874c3c188a"},"potentialAction":[{"@type":"SearchAction","target":{"@type":"EntryPoint","urlTemplate":"https:\/\/astrologie-fuer-dich.de\/?s={search_term_string}"},"query-input":{"@type":"PropertyValueSpecification","valueRequired":true,"valueName":"search_term_string"}}],"inLanguage":"es"},{"@type":["Person","Organization"],"@id":"https:\/\/astrologie-fuer-dich.de\/#\/schema\/person\/ee3d285f83f0e1dc9affe7874c3c188a","name":"Misha Melnyk","image":{"@type":"ImageObject","inLanguage":"es","@id":"https:\/\/astrologie-fuer-dich.de\/#\/schema\/person\/image\/","url":"https:\/\/astrologie-fuer-dich.de\/wp-content\/uploads\/2023\/03\/cropped-Logo.png","contentUrl":"https:\/\/astrologie-fuer-dich.de\/wp-content\/uploads\/2023\/03\/cropped-Logo.png","width":512,"height":512,"caption":"Misha Melnyk"},"logo":{"@id":"https:\/\/astrologie-fuer-dich.de\/#\/schema\/person\/image\/"},"sameAs":["http:\/\/www.astrologie-fuer-dich.de"]}]}},"_links":{"self":[{"href":"https:\/\/astrologie-fuer-dich.de\/es\/wp-json\/wp\/v2\/pages\/6668","targetHints":{"allow":["GET"]}}],"collection":[{"href":"https:\/\/astrologie-fuer-dich.de\/es\/wp-json\/wp\/v2\/pages"}],"about":[{"href":"https:\/\/astrologie-fuer-dich.de\/es\/wp-json\/wp\/v2\/types\/page"}],"author":[{"embeddable":true,"href":"https:\/\/astrologie-fuer-dich.de\/es\/wp-json\/wp\/v2\/users\/3"}],"replies":[{"embeddable":true,"href":"https:\/\/astrologie-fuer-dich.de\/es\/wp-json\/wp\/v2\/comments?post=6668"}],"version-history":[{"count":5,"href":"https:\/\/astrologie-fuer-dich.de\/es\/wp-json\/wp\/v2\/pages\/6668\/revisions"}],"predecessor-version":[{"id":7448,"href":"https:\/\/astrologie-fuer-dich.de\/es\/wp-json\/wp\/v2\/pages\/6668\/revisions\/7448"}],"wp:attachment":[{"href":"https:\/\/astrologie-fuer-dich.de\/es\/wp-json\/wp\/v2\/media?parent=6668"}],"curies":[{"name":"wp","href":"https:\/\/api.w.org\/{rel}","templated":true}]}}