{"id":6113,"date":"2023-03-25T13:01:36","date_gmt":"2023-03-25T12:01:36","guid":{"rendered":"https:\/\/astrologie-fuer-dich.de\/wie-bckp"},"modified":"2024-09-06T13:01:55","modified_gmt":"2024-09-06T11:01:55","slug":"como","status":"publish","type":"page","link":"https:\/\/astrologie-fuer-dich.de\/es\/como\/","title":{"rendered":"C\u00d3MO&#8230;"},"content":{"rendered":"<p>[et_pb_section fb_built=\u00bb1&#8243; theme_builder_area=\u00bbpost_content\u00bb _builder_version=\u00bb4.27.0&#8243; _module_preset=\u00bbdefault\u00bb custom_padding=\u00bb1px||2px|||\u00bb][et_pb_row _builder_version=\u00bb4.27.0&#8243; _module_preset=\u00bbdefault\u00bb theme_builder_area=\u00bbpost_content\u00bb][et_pb_column _builder_version=\u00bb4.27.0&#8243; _module_preset=\u00bbdefault\u00bb type=\u00bb4_4&#8243; theme_builder_area=\u00bbpost_content\u00bb][et_pb_text _builder_version=\u00bb4.20.2&#8243; text_font=\u00bbCairo|700|||||||\u00bb text_text_color=\u00bb#ffffff\u00bb header_font=\u00bb|600|||||||\u00bb header_text_color=\u00bb#ffffff\u00bb header_font_size=\u00bb80px\u00bb header_line_height=\u00bb1.1em\u00bb header_3_text_color=\u00bb#ffffff\u00bb header_3_font_size=\u00bb40px\u00bb width_tablet=\u00bb\u00bb width_phone=\u00bb\u00bb width_last_edited=\u00bbon|phone\u00bb custom_margin=\u00bb99px||||false|false\u00bb custom_margin_tablet=\u00bb-2px||||false|false\u00bb custom_margin_phone=\u00bb23px||||false|false\u00bb custom_margin_last_edited=\u00bbon|phone\u00bb custom_padding=\u00bb3px||70px||false|false\u00bb custom_padding_tablet=\u00bb0px||2px||false|false\u00bb custom_padding_phone=\u00bb11px||24px||false|false\u00bb custom_padding_last_edited=\u00bbon|phone\u00bb text_font_tablet=\u00bbCairo|700|||||||\u00bb text_font_phone=\u00bbCairo|700|||||||\u00bb text_font_last_edited=\u00bbon|phone\u00bb header_font_size_tablet=\u00bb71px\u00bb header_font_size_phone=\u00bb49px\u00bb header_font_size_last_edited=\u00bbon|tablet\u00bb header_3_text_color_tablet=\u00bb\u00bb header_3_text_color_phone=\u00bb\u00bb header_3_text_color_last_edited=\u00bbon|phone\u00bb header_3_font_size_tablet=\u00bb\u00bb header_3_font_size_phone=\u00bb16px\u00bb header_3_font_size_last_edited=\u00bbon|desktop\u00bb header_3_letter_spacing_tablet=\u00bb\u00bb header_3_letter_spacing_phone=\u00bb\u00bb header_3_letter_spacing_last_edited=\u00bbon|desktop\u00bb header_text_shadow_style=\u00bbpreset2&#8243; header_3_text_shadow_style=\u00bbpreset2&#8243; global_colors_info=\u00bb{}\u00bb theme_builder_area=\u00bbpost_content\u00bb]<\/p>\n<h1 style=\"text-align: center;\"><span style=\"color: #ffcc00;\">C\u00d3MO&#8230;<\/span><\/h1>\n<p>[\/et_pb_text][\/et_pb_column][\/et_pb_row][\/et_pb_section][et_pb_section fb_built=\u00bb1&#8243; admin_label=\u00bbKopfbild\u00bb _builder_version=\u00bb4.20.2&#8243; background_image=\u00bbhttps:\/\/astrologie-fuer-dich.de\/wp-content\/uploads\/2019\/09\/IMG-20190826-WA0001.jpg\u00bb width_tablet=\u00bb\u00bb width_phone=\u00bb\u00bb width_last_edited=\u00bbon|desktop\u00bb min_height=\u00bb800px\u00bb min_height_tablet=\u00bb\u00bb min_height_phone=\u00bb500px\u00bb min_height_last_edited=\u00bbon|phone\u00bb height=\u00bb500px\u00bb max_height=\u00bb500px\u00bb global_colors_info=\u00bb{}\u00bb][\/et_pb_section][et_pb_section fb_built=\u00bb1&#8243; admin_label=\u00bbKind\/Erwachsen\u00bb _builder_version=\u00bb4.20.2&#8243; _module_preset=\u00bbdefault\u00bb custom_margin=\u00bb30px||||false|false\u00bb custom_padding=\u00bb||0px|||\u00bb global_colors_info=\u00bb{}\u00bb][et_pb_row _builder_version=\u00bb4.20.2&#8243; _module_preset=\u00bbdefault\u00bb global_colors_info=\u00bb{}\u00bb][et_pb_column type=\u00bb4_4&#8243; _builder_version=\u00bb4.20.2&#8243; _module_preset=\u00bbdefault\u00bb global_colors_info=\u00bb{}\u00bb][et_pb_text _builder_version=\u00bb4.20.2&#8243; _module_preset=\u00bb8ca6dc83-56da-49fd-8b0e-acf42d5ee45a\u00bb text_font=\u00bbCairo||||||||\u00bb custom_margin=\u00bb20px||30px||false|false\u00bb global_colors_info=\u00bb{%22gcid-8bf01803-d6a1-4681-8dc3-131a453d9ee6%22:%91%22header_text_color%22%93,%22gcid-040ce981-e918-4de5-aa55-11c10dcacf01%22:%91%22text_text_color%22%93}\u00bb]<\/p>\n<h1>\u00bfC\u00f3mo procedemos juntos?<\/h1>\n<p>Para crear una carta natal, necesitamos su fecha de nacimiento, lugar de nacimiento y hora de su nacimiento.<\/p>\n<p>[\/et_pb_text][\/et_pb_column][\/et_pb_row][et_pb_row column_structure=\u00bb1_2,1_2&#8243; _builder_version=\u00bb4.20.2&#8243; _module_preset=\u00bbdefault\u00bb custom_margin=\u00bb33px||||false|false\u00bb custom_padding=\u00bb0px||||false|false\u00bb global_colors_info=\u00bb{}\u00bb][et_pb_column type=\u00bb1_2&#8243; admin_label=\u00bbDividir\u00bb _builder_version=\u00bb4.20.2&#8243; _module_preset=\u00bbdefault\u00bb global_colors_info=\u00bb{}\u00bb][et_pb_text _builder_version=\u00bb4.20.4&#8243; _module_preset=\u00bb8ca6dc83-56da-49fd-8b0e-acf42d5ee45a\u00bb custom_padding=\u00bb|6px|||false|false\u00bb global_colors_info=\u00bb{}\u00bb]<\/p>\n<h3>Analyse und Interpretation des Geburtshoroskops<br \/>f\u00fcr Erwachsenen<\/h3>\n<p>Despu\u00e9s de recibir la informaci\u00f3n necesaria para calcular y interpretar la Carta Astral (fecha de nacimiento, lugar y hora), me pondre con el analisis de la misma. Al tener todo preparado se concretar\u00e1 la cita.<\/p>\n<p> Con una duraci\u00f3n de 90 minutos, en la primera consulta se expondr\u00e1 la informaci\u00f3n general sobre los puntos m\u00e1s relevantes. Se recomienda realizar una segunda sesi\u00f3n para profundizar en las sugerencias del interesado.<\/p>\n<p>Analisis de la Carta Astral durara en cada caso diferente. Hay que tener en cuenta que todo estara hecho manual sin utilizar cualquier tipo de programas astrologicas.<\/p>\n<h4>Un ejemplo<\/h4>\n<p>La consulta comenzar\u00e1 aclarando el concepto de \u201castrolog\u00eda psicol\u00f3gica\u201d y c\u00f3mo esta funciona en la pr\u00e1ctica. Dentro de esta introducci\u00f3n miraremos qu\u00e9 es la Carta Astral y cuales son sus componentes. Principalmente hablaremos acerca de tres puntos: el Ascendente, que representa la personalidad; el signo solar, que habla de la energ\u00eda esencial, el potencial interior y la Luna, que representa las emociones. Estudiaremos c\u00f3mo las emociones interact\u00faan con la personalidad y el Yo interior. Una vez que la base interpretativa est\u00e9 asentada, podemos profundizar y ver los siguientes puntos destacados. Lo m\u00e1s interesante es centrarse entonces, en los puntos de tensi\u00f3n de la Carta Astral ya que son energ\u00edas que representan problemas y\/o dificultades. Por ejemplo, ver c\u00f3mo es la comunicaci\u00f3n con el entorno o con la familia, c\u00f3mo nos relacionamos con los hermanos\/as, qu\u00e9 tipo de pareja nos atrae, cuales son los intereses laborales\u2026 las posibilidades son muy amplias. Por \u00faltimo, llegaremos a desarrollar posibles t\u00e1cticas y estrategias de transformaci\u00f3n psicol\u00f3gica, para modificar las energ\u00edas conflictivas en energ\u00edas arm\u00f3nicas.<\/p>\n<p>Se trata de un proceso de investigaci\u00f3n personal donde la participaci\u00f3n del interesado es muy relevante.<\/p>\n<h4>Precio de la consulta<\/h4>\n<p>(90 minutos) 185,00 euros.<\/p>\n<p>[\/et_pb_text][\/et_pb_column][et_pb_column type=\u00bb1_2&#8243; _builder_version=\u00bb4.20.2&#8243; _module_preset=\u00bbdefault\u00bb global_colors_info=\u00bb{}\u00bb][et_pb_text _builder_version=\u00bb4.20.4&#8243; _module_preset=\u00bb8ca6dc83-56da-49fd-8b0e-acf42d5ee45a\u00bb custom_padding=\u00bb||||false|false\u00bb global_colors_info=\u00bb{}\u00bb]<\/p>\n<h3>Analyse und Interpretation des Geburtshoroskops<br \/>von Kindern und Jugendlichen<\/h3>\n<p>El procedimiento es similar a la interpretaci\u00f3n de la Carta Astral para adultos, pero en este caso la consulta est\u00e1 dirigida a aquellos padres que quieren conocer mejor a sus hijos. Se trata de que los progenitores puedan comprender emocional y espiritualmente a los ni\u00f1os para as\u00ed poder guiarlos de la manera m\u00e1s natural.<\/p>\n<h4>Un ejemplo<\/h4>\n<p>Supongamos, por ejemplo, que es un ni\u00f1o agresivo y sus padres no encuentran soluciones. Mediante el estudio de la Carta Astral del ni\u00f1o podemos descubrir de d\u00f3nde procede su violencia, entendiendo como \u00e9l ve el mundo internamente: \u00bfcu\u00e1les son sus miedos e inquietudes?, \u00bfqu\u00e9 dificultades tiene? Dando respuesta a estas preguntas los padres tendr\u00e1n informaci\u00f3n para crear una relaci\u00f3n m\u00e1s arm\u00f3nica. Es importante adem\u00e1s descubrir cuales son sus talentos e intereses para guiarlo hacia aquello que le proporciona bienestar.<\/p>\n<h4>Precio de la consulta<\/h4>\n<p>(90 minutos) 185,00 euros.<\/p>\n<p>[\/et_pb_text][\/et_pb_column][\/et_pb_row][\/et_pb_section][et_pb_section fb_built=\u00bb1&#8243; admin_label=\u00bbArbeit\u00bb _builder_version=\u00bb4.20.2&#8243; _module_preset=\u00bbdefault\u00bb max_width=\u00bb100%\u00bb module_alignment=\u00bbcenter\u00bb custom_margin=\u00bb-126px||0px||false|false\u00bb global_colors_info=\u00bb{}\u00bb][et_pb_row _builder_version=\u00bb4.20.2&#8243; _module_preset=\u00bbdefault\u00bb custom_margin=\u00bb164px||1px||false|false\u00bb global_colors_info=\u00bb{}\u00bb][et_pb_column type=\u00bb4_4&#8243; _builder_version=\u00bb4.20.2&#8243; _module_preset=\u00bbdefault\u00bb global_colors_info=\u00bb{}\u00bb][et_pb_text _builder_version=\u00bb4.20.4&#8243; _module_preset=\u00bb8ca6dc83-56da-49fd-8b0e-acf42d5ee45a\u00bb custom_margin=\u00bb40px||60px||false|false\u00bb global_colors_info=\u00bb{}\u00bb]<\/p>\n<h3>Analisis e interpretaci\u00f3n de la carta astral para el trabajo, la salud, el amor, el hogar, la familia, la espiritualidad, el karma\u2026<\/h3>\n<p>Para poder profundizar en un tema que sea de inter\u00e9s para el cliente, como por ejemplo la familia o la salud, es necesario tener un conocimiento global de los diferentes aspectos de la Carta Astral, por lo tanto el cliente debe haber realizado de antemano una primera consulta astrol\u00f3gica.<\/p>\n<p>Bas\u00e1ndome en la informaci\u00f3n expuesta en la primera consulta, acerca del Ascendente, el Sol y la Luna, me centrar\u00e9 en los aspectos planetarios. Estos se\u00f1alan diferentes aspectos energ\u00e9ticos que est\u00e1n en harmon\u00eda o en tensi\u00f3n. A trav\u00e9s del entendimiento de los mismos se pueden dise\u00f1ar estrategias que ayuden al cliente a transformar la situaci\u00f3n.<\/p>\n<h4>Un ejemplo<\/h4>\n<p>Por ejemplo, supongamos que una madre de familia quiere profundizar acerca de los problemas dentro del seno familiar. En su opini\u00f3n, su marido dedica demasiado tiempo al trabajo, descuidando la relaci\u00f3n con ella y con sus hijos, esta situaci\u00f3n le genera frustraci\u00f3n y descontento. Estudiando su Carta Astral podemos llegar a encontrar las herramientas que esta mujer podr\u00eda utilizar para solucionar el problema.<\/p>\n<p>Otro ejemplo, ser\u00eda el de un cliente que a pesar de tener un buen trabajo, con buenos compa\u00f1eros, jefes, sueldo\u2026 se siente insatisfecho. Esto podr\u00eda deberse a que la rama laboral no se corresponde al potencial que muestra la Carta Astral. Si la persona trabaja en el periodismo pero todas las indicaciones le gu\u00edan al mundo de la gastronom\u00eda o los trabajos sociales, es posible que se sienta vac\u00eda y frustrada, independientemente de que tenga buen sueldo, reconocimiento y \u00e9xito como periodista.<\/p>\n<h4>Precio de la consulta<\/h4>\n<p>(90 minutos) 185,00 euros.<\/p>\n<p>[\/et_pb_text][\/et_pb_column][\/et_pb_row][\/et_pb_section][et_pb_section fb_built=\u00bb1&#8243; _builder_version=\u00bb4.20.2&#8243; _module_preset=\u00bbdefault\u00bb global_colors_info=\u00bb{}\u00bb][et_pb_row column_structure=\u00bb1_2,1_2&#8243; _builder_version=\u00bb4.20.2&#8243; _module_preset=\u00bbdefault\u00bb global_colors_info=\u00bb{}\u00bb][et_pb_column type=\u00bb1_2&#8243; _builder_version=\u00bb4.20.2&#8243; _module_preset=\u00bbdefault\u00bb global_colors_info=\u00bb{}\u00bb][et_pb_text _builder_version=\u00bb4.20.4&#8243; _module_preset=\u00bb8ca6dc83-56da-49fd-8b0e-acf42d5ee45a\u00bb global_colors_info=\u00bb{%22gcid-8bf01803-d6a1-4681-8dc3-131a453d9ee6%22:%91%22header_text_color%22,%22header_2_text_color%22,%22header_3_text_color%22,%22header_4_text_color%22%93}\u00bb]<\/p>\n<h3>Pron\u00f3stico astrol\u00f3gico para un a\u00f1o determinado o 12 meses<\/h3>\n<p>Para realizar el pron\u00f3stico astrol\u00f3gico de un a\u00f1o determinado es necesario haber realizado de antemano la interpretaci\u00f3n de la Carta Astral.<\/p>\n<p>Como dijo Woody Alan: \u201c me preocupa mi futuro porque es el sitio donde voy a pasar el resto de mi vida\u201d. El argumento es indiscutible!<\/p>\n<p>El pron\u00f3stico estar\u00e1 basado principalmente en los tr\u00e1nsitos planetarios, que son los que indican los cambios internos de la persona y c\u00f3mo estos afectan en el trabajo, la familia y la vida privada\u2026<\/p>\n<h4>Precio de la consulta<\/h4>\n<p>(60 minutos) 125,00 euros.<\/p>\n<p>[\/et_pb_text][\/et_pb_column][et_pb_column type=\u00bb1_2&#8243; _builder_version=\u00bb4.20.2&#8243; _module_preset=\u00bbdefault\u00bb global_colors_info=\u00bb{}\u00bb][et_pb_text _builder_version=\u00bb4.20.4&#8243; _module_preset=\u00bb8ca6dc83-56da-49fd-8b0e-acf42d5ee45a\u00bb global_colors_info=\u00bb{}\u00bb]<\/p>\n<h3>Analisis e interpretacion de la Carta Astral para un hecho o una etapa determinada (del pasado o del futuro)<\/h3>\n<p>Para realizar el pron\u00f3stico astrol\u00f3gico de un hecho o de una etapa determinada (por ejemplo, la adolescencia) es necesario haber realizado de antemano la interpretaci\u00f3n de la Carta Astral.<\/p>\n<p>Es un trabajo m\u00e1s detallista para entender c\u00f3mo el movimiento de los planetas influyen en las transformaciones que vivimos a lo largo de nuestras vidas. \u00bfC\u00f3mo es posible que un m\u00fasico profesional decida dejar su carrera para dedicarse a la medicina? La sociedad puede pensar que se ha vuelto loco, pero tiene una explicaci\u00f3n astrol\u00f3gica.<\/p>\n<p>Este tipo de pron\u00f3stico tambi\u00e9n esta indicado para estudiar los acontecimientos que provocaron problemas emocionales o psicol\u00f3gicos y descubrir cuales son los factores que nos han influenciado para tomar ciertas decisiones.<\/p>\n<h4>Precio de la consulta<\/h4>\n<p>(60 minutos) 125,00 euros.<\/p>\n<p>[\/et_pb_text][\/et_pb_column][\/et_pb_row][\/et_pb_section][et_pb_section fb_built=\u00bb1&#8243; _builder_version=\u00bb4.20.2&#8243; _module_preset=\u00bbdefault\u00bb custom_margin=\u00bb73px||40px||false|false\u00bb global_colors_info=\u00bb{}\u00bb][et_pb_row _builder_version=\u00bb4.20.2&#8243; _module_preset=\u00bbdefault\u00bb global_colors_info=\u00bb{}\u00bb][et_pb_column type=\u00bb4_4&#8243; _builder_version=\u00bb4.20.2&#8243; _module_preset=\u00bbdefault\u00bb global_colors_info=\u00bb{}\u00bb][et_pb_text _builder_version=\u00bb4.20.4&#8243; _module_preset=\u00bbdefault\u00bb header_4_text_align=\u00bbcenter\u00bb header_4_text_color=\u00bbgcid-8bf01803-d6a1-4681-8dc3-131a453d9ee6&#8243; header_5_text_color=\u00bbgcid-8bf01803-d6a1-4681-8dc3-131a453d9ee6&#8243; global_colors_info=\u00bb{%22gcid-8bf01803-d6a1-4681-8dc3-131a453d9ee6%22:%91%22header_5_text_color%22,%22header_4_text_color%22%93}\u00bb]<\/p>\n<h4>Todas las consultas tambi\u00e9n pueden realizarse en persona a trav\u00e9s de Skype<\/h4>\n<p>[\/et_pb_text][\/et_pb_column][\/et_pb_row][\/et_pb_section][et_pb_section fb_built=\u00bb1&#8243; _builder_version=\u00bb4.20.2&#8243; background_image=\u00bbhttps:\/\/astrologie-fuer-dich.de\/wp-content\/uploads\/2019\/09\/Misha_Wie.jpg\u00bb height=\u00bb902px\u00bb height_tablet=\u00bb800px\u00bb height_phone=\u00bb500px\u00bb height_last_edited=\u00bbon|phone\u00bb max_height=\u00bb800px\u00bb max_height_tablet=\u00bb800px\u00bb max_height_phone=\u00bb500px\u00bb max_height_last_edited=\u00bbon|desktop\u00bb custom_margin=\u00bb||||false|false\u00bb custom_margin_tablet=\u00bb\u00bb custom_margin_phone=\u00bb||||false|false\u00bb custom_margin_last_edited=\u00bbon|phone\u00bb background_last_edited=\u00bbon|phone\u00bb background_position_phone=\u00bbcenter_left\u00bb collapsed=\u00bboff\u00bb global_colors_info=\u00bb{}\u00bb][\/et_pb_section]<\/p>\n","protected":false},"excerpt":{"rendered":"<p>C\u00d3MO&#8230;\u00bfC\u00f3mo procedemos juntos? Para crear una carta natal, necesitamos su fecha de nacimiento, lugar de nacimiento y hora de su nacimiento.Analyse und Interpretation des Geburtshoroskopsf\u00fcr Erwachsenen Despu\u00e9s de recibir la informaci\u00f3n necesaria para calcular y interpretar la Carta Astral (fecha de nacimiento, lugar y hora), me pondre con el analisis de la misma. Al tener [&hellip;]<\/p>\n","protected":false},"author":4,"featured_media":0,"parent":0,"menu_order":14,"comment_status":"closed","ping_status":"closed","template":"","meta":{"_et_pb_use_builder":"on","_et_pb_old_content":"","_et_gb_content_width":"","footnotes":""},"class_list":["post-6113","page","type-page","status-publish","hentry"],"yoast_head":"<!-- This site is optimized with the Yoast SEO plugin v27.0 - https:\/\/yoast.com\/product\/yoast-seo-wordpress\/ -->\n<title>C\u00d3MO... - Psychologische Astrologie f\u00fcr Dich und Deine Lieben<\/title>\n<meta name=\"robots\" content=\"index, follow, max-snippet:-1, max-image-preview:large, max-video-preview:-1\" \/>\n<link rel=\"canonical\" href=\"https:\/\/astrologie-fuer-dich.de\/es\/como\/\" \/>\n<meta property=\"og:locale\" content=\"es_ES\" \/>\n<meta property=\"og:type\" content=\"article\" \/>\n<meta property=\"og:title\" content=\"C\u00d3MO... - Psychologische Astrologie f\u00fcr Dich und Deine Lieben\" \/>\n<meta property=\"og:description\" content=\"C\u00d3MO...\u00bfC\u00f3mo procedemos juntos? Para crear una carta natal, necesitamos su fecha de nacimiento, lugar de nacimiento y hora de su nacimiento.Analyse und Interpretation des Geburtshoroskopsf\u00fcr Erwachsenen Despu\u00e9s de recibir la informaci\u00f3n necesaria para calcular y interpretar la Carta Astral (fecha de nacimiento, lugar y hora), me pondre con el analisis de la misma. Al tener [&hellip;]\" \/>\n<meta property=\"og:url\" content=\"https:\/\/astrologie-fuer-dich.de\/es\/como\/\" \/>\n<meta property=\"og:site_name\" content=\"Psychologische Astrologie f\u00fcr Dich und Deine Lieben\" \/>\n<meta property=\"article:modified_time\" content=\"2024-09-06T11:01:55+00:00\" \/>\n<meta name=\"twitter:card\" content=\"summary_large_image\" \/>\n<meta name=\"twitter:label1\" content=\"Tiempo de lectura\" \/>\n\t<meta name=\"twitter:data1\" content=\"10 minutos\" \/>\n<!-- \/ Yoast SEO plugin. -->","yoast_head_json":{"title":"C\u00d3MO... - Psychologische Astrologie f\u00fcr Dich und Deine Lieben","robots":{"index":"index","follow":"follow","max-snippet":"max-snippet:-1","max-image-preview":"max-image-preview:large","max-video-preview":"max-video-preview:-1"},"canonical":"https:\/\/astrologie-fuer-dich.de\/es\/como\/","og_locale":"es_ES","og_type":"article","og_title":"C\u00d3MO... - Psychologische Astrologie f\u00fcr Dich und Deine Lieben","og_description":"C\u00d3MO...\u00bfC\u00f3mo procedemos juntos? Para crear una carta natal, necesitamos su fecha de nacimiento, lugar de nacimiento y hora de su nacimiento.Analyse und Interpretation des Geburtshoroskopsf\u00fcr Erwachsenen Despu\u00e9s de recibir la informaci\u00f3n necesaria para calcular y interpretar la Carta Astral (fecha de nacimiento, lugar y hora), me pondre con el analisis de la misma. Al tener [&hellip;]","og_url":"https:\/\/astrologie-fuer-dich.de\/es\/como\/","og_site_name":"Psychologische Astrologie f\u00fcr Dich und Deine Lieben","article_modified_time":"2024-09-06T11:01:55+00:00","twitter_card":"summary_large_image","twitter_misc":{"Tiempo de lectura":"10 minutos"},"schema":{"@context":"https:\/\/schema.org","@graph":[{"@type":"WebPage","@id":"https:\/\/astrologie-fuer-dich.de\/es\/como\/","url":"https:\/\/astrologie-fuer-dich.de\/es\/como\/","name":"C\u00d3MO... - Psychologische Astrologie f\u00fcr Dich und Deine Lieben","isPartOf":{"@id":"https:\/\/astrologie-fuer-dich.de\/#website"},"datePublished":"2023-03-25T12:01:36+00:00","dateModified":"2024-09-06T11:01:55+00:00","breadcrumb":{"@id":"https:\/\/astrologie-fuer-dich.de\/es\/como\/#breadcrumb"},"inLanguage":"es","potentialAction":[{"@type":"ReadAction","target":["https:\/\/astrologie-fuer-dich.de\/es\/como\/"]}]},{"@type":"BreadcrumbList","@id":"https:\/\/astrologie-fuer-dich.de\/es\/como\/#breadcrumb","itemListElement":[{"@type":"ListItem","position":1,"name":"Startseite","item":"https:\/\/astrologie-fuer-dich.de\/es\/"},{"@type":"ListItem","position":2,"name":"C\u00d3MO&#8230;"}]},{"@type":"WebSite","@id":"https:\/\/astrologie-fuer-dich.de\/#website","url":"https:\/\/astrologie-fuer-dich.de\/","name":"Astrologie pers\u00f6nlich f\u00fcr Dich","description":"Pers\u00f6nlich f\u00fcr Dich und Deine Lieben","publisher":{"@id":"https:\/\/astrologie-fuer-dich.de\/#\/schema\/person\/ee3d285f83f0e1dc9affe7874c3c188a"},"potentialAction":[{"@type":"SearchAction","target":{"@type":"EntryPoint","urlTemplate":"https:\/\/astrologie-fuer-dich.de\/?s={search_term_string}"},"query-input":{"@type":"PropertyValueSpecification","valueRequired":true,"valueName":"search_term_string"}}],"inLanguage":"es"},{"@type":["Person","Organization"],"@id":"https:\/\/astrologie-fuer-dich.de\/#\/schema\/person\/ee3d285f83f0e1dc9affe7874c3c188a","name":"Misha Melnyk","image":{"@type":"ImageObject","inLanguage":"es","@id":"https:\/\/astrologie-fuer-dich.de\/#\/schema\/person\/image\/","url":"https:\/\/astrologie-fuer-dich.de\/wp-content\/uploads\/2023\/03\/cropped-Logo.png","contentUrl":"https:\/\/astrologie-fuer-dich.de\/wp-content\/uploads\/2023\/03\/cropped-Logo.png","width":512,"height":512,"caption":"Misha Melnyk"},"logo":{"@id":"https:\/\/astrologie-fuer-dich.de\/#\/schema\/person\/image\/"},"sameAs":["http:\/\/www.astrologie-fuer-dich.de"]}]}},"_links":{"self":[{"href":"https:\/\/astrologie-fuer-dich.de\/es\/wp-json\/wp\/v2\/pages\/6113","targetHints":{"allow":["GET"]}}],"collection":[{"href":"https:\/\/astrologie-fuer-dich.de\/es\/wp-json\/wp\/v2\/pages"}],"about":[{"href":"https:\/\/astrologie-fuer-dich.de\/es\/wp-json\/wp\/v2\/types\/page"}],"author":[{"embeddable":true,"href":"https:\/\/astrologie-fuer-dich.de\/es\/wp-json\/wp\/v2\/users\/4"}],"replies":[{"embeddable":true,"href":"https:\/\/astrologie-fuer-dich.de\/es\/wp-json\/wp\/v2\/comments?post=6113"}],"version-history":[{"count":5,"href":"https:\/\/astrologie-fuer-dich.de\/es\/wp-json\/wp\/v2\/pages\/6113\/revisions"}],"predecessor-version":[{"id":7486,"href":"https:\/\/astrologie-fuer-dich.de\/es\/wp-json\/wp\/v2\/pages\/6113\/revisions\/7486"}],"wp:attachment":[{"href":"https:\/\/astrologie-fuer-dich.de\/es\/wp-json\/wp\/v2\/media?parent=6113"}],"curies":[{"name":"wp","href":"https:\/\/api.w.org\/{rel}","templated":true}]}}