{"id":5964,"date":"2023-03-22T13:04:00","date_gmt":"2023-03-22T12:04:00","guid":{"rendered":"https:\/\/astrologie-fuer-dich.de\/?page_id=5964"},"modified":"2024-09-06T13:14:40","modified_gmt":"2024-09-06T11:14:40","slug":"workshop","status":"publish","type":"page","link":"https:\/\/astrologie-fuer-dich.de\/es\/workshop\/","title":{"rendered":"WORKSHOPS"},"content":{"rendered":"<p>[et_pb_section fb_built=\u00bb1&#8243; _builder_version=\u00bb4.27.0&#8243; _module_preset=\u00bbdefault\u00bb global_colors_info=\u00bb{}\u00bb custom_padding=\u00bb0px||13px|||\u00bb][et_pb_row _builder_version=\u00bb4.27.0&#8243; _module_preset=\u00bbdefault\u00bb global_colors_info=\u00bb{}\u00bb][et_pb_column type=\u00bb4_4&#8243; _builder_version=\u00bb4.27.0&#8243; _module_preset=\u00bbdefault\u00bb global_colors_info=\u00bb{}\u00bb][et_pb_text _builder_version=\u00bb4.27.0&#8243; _module_preset=\u00bb4aac0358-94c7-4498-97db-5b0fbe2f4930&#8243; header_font=\u00bbCairo|600|||||||\u00bb header_text_align=\u00bbcenter\u00bb header_text_color=\u00bb#ffcc00&#8243; header_font_size=\u00bb82px\u00bb hover_enabled=\u00bb0&#8243; header_font_size_tablet=\u00bb61px\u00bb header_font_size_phone=\u00bb45px\u00bb header_font_size_last_edited=\u00bbon|desktop\u00bb global_colors_info=\u00bb{}\u00bb sticky_enabled=\u00bb0&#8243; custom_padding=\u00bb74px||71px||false|false\u00bb custom_padding_tablet=\u00bb0px||15px||false|false\u00bb]<\/p>\n<h1 style=\"text-align: center;\"><span style=\"color: #ffcc00;\">WORKSHOPS&#8230;<\/span><\/h1>\n<p>[\/et_pb_text][\/et_pb_column][\/et_pb_row][\/et_pb_section][et_pb_section fb_built=\u00bb1&#8243; _builder_version=\u00bb4.20.2&#8243; _module_preset=\u00bbdefault\u00bb background_image=\u00bbhttps:\/\/astrologie-fuer-dich.de\/wp-content\/uploads\/2019\/10\/Mishas_Haende_Wasser_blau.jpg\u00bb min_height=\u00bb800px\u00bb min_height_tablet=\u00bb800px\u00bb min_height_phone=\u00bb800px\u00bb min_height_last_edited=\u00bbon|phone\u00bb height=\u00bb500px\u00bb max_height=\u00bb500px\u00bb global_colors_info=\u00bb{}\u00bb][\/et_pb_section][et_pb_section fb_built=\u00bb1&#8243; _builder_version=\u00bb4.20.2&#8243; width=\u00bb100%\u00bb min_height_tablet=\u00bb\u00bb min_height_phone=\u00bb\u00bb min_height_last_edited=\u00bbon|phone\u00bb max_height_tablet=\u00bb\u00bb max_height_phone=\u00bb\u00bb max_height_last_edited=\u00bbon|desktop\u00bb custom_margin=\u00bb50px||50px||true|false\u00bb custom_margin_tablet=\u00bb-20px||-20px||true|false\u00bb custom_margin_phone=\u00bb-50px||-50px||true|false\u00bb custom_margin_last_edited=\u00bbon|desktop\u00bb top_divider_style_tablet=\u00bb\u00bb top_divider_style_phone=\u00bb\u00bb top_divider_style_last_edited=\u00bbon|phone\u00bb global_colors_info=\u00bb{}\u00bb][et_pb_row make_equal=\u00bbon\u00bb _builder_version=\u00bb4.20.2&#8243; custom_margin_tablet=\u00bb\u00bb custom_margin_phone=\u00bb50px||50px||true|false\u00bb custom_margin_last_edited=\u00bbon|phone\u00bb global_colors_info=\u00bb{}\u00bb][et_pb_column type=\u00bb4_4&#8243; _builder_version=\u00bb4.20.2&#8243; custom_padding=\u00bb|||\u00bb global_colors_info=\u00bb{}\u00bb custom_padding__hover=\u00bb|||\u00bb][et_pb_text _builder_version=\u00bb4.20.4&#8243; text_font=\u00bbCairo||||||||\u00bb text_text_color=\u00bbgcid-040ce981-e918-4de5-aa55-11c10dcacf01&#8243; text_line_height=\u00bb1.5em\u00bb header_font=\u00bbCairo||||||||\u00bb header_text_color=\u00bbgcid-8bf01803-d6a1-4681-8dc3-131a453d9ee6&#8243; header_2_text_color=\u00bbgcid-8bf01803-d6a1-4681-8dc3-131a453d9ee6&#8243; min_height_tablet=\u00bb\u00bb min_height_phone=\u00bb\u00bb min_height_last_edited=\u00bbon|desktop\u00bb custom_margin_tablet=\u00bb\u00bb custom_margin_phone=\u00bb0px||0px||false|false\u00bb custom_margin_last_edited=\u00bbon|phone\u00bb text_font_size_tablet=\u00bb\u00bb text_font_size_phone=\u00bb16px\u00bb text_font_size_last_edited=\u00bbon|phone\u00bb text_text_align=\u00bbjustify\u00bb global_colors_info=\u00bb{%22gcid-040ce981-e918-4de5-aa55-11c10dcacf01%22:%91%22text_text_color%22%93,%22gcid-8bf01803-d6a1-4681-8dc3-131a453d9ee6%22:%91%22header_text_color%22,%22header_2_text_color%22%93}\u00bb]<\/p>\n<h1 style=\"text-align: left;\">Los talleres son grupos de trabajo&#8230;<\/h1>\n<p style=\"text-align: justify;\">para personas que, aunque no quieran ser astr\u00f3logos, est\u00e9n interesadas en aprender sobre astrolog\u00eda psicol\u00f3gica. Es a su vez una forma de poder descubrir aspectos sobre uno mismo y los dem\u00e1s.<\/p>\n<h2 style=\"text-align: justify;\">Puntos clave<\/h2>\n<p style=\"text-align: justify;\">Durante tres horas charlaremos sobre qu\u00e9 es la astrolog\u00eda psicol\u00f3gica, de d\u00f3nde viene y que principios y objetivos tiene. La conversaci\u00f3n girar\u00e1 entorno a conocer el significado del Ascendente, del Sol y de la Luna en la estructura de la Carta Astral. Descubriremos c\u00f3mo se interrelacionan estos puntos claves y c\u00f3mo podemos sacar partido a esta informaci\u00f3n para nuestro crecimiento personal.<\/p>\n<h2 style=\"text-align: justify;\">llegar a una conclusi\u00f3n juntos<\/h2>\n<p style=\"text-align: justify;\">Los participantes tendr\u00e1n la oportunidad de exponer sus conocimientos, as\u00ed como de expresar las opiniones o dudas acerca de la astrolog\u00eda en general y m\u00e1s en concreto de la astrolog\u00eda psicol\u00f3gica. Estas ideas crear\u00e1n una materia prima para trabajar en conjunto. Se trata de cuestionar la informaci\u00f3n propuesta, reflexionando sobre los puntos de discusi\u00f3n para que cada participante llegue a obtener sus propias conclusiones. En ning\u00fan caso pretendo imponer mi raz\u00f3n, simplemente quiero aportar la visi\u00f3n adquirida atrav\u00e9s de mi experiencia. Por unas horas conversaremos como \u201ceruditos\u201d en Astrolog\u00eda.<\/p>\n<h2>Nuestra oferta a las empresas<\/h2>\n<p><span style=\"font-size: large;\"><\/span>Escuelas o instituciones interesadas en el campo del autoconocimiento. Para m\u00e1s informaci\u00f3n contactar conmigo.<\/p>\n<h2>Informaci\u00f3n general<\/h2>\n<ul>\n<li> Los seminarios requieren participaci\u00f3n personal.<\/li>\n<li> M\u00ednimo 4 participantes y m\u00e1ximo 10.<\/li>\n<li> Para obtener informaci\u00f3n sobre precios, p\u00f3ngase en contacto conmigo por correo electr\u00f3nico.<\/li>\n<\/ul>\n<p>&nbsp;<\/p>\n<p>[\/et_pb_text][\/et_pb_column][\/et_pb_row][\/et_pb_section][et_pb_section fb_built=\u00bb1&#8243; _builder_version=\u00bb4.20.2&#8243; _module_preset=\u00bbdefault\u00bb background_color=\u00bb#f2f2f2&#8243; custom_padding=\u00bb10px||10px||true|false\u00bb global_colors_info=\u00bb{}\u00bb][et_pb_row _builder_version=\u00bb4.20.2&#8243; _module_preset=\u00bbdefault\u00bb custom_margin=\u00bb1px||1px||true|false\u00bb custom_padding=\u00bb11px||11px||true|false\u00bb global_colors_info=\u00bb{}\u00bb][et_pb_column type=\u00bb4_4&#8243; _builder_version=\u00bb4.20.2&#8243; _module_preset=\u00bbdefault\u00bb global_colors_info=\u00bb{}\u00bb][et_pb_cta title=\u00bbsi, me gustaria obtener mas informacion\u00bb button_url=\u00bb&#x6d;a&#x69;&#108;t&#x6f;&#58;&#x61;&#115;t&#x72;&#111;&#x6c;&#111;g&#x69;&#101;&#x66;&#x75;e&#x72;&#100;i&#x63;&#104;&#x40;&#103;m&#x61;&#105;&#x6c;&#46;c&#x6f;&#109;\u00bb button_text=\u00bbM\u00e1s informaci\u00f3n\u00bb _builder_version=\u00bb4.20.2&#8243; _module_preset=\u00bbdefault\u00bb header_text_color=\u00bbgcid-8bf01803-d6a1-4681-8dc3-131a453d9ee6&#8243; body_text_color=\u00bbgcid-040ce981-e918-4de5-aa55-11c10dcacf01&#8243; use_background_color=\u00bboff\u00bb custom_button=\u00bbon\u00bb button_text_size=\u00bb17px\u00bb button_text_color=\u00bbgcid-8bf01803-d6a1-4681-8dc3-131a453d9ee6&#8243; button_border_color=\u00bbgcid-8bf01803-d6a1-4681-8dc3-131a453d9ee6&#8243; button_font=\u00bbCairo||||||||\u00bb button_alignment=\u00bbcenter\u00bb global_colors_info=\u00bb{%22gcid-8bf01803-d6a1-4681-8dc3-131a453d9ee6%22:%91%22header_text_color%22,%22button_text_color%22,%22button_border_color%22%93,%22gcid-040ce981-e918-4de5-aa55-11c10dcacf01%22:%91%22body_text_color%22%93}\u00bb]<\/p>\n<p>Para una oferta individual por favor env\u00edeme un correo electr\u00f3nico.<\/p>\n<p>[\/et_pb_cta][\/et_pb_column][\/et_pb_row][\/et_pb_section][et_pb_section fb_built=\u00bb1&#8243; custom_padding_last_edited=\u00bbon|phone\u00bb _builder_version=\u00bb4.20.2&#8243; background_image=\u00bbhttps:\/\/astrologie-fuer-dich.de\/wp-content\/uploads\/2019\/09\/MIsha_Workshops_Unten.jpg\u00bb min_height=\u00bb800px\u00bb min_height_tablet=\u00bb800px\u00bb min_height_phone=\u00bb500px\u00bb min_height_last_edited=\u00bbon|phone\u00bb height=\u00bb800px\u00bb height_tablet=\u00bb800px\u00bb height_phone=\u00bb500px\u00bb height_last_edited=\u00bbon|tablet\u00bb max_height=\u00bb800px\u00bb max_height_tablet=\u00bb800px\u00bb max_height_phone=\u00bb500px\u00bb max_height_last_edited=\u00bbon|desktop\u00bb custom_margin=\u00bb||||false|false\u00bb custom_margin_tablet=\u00bb\u00bb custom_margin_phone=\u00bb||||true|false\u00bb custom_margin_last_edited=\u00bbon|tablet\u00bb custom_padding_tablet=\u00bb\u00bb custom_padding_phone=\u00bb100px||100px||true|false\u00bb global_colors_info=\u00bb{}\u00bb][\/et_pb_section]<\/p>\n","protected":false},"excerpt":{"rendered":"<p>WORKSHOPS&#8230;Los talleres son grupos de trabajo&#8230; para personas que, aunque no quieran ser astr\u00f3logos, est\u00e9n interesadas en aprender sobre astrolog\u00eda psicol\u00f3gica. Es a su vez una forma de poder descubrir aspectos sobre uno mismo y los dem\u00e1s. Puntos clave Durante tres horas charlaremos sobre qu\u00e9 es la astrolog\u00eda psicol\u00f3gica, de d\u00f3nde viene y que principios [&hellip;]<\/p>\n","protected":false},"author":4,"featured_media":0,"parent":0,"menu_order":16,"comment_status":"closed","ping_status":"closed","template":"","meta":{"_et_pb_use_builder":"on","_et_pb_old_content":"","_et_gb_content_width":"","footnotes":""},"class_list":["post-5964","page","type-page","status-publish","hentry"],"yoast_head":"<!-- This site is optimized with the Yoast SEO plugin v27.0 - https:\/\/yoast.com\/product\/yoast-seo-wordpress\/ -->\n<title>WORKSHOPS - Psychologische Astrologie f\u00fcr Dich und Deine Lieben<\/title>\n<meta name=\"robots\" content=\"index, follow, max-snippet:-1, max-image-preview:large, max-video-preview:-1\" \/>\n<link rel=\"canonical\" href=\"https:\/\/astrologie-fuer-dich.de\/es\/workshop\/\" \/>\n<meta property=\"og:locale\" content=\"es_ES\" \/>\n<meta property=\"og:type\" content=\"article\" \/>\n<meta property=\"og:title\" content=\"WORKSHOPS - Psychologische Astrologie f\u00fcr Dich und Deine Lieben\" \/>\n<meta property=\"og:description\" content=\"WORKSHOPS...Los talleres son grupos de trabajo... para personas que, aunque no quieran ser astr\u00f3logos, est\u00e9n interesadas en aprender sobre astrolog\u00eda psicol\u00f3gica. Es a su vez una forma de poder descubrir aspectos sobre uno mismo y los dem\u00e1s. Puntos clave Durante tres horas charlaremos sobre qu\u00e9 es la astrolog\u00eda psicol\u00f3gica, de d\u00f3nde viene y que principios [&hellip;]\" \/>\n<meta property=\"og:url\" content=\"https:\/\/astrologie-fuer-dich.de\/es\/workshop\/\" \/>\n<meta property=\"og:site_name\" content=\"Psychologische Astrologie f\u00fcr Dich und Deine Lieben\" \/>\n<meta property=\"article:modified_time\" content=\"2024-09-06T11:14:40+00:00\" \/>\n<meta name=\"twitter:card\" content=\"summary_large_image\" \/>\n<meta name=\"twitter:label1\" content=\"Tiempo de lectura\" \/>\n\t<meta name=\"twitter:data1\" content=\"5 minutos\" \/>\n<!-- \/ Yoast SEO plugin. -->","yoast_head_json":{"title":"WORKSHOPS - Psychologische Astrologie f\u00fcr Dich und Deine Lieben","robots":{"index":"index","follow":"follow","max-snippet":"max-snippet:-1","max-image-preview":"max-image-preview:large","max-video-preview":"max-video-preview:-1"},"canonical":"https:\/\/astrologie-fuer-dich.de\/es\/workshop\/","og_locale":"es_ES","og_type":"article","og_title":"WORKSHOPS - Psychologische Astrologie f\u00fcr Dich und Deine Lieben","og_description":"WORKSHOPS...Los talleres son grupos de trabajo... para personas que, aunque no quieran ser astr\u00f3logos, est\u00e9n interesadas en aprender sobre astrolog\u00eda psicol\u00f3gica. Es a su vez una forma de poder descubrir aspectos sobre uno mismo y los dem\u00e1s. Puntos clave Durante tres horas charlaremos sobre qu\u00e9 es la astrolog\u00eda psicol\u00f3gica, de d\u00f3nde viene y que principios [&hellip;]","og_url":"https:\/\/astrologie-fuer-dich.de\/es\/workshop\/","og_site_name":"Psychologische Astrologie f\u00fcr Dich und Deine Lieben","article_modified_time":"2024-09-06T11:14:40+00:00","twitter_card":"summary_large_image","twitter_misc":{"Tiempo de lectura":"5 minutos"},"schema":{"@context":"https:\/\/schema.org","@graph":[{"@type":"WebPage","@id":"https:\/\/astrologie-fuer-dich.de\/es\/workshop\/","url":"https:\/\/astrologie-fuer-dich.de\/es\/workshop\/","name":"WORKSHOPS - Psychologische Astrologie f\u00fcr Dich und Deine Lieben","isPartOf":{"@id":"https:\/\/astrologie-fuer-dich.de\/#website"},"datePublished":"2023-03-22T12:04:00+00:00","dateModified":"2024-09-06T11:14:40+00:00","breadcrumb":{"@id":"https:\/\/astrologie-fuer-dich.de\/es\/workshop\/#breadcrumb"},"inLanguage":"es","potentialAction":[{"@type":"ReadAction","target":["https:\/\/astrologie-fuer-dich.de\/es\/workshop\/"]}]},{"@type":"BreadcrumbList","@id":"https:\/\/astrologie-fuer-dich.de\/es\/workshop\/#breadcrumb","itemListElement":[{"@type":"ListItem","position":1,"name":"Startseite","item":"https:\/\/astrologie-fuer-dich.de\/es\/"},{"@type":"ListItem","position":2,"name":"WORKSHOPS"}]},{"@type":"WebSite","@id":"https:\/\/astrologie-fuer-dich.de\/#website","url":"https:\/\/astrologie-fuer-dich.de\/","name":"Astrologie pers\u00f6nlich f\u00fcr Dich","description":"Pers\u00f6nlich f\u00fcr Dich und Deine Lieben","publisher":{"@id":"https:\/\/astrologie-fuer-dich.de\/#\/schema\/person\/ee3d285f83f0e1dc9affe7874c3c188a"},"potentialAction":[{"@type":"SearchAction","target":{"@type":"EntryPoint","urlTemplate":"https:\/\/astrologie-fuer-dich.de\/?s={search_term_string}"},"query-input":{"@type":"PropertyValueSpecification","valueRequired":true,"valueName":"search_term_string"}}],"inLanguage":"es"},{"@type":["Person","Organization"],"@id":"https:\/\/astrologie-fuer-dich.de\/#\/schema\/person\/ee3d285f83f0e1dc9affe7874c3c188a","name":"Misha Melnyk","image":{"@type":"ImageObject","inLanguage":"es","@id":"https:\/\/astrologie-fuer-dich.de\/#\/schema\/person\/image\/","url":"https:\/\/astrologie-fuer-dich.de\/wp-content\/uploads\/2023\/03\/cropped-Logo.png","contentUrl":"https:\/\/astrologie-fuer-dich.de\/wp-content\/uploads\/2023\/03\/cropped-Logo.png","width":512,"height":512,"caption":"Misha Melnyk"},"logo":{"@id":"https:\/\/astrologie-fuer-dich.de\/#\/schema\/person\/image\/"},"sameAs":["http:\/\/www.astrologie-fuer-dich.de"]}]}},"_links":{"self":[{"href":"https:\/\/astrologie-fuer-dich.de\/es\/wp-json\/wp\/v2\/pages\/5964","targetHints":{"allow":["GET"]}}],"collection":[{"href":"https:\/\/astrologie-fuer-dich.de\/es\/wp-json\/wp\/v2\/pages"}],"about":[{"href":"https:\/\/astrologie-fuer-dich.de\/es\/wp-json\/wp\/v2\/types\/page"}],"author":[{"embeddable":true,"href":"https:\/\/astrologie-fuer-dich.de\/es\/wp-json\/wp\/v2\/users\/4"}],"replies":[{"embeddable":true,"href":"https:\/\/astrologie-fuer-dich.de\/es\/wp-json\/wp\/v2\/comments?post=5964"}],"version-history":[{"count":5,"href":"https:\/\/astrologie-fuer-dich.de\/es\/wp-json\/wp\/v2\/pages\/5964\/revisions"}],"predecessor-version":[{"id":7501,"href":"https:\/\/astrologie-fuer-dich.de\/es\/wp-json\/wp\/v2\/pages\/5964\/revisions\/7501"}],"wp:attachment":[{"href":"https:\/\/astrologie-fuer-dich.de\/es\/wp-json\/wp\/v2\/media?parent=5964"}],"curies":[{"name":"wp","href":"https:\/\/api.w.org\/{rel}","templated":true}]}}