{"id":2379,"date":"2019-08-19T13:37:54","date_gmt":"2019-08-19T13:37:54","guid":{"rendered":"https:\/\/astrologie-fuer-dich.de\/impresion"},"modified":"2023-04-30T13:56:15","modified_gmt":"2023-04-30T11:56:15","slug":"impresion","status":"publish","type":"page","link":"https:\/\/astrologie-fuer-dich.de\/es\/impresion\/","title":{"rendered":"Impresi\u00f3n"},"content":{"rendered":"<p>[et_pb_section fb_built=\u00bb1&#8243; theme_builder_area=\u00bbpost_content\u00bb _builder_version=\u00bb4.20.2&#8243; _module_preset=\u00bbdefault\u00bb][et_pb_row _builder_version=\u00bb4.20.2&#8243; _module_preset=\u00bbdefault\u00bb custom_padding=\u00bb||20px||false|false\u00bb global_colors_info=\u00bb{}\u00bb theme_builder_area=\u00bbpost_content\u00bb][et_pb_column type=\u00bb4_4&#8243; _builder_version=\u00bb4.20.2&#8243; _module_preset=\u00bbdefault\u00bb global_colors_info=\u00bb{}\u00bb theme_builder_area=\u00bbpost_content\u00bb][et_pb_text _builder_version=\u00bb4.20.2&#8243; text_font=\u00bbCairo||||||||\u00bb text_text_color=\u00bb#000000&#8243; text_line_height=\u00bb1.5em\u00bb header_font=\u00bb||||||||\u00bb header_text_color=\u00bb#0C71C3&#8243; header_font_size=\u00bb40px\u00bb header_2_font=\u00bb||||||||\u00bb header_2_text_color=\u00bb#0C71C3&#8243; header_2_font_size=\u00bb20px\u00bb header_3_font=\u00bb||||||||\u00bb text_orientation=\u00bbjustify\u00bb text_text_align=\u00bbjustify\u00bb global_colors_info=\u00bb{}\u00bb theme_builder_area=\u00bbpost_content\u00bb]<\/p>\n<p><span><div style=\"word-wrap: break-word;\"><h1>Impressum<\/h1>\n\n<h2>Angaben gem&auml;&szlig; &sect; 5 TMG<\/h2>\n<p>Mykhaylo Melnyk<br \/>\nBeratung f&uuml;r psychologische Astrologie<br \/>\nKlemensborn 68<br \/>\n45239 Essen<\/p>\n\n<h2>Kontakt<\/h2>\n<p>Telefon: +49 (0) 176 60821520<br \/>\nE-Mail: &#x6f;&#x73;&#x6f;&#x6c;&#117;&#110;&#101;ro&#x40;&#x67;&#x6d;&#x61;&#x69;&#108;&#46;&#99;om<\/p>\n\n<h2>EU-Streitschlichtung<\/h2>\n<p>Die Europ&auml;ische Kommission stellt eine Plattform zur Online-Streitbeilegung (OS) bereit: <a href=\"https:\/\/ec.europa.eu\/consumers\/odr\/\" target=\"_blank\" rel=\"noopener noreferrer\">https:\/\/ec.europa.eu\/consumers\/odr\/<\/a>.<br \/> Unsere E-Mail-Adresse finden Sie oben im Impressum.<\/p>\n\n<h2>Verbraucher&shy;streit&shy;beilegung\/Universal&shy;schlichtungs&shy;stelle<\/h2>\n<p>Wir sind nicht bereit oder verpflichtet, an Streitbeilegungsverfahren vor einer Verbraucherschlichtungsstelle teilzunehmen.<\/p><\/div><\/span><\/p>\n<p>[\/et_pb_text][\/et_pb_column][\/et_pb_row][et_pb_row column_structure=\u00bb1_3,2_3&#8243; _builder_version=\u00bb4.20.2&#8243; _module_preset=\u00bbdefault\u00bb global_colors_info=\u00bb{}\u00bb theme_builder_area=\u00bbpost_content\u00bb][et_pb_column type=\u00bb1_3&#8243; _builder_version=\u00bb4.20.2&#8243; _module_preset=\u00bbdefault\u00bb global_colors_info=\u00bb{}\u00bb theme_builder_area=\u00bbpost_content\u00bb][et_pb_image src=\u00bbhttps:\/\/astrologie-fuer-dich.de\/wp-content\/uploads\/2023\/03\/erecht24-schwarz-impressum-klein.png\u00bb title_text=\u00bberecht24-schwarz-impressum-klein\u00bb _builder_version=\u00bb4.20.2&#8243; _module_preset=\u00bbdefault\u00bb global_colors_info=\u00bb{}\u00bb theme_builder_area=\u00bbpost_content\u00bb][\/et_pb_image][\/et_pb_column][et_pb_column type=\u00bb2_3&#8243; _builder_version=\u00bb4.20.2&#8243; _module_preset=\u00bbdefault\u00bb global_colors_info=\u00bb{}\u00bb theme_builder_area=\u00bbpost_content\u00bb][\/et_pb_column][\/et_pb_row][\/et_pb_section]<\/p>\n","protected":false},"excerpt":{"rendered":"<div style=\"word-wrap: break-word;\"><h1>Impressum<\/h1>\n\n<h2>Angaben gem&auml;&szlig; &sect; 5 TMG<\/h2>\n<p>Mykhaylo Melnyk<br \/>\nBeratung f&uuml;r psychologische Astrologie<br \/>\nKlemensborn 68<br \/>\n45239 Essen<\/p>\n\n<h2>Kontakt<\/h2>\n<p>Telefon: +49 (0) 176 60821520<br \/>\nE-Mail: &#x6f;&#115;o&#x6c;&#x75;&#110;e&#x72;&#111;&#64;&#x67;&#x6d;&#97;i&#x6c;&#46;c&#x6f;&#x6d;<\/p>\n\n<h2>EU-Streitschlichtung<\/h2>\n<p>Die Europ&auml;ische Kommission stellt eine Plattform zur Online-Streitbeilegung (OS) bereit: <a href=\"https:\/\/ec.europa.eu\/consumers\/odr\/\" target=\"_blank\" rel=\"noopener noreferrer\">https:\/\/ec.europa.eu\/consumers\/odr\/<\/a>.<br \/> Unsere E-Mail-Adresse finden Sie oben im Impressum.<\/p>\n\n<h2>Verbraucher&shy;streit&shy;beilegung\/Universal&shy;schlichtungs&shy;stelle<\/h2>\n<p>Wir sind nicht bereit oder verpflichtet, an Streitbeilegungsverfahren vor einer Verbraucherschlichtungsstelle teilzunehmen.<\/p><\/div>\n","protected":false},"author":3,"featured_media":0,"parent":0,"menu_order":26,"comment_status":"closed","ping_status":"closed","template":"","meta":{"_et_pb_use_builder":"on","_et_pb_old_content":"","_et_gb_content_width":"","footnotes":""},"class_list":["post-2379","page","type-page","status-publish","hentry"],"yoast_head":"<!-- This site is optimized with the Yoast SEO plugin v27.0 - https:\/\/yoast.com\/product\/yoast-seo-wordpress\/ -->\n<title>Impresi\u00f3n - Psychologische Astrologie f\u00fcr Dich und Deine Lieben<\/title>\n<meta name=\"robots\" content=\"index, follow, max-snippet:-1, max-image-preview:large, max-video-preview:-1\" \/>\n<link rel=\"canonical\" href=\"https:\/\/astrologie-fuer-dich.de\/es\/impresion\/\" \/>\n<meta property=\"og:locale\" content=\"es_ES\" \/>\n<meta property=\"og:type\" content=\"article\" \/>\n<meta property=\"og:title\" content=\"Impresi\u00f3n - Psychologische Astrologie f\u00fcr Dich und Deine Lieben\" \/>\n<meta property=\"og:url\" content=\"https:\/\/astrologie-fuer-dich.de\/es\/impresion\/\" \/>\n<meta property=\"og:site_name\" content=\"Psychologische Astrologie f\u00fcr Dich und Deine Lieben\" \/>\n<meta property=\"article:modified_time\" content=\"2023-04-30T11:56:15+00:00\" \/>\n<meta name=\"twitter:card\" content=\"summary_large_image\" \/>\n<meta name=\"twitter:description\" content=\"[erecht24 type=&quot;imprint&quot; lang=&quot;de&quot; strip_title=&quot;false&quot;]\" \/>\n<meta name=\"twitter:label1\" content=\"Tiempo de lectura\" \/>\n\t<meta name=\"twitter:data1\" content=\"1 minuto\" \/>\n<!-- \/ Yoast SEO plugin. -->","yoast_head_json":{"title":"Impresi\u00f3n - Psychologische Astrologie f\u00fcr Dich und Deine Lieben","robots":{"index":"index","follow":"follow","max-snippet":"max-snippet:-1","max-image-preview":"max-image-preview:large","max-video-preview":"max-video-preview:-1"},"canonical":"https:\/\/astrologie-fuer-dich.de\/es\/impresion\/","og_locale":"es_ES","og_type":"article","og_title":"Impresi\u00f3n - Psychologische Astrologie f\u00fcr Dich und Deine Lieben","og_url":"https:\/\/astrologie-fuer-dich.de\/es\/impresion\/","og_site_name":"Psychologische Astrologie f\u00fcr Dich und Deine Lieben","article_modified_time":"2023-04-30T11:56:15+00:00","twitter_card":"summary_large_image","twitter_description":"[erecht24 type=\"imprint\" lang=\"de\" strip_title=\"false\"]","twitter_misc":{"Tiempo de lectura":"1 minuto"},"schema":{"@context":"https:\/\/schema.org","@graph":[{"@type":"WebPage","@id":"https:\/\/astrologie-fuer-dich.de\/es\/impresion\/","url":"https:\/\/astrologie-fuer-dich.de\/es\/impresion\/","name":"Impresi\u00f3n - Psychologische Astrologie f\u00fcr Dich und Deine Lieben","isPartOf":{"@id":"https:\/\/astrologie-fuer-dich.de\/#website"},"datePublished":"2019-08-19T13:37:54+00:00","dateModified":"2023-04-30T11:56:15+00:00","breadcrumb":{"@id":"https:\/\/astrologie-fuer-dich.de\/es\/impresion\/#breadcrumb"},"inLanguage":"es","potentialAction":[{"@type":"ReadAction","target":["https:\/\/astrologie-fuer-dich.de\/es\/impresion\/"]}]},{"@type":"BreadcrumbList","@id":"https:\/\/astrologie-fuer-dich.de\/es\/impresion\/#breadcrumb","itemListElement":[{"@type":"ListItem","position":1,"name":"Startseite","item":"https:\/\/astrologie-fuer-dich.de\/es\/"},{"@type":"ListItem","position":2,"name":"Impresi\u00f3n"}]},{"@type":"WebSite","@id":"https:\/\/astrologie-fuer-dich.de\/#website","url":"https:\/\/astrologie-fuer-dich.de\/","name":"Astrologie pers\u00f6nlich f\u00fcr Dich","description":"Pers\u00f6nlich f\u00fcr Dich und Deine Lieben","publisher":{"@id":"https:\/\/astrologie-fuer-dich.de\/#\/schema\/person\/ee3d285f83f0e1dc9affe7874c3c188a"},"potentialAction":[{"@type":"SearchAction","target":{"@type":"EntryPoint","urlTemplate":"https:\/\/astrologie-fuer-dich.de\/?s={search_term_string}"},"query-input":{"@type":"PropertyValueSpecification","valueRequired":true,"valueName":"search_term_string"}}],"inLanguage":"es"},{"@type":["Person","Organization"],"@id":"https:\/\/astrologie-fuer-dich.de\/#\/schema\/person\/ee3d285f83f0e1dc9affe7874c3c188a","name":"Misha Melnyk","image":{"@type":"ImageObject","inLanguage":"es","@id":"https:\/\/astrologie-fuer-dich.de\/#\/schema\/person\/image\/","url":"https:\/\/astrologie-fuer-dich.de\/wp-content\/uploads\/2023\/03\/cropped-Logo.png","contentUrl":"https:\/\/astrologie-fuer-dich.de\/wp-content\/uploads\/2023\/03\/cropped-Logo.png","width":512,"height":512,"caption":"Misha Melnyk"},"logo":{"@id":"https:\/\/astrologie-fuer-dich.de\/#\/schema\/person\/image\/"},"sameAs":["http:\/\/www.astrologie-fuer-dich.de"]}]}},"_links":{"self":[{"href":"https:\/\/astrologie-fuer-dich.de\/es\/wp-json\/wp\/v2\/pages\/2379","targetHints":{"allow":["GET"]}}],"collection":[{"href":"https:\/\/astrologie-fuer-dich.de\/es\/wp-json\/wp\/v2\/pages"}],"about":[{"href":"https:\/\/astrologie-fuer-dich.de\/es\/wp-json\/wp\/v2\/types\/page"}],"author":[{"embeddable":true,"href":"https:\/\/astrologie-fuer-dich.de\/es\/wp-json\/wp\/v2\/users\/3"}],"replies":[{"embeddable":true,"href":"https:\/\/astrologie-fuer-dich.de\/es\/wp-json\/wp\/v2\/comments?post=2379"}],"version-history":[{"count":1,"href":"https:\/\/astrologie-fuer-dich.de\/es\/wp-json\/wp\/v2\/pages\/2379\/revisions"}],"predecessor-version":[{"id":7096,"href":"https:\/\/astrologie-fuer-dich.de\/es\/wp-json\/wp\/v2\/pages\/2379\/revisions\/7096"}],"wp:attachment":[{"href":"https:\/\/astrologie-fuer-dich.de\/es\/wp-json\/wp\/v2\/media?parent=2379"}],"curies":[{"name":"wp","href":"https:\/\/api.w.org\/{rel}","templated":true}]}}