{"id":2375,"date":"2019-08-19T13:36:59","date_gmt":"2019-08-19T13:36:59","guid":{"rendered":"https:\/\/astrologie-fuer-dich.de\/por-que"},"modified":"2024-09-06T12:56:24","modified_gmt":"2024-09-06T10:56:24","slug":"por-que","status":"publish","type":"page","link":"https:\/\/astrologie-fuer-dich.de\/es\/por-que\/","title":{"rendered":"POR QUE&#8230;"},"content":{"rendered":"<p>[et_pb_section fb_built=\u00bb1&#8243; theme_builder_area=\u00bbpost_content\u00bb _builder_version=\u00bb4.27.0&#8243; _module_preset=\u00bbdefault\u00bb custom_padding=\u00bb||0px|||\u00bb][et_pb_row _builder_version=\u00bb4.27.0&#8243; _module_preset=\u00bbdefault\u00bb theme_builder_area=\u00bbpost_content\u00bb][et_pb_column _builder_version=\u00bb4.27.0&#8243; _module_preset=\u00bbdefault\u00bb type=\u00bb4_4&#8243; theme_builder_area=\u00bbpost_content\u00bb][et_pb_text _builder_version=\u00bb4.20.2&#8243; text_font=\u00bbCairo|700|||||||\u00bb text_text_color=\u00bb#ffffff\u00bb header_font=\u00bb|600|||||||\u00bb header_text_color=\u00bb#ffffff\u00bb header_font_size=\u00bb80px\u00bb header_line_height=\u00bb1.1em\u00bb header_3_text_color=\u00bb#ffffff\u00bb header_3_font_size=\u00bb40px\u00bb width_tablet=\u00bb\u00bb width_phone=\u00bb\u00bb width_last_edited=\u00bbon|phone\u00bb custom_padding=\u00bb100px||71px||false|false\u00bb custom_padding_tablet=\u00bb0px||||false|false\u00bb custom_padding_phone=\u00bb19px||11px||false|false\u00bb custom_padding_last_edited=\u00bbon|phone\u00bb text_font_tablet=\u00bbCairo|700|||||||\u00bb text_font_phone=\u00bbCairo|700|||||||\u00bb text_font_last_edited=\u00bbon|phone\u00bb header_font_size_tablet=\u00bb71px\u00bb header_font_size_phone=\u00bb49px\u00bb header_font_size_last_edited=\u00bbon|tablet\u00bb header_3_text_color_tablet=\u00bb\u00bb header_3_text_color_phone=\u00bb\u00bb header_3_text_color_last_edited=\u00bbon|phone\u00bb header_3_font_size_tablet=\u00bb\u00bb header_3_font_size_phone=\u00bb16px\u00bb header_3_font_size_last_edited=\u00bbon|desktop\u00bb header_3_letter_spacing_tablet=\u00bb\u00bb header_3_letter_spacing_phone=\u00bb\u00bb header_3_letter_spacing_last_edited=\u00bbon|desktop\u00bb header_text_shadow_style=\u00bbpreset2&#8243; header_3_text_shadow_style=\u00bbpreset2&#8243; global_colors_info=\u00bb{}\u00bb theme_builder_area=\u00bbpost_content\u00bb]<\/p>\n<h1 style=\"text-align: center;\"><span style=\"color: #ffcc00;\">Por Que&#8230;<\/span><\/h1>\n<p>[\/et_pb_text][\/et_pb_column][\/et_pb_row][\/et_pb_section][et_pb_section fb_built=\u00bb1&#8243; _builder_version=\u00bb4.20.2&#8243; background_image=\u00bbhttps:\/\/astrologie-fuer-dich.de\/wp-content\/uploads\/2019\/06\/Astrologie-fuer-dich_Melnyk2.jpg\u00bb width_tablet=\u00bb\u00bb width_phone=\u00bb\u00bb width_last_edited=\u00bbon|desktop\u00bb min_height=\u00bb800px\u00bb min_height_tablet=\u00bb\u00bb min_height_phone=\u00bb500px\u00bb min_height_last_edited=\u00bbon|phone\u00bb height=\u00bb500px\u00bb max_height=\u00bb500px\u00bb global_colors_info=\u00bb{}\u00bb][\/et_pb_section][et_pb_section fb_built=\u00bb1&#8243; _builder_version=\u00bb4.20.2&#8243; min_height=\u00bb1187px\u00bb custom_padding=\u00bb||||false|false\u00bb global_colors_info=\u00bb{}\u00bb][et_pb_row custom_padding_last_edited=\u00bbon|phone\u00bb _builder_version=\u00bb4.20.2&#8243; min_height=\u00bb785px\u00bb custom_margin=\u00bb0px|auto||auto|false|false\u00bb custom_padding=\u00bb120px||120px||true|false\u00bb custom_padding_tablet=\u00bb\u00bb custom_padding_phone=\u00bb100px||100px||true|false\u00bb global_colors_info=\u00bb{}\u00bb][et_pb_column type=\u00bb4_4&#8243; _builder_version=\u00bb4.16&#8243; custom_padding=\u00bb|||\u00bb global_colors_info=\u00bb{}\u00bb custom_padding__hover=\u00bb|||\u00bb][et_pb_text _builder_version=\u00bb4.20.2&#8243; _module_preset=\u00bbdab81bdd-7ede-403b-892b-547a387a3a9a\u00bb global_colors_info=\u00bb{}\u00bb]<\/p>\n<p>\u00abEspero inspirar a la gente de todo el mundo a mirar hacia las estrellas y no hacia sus pies\u00bb.<\/p>\n<p><span style=\"color: #808080;\"><em>Stephen Hawking<\/em><\/span><\/p>\n<p>[\/et_pb_text][et_pb_divider _builder_version=\u00bb4.20.2&#8243; _module_preset=\u00bb17c42e85-a599-4c1c-87d3-ace84982d7fe\u00bb global_colors_info=\u00bb{}\u00bb][\/et_pb_divider][et_pb_text _builder_version=\u00bb4.20.2&#8243; _module_preset=\u00bbdab81bdd-7ede-403b-892b-547a387a3a9a\u00bb global_colors_info=\u00bb{}\u00bb]<\/p>\n<p>\u201cEs de conocimiento com\u00fan que un porcentaje grande de corredores de Wall Street utilizan la astrolog\u00eda\u201d.<\/p>\n<p><span style=\"color: #808080;\"><em>Ronald Regan<\/em><\/span><\/p>\n<p>[\/et_pb_text][et_pb_divider _builder_version=\u00bb4.20.2&#8243; _module_preset=\u00bb17c42e85-a599-4c1c-87d3-ace84982d7fe\u00bb global_colors_info=\u00bb{}\u00bb][\/et_pb_divider][et_pb_text _builder_version=\u00bb4.20.2&#8243; _module_preset=\u00bbdab81bdd-7ede-403b-892b-547a387a3a9a\u00bb global_colors_info=\u00bb{}\u00bb]<\/p>\n<p>\u201cLa Astrolog\u00eda es la ciencia m\u00e1s vieja, respetada en el pasado por los Grandes y Sabios. Ning\u00fan rey ha hecho la paz ni la guerra, ning\u00fan general ha ganado una batalla, en resumen, ninguna decisi\u00f3n importante se ha hecho sin consultar al astr\u00f3logo\u201d.<\/p>\n<p><span style=\"color: #808080;\"><em>Benjamin Franklin<\/em><\/span><\/p>\n<p>[\/et_pb_text][et_pb_divider _builder_version=\u00bb4.20.2&#8243; _module_preset=\u00bb17c42e85-a599-4c1c-87d3-ace84982d7fe\u00bb global_colors_info=\u00bb{}\u00bb][\/et_pb_divider][et_pb_text _builder_version=\u00bb4.20.2&#8243; _module_preset=\u00bbdefault\u00bb text_font=\u00bb||||||||\u00bb text_text_color=\u00bbgcid-8bf01803-d6a1-4681-8dc3-131a453d9ee6&#8243; text_font_size=\u00bb20px\u00bb text_line_height=\u00bb1.5em\u00bb ol_font=\u00bb||||||||\u00bb header_font=\u00bb||||||||\u00bb text_font_size_tablet=\u00bb\u00bb text_font_size_phone=\u00bb16px\u00bb text_font_size_last_edited=\u00bbon|phone\u00bb global_colors_info=\u00bb{%22gcid-8bf01803-d6a1-4681-8dc3-131a453d9ee6%22:%91%22text_text_color%22%93}\u00bb]<\/p>\n<p>\u00abEl ciclo de las estrellas muestra hacia d\u00f3nde tiende el curso del hombre\u00bb.<\/p>\n<p><span style=\"color: #808080;\"><em>Wolfram von Eschenbach<\/em><\/span><\/p>\n<p>[\/et_pb_text][et_pb_divider _builder_version=\u00bb4.20.2&#8243; _module_preset=\u00bb17c42e85-a599-4c1c-87d3-ace84982d7fe\u00bb global_colors_info=\u00bb{}\u00bb][\/et_pb_divider][et_pb_text _builder_version=\u00bb4.20.2&#8243; text_font=\u00bb||||||||\u00bb text_text_color=\u00bbgcid-8bf01803-d6a1-4681-8dc3-131a453d9ee6&#8243; text_font_size=\u00bb20px\u00bb text_line_height=\u00bb1.5em\u00bb ol_font=\u00bb||||||||\u00bb header_font=\u00bb||||||||\u00bb text_font_size_tablet=\u00bb\u00bb text_font_size_phone=\u00bb16px\u00bb text_font_size_last_edited=\u00bbon|phone\u00bb global_colors_info=\u00bb{%22gcid-8bf01803-d6a1-4681-8dc3-131a453d9ee6%22:%91%22text_text_color%22%93}\u00bb]<\/p>\n<p>\u201cTodo lo que sucede en el Cielo se siente en la naturaleza y en la Tierra\u201d.<\/p>\n<p><span style=\"color: #808080;\"><em>Johannes Kepler<\/em><\/span><\/p>\n<p>[\/et_pb_text][et_pb_divider _builder_version=\u00bb4.20.2&#8243; _module_preset=\u00bb17c42e85-a599-4c1c-87d3-ace84982d7fe\u00bb global_colors_info=\u00bb{}\u00bb][\/et_pb_divider][et_pb_text _builder_version=\u00bb4.20.2&#8243; text_font=\u00bb||||||||\u00bb text_text_color=\u00bbgcid-8bf01803-d6a1-4681-8dc3-131a453d9ee6&#8243; text_font_size=\u00bb20px\u00bb text_line_height=\u00bb1.5em\u00bb ol_font=\u00bb||||||||\u00bb header_font=\u00bb||||||||\u00bb text_font_size_tablet=\u00bb\u00bb text_font_size_phone=\u00bb16px\u00bb text_font_size_last_edited=\u00bbon|phone\u00bb global_colors_info=\u00bb{%22gcid-8bf01803-d6a1-4681-8dc3-131a453d9ee6%22:%91%22text_text_color%22%93}\u00bb]<\/p>\n<p>\u201cDie moderne Astrologie n\u00e4hert sich mehr und mehr der Psychologie und klopft bereits vernehmlich<br \/>an die Tore der Universit\u00e4ten\u201d.<\/p>\n<p><span style=\"color: #808080;\"><em>C. G. Jung<\/em><\/span><\/p>\n<p>[\/et_pb_text][et_pb_divider _builder_version=\u00bb4.20.2&#8243; _module_preset=\u00bb17c42e85-a599-4c1c-87d3-ace84982d7fe\u00bb global_colors_info=\u00bb{}\u00bb][\/et_pb_divider][et_pb_text _builder_version=\u00bb4.20.2&#8243; text_font=\u00bb||||||||\u00bb text_text_color=\u00bbgcid-8bf01803-d6a1-4681-8dc3-131a453d9ee6&#8243; text_font_size=\u00bb20px\u00bb text_line_height=\u00bb1.5em\u00bb ol_font=\u00bb||||||||\u00bb header_font=\u00bb||||||||\u00bb text_font_size_tablet=\u00bb\u00bb text_font_size_phone=\u00bb16px\u00bb text_font_size_last_edited=\u00bbon|phone\u00bb global_colors_info=\u00bb{%22gcid-8bf01803-d6a1-4681-8dc3-131a453d9ee6%22:%91%22text_text_color%22%93}\u00bb]<\/p>\n<p>\u201cAuf der Suche nach Antworten zu seinen vielen Fragen hat der Mensch schon immer zum<br \/>Himmelszelte hochgeblickt, und da sein Suchen so belohnt ward, wird er es auch f\u00fcrderhin thun\u201d.<\/p>\n<p><span style=\"color: #808080;\"><em>Agrippa von Nettesheim<\/em><\/span><\/p>\n<p>[\/et_pb_text][et_pb_divider _builder_version=\u00bb4.20.2&#8243; _module_preset=\u00bb17c42e85-a599-4c1c-87d3-ace84982d7fe\u00bb global_colors_info=\u00bb{}\u00bb][\/et_pb_divider][\/et_pb_column][\/et_pb_row][\/et_pb_section]<\/p>\n","protected":false},"excerpt":{"rendered":"<p>Por Que&#8230;\u00bbEspero inspirar a la gente de todo el mundo a mirar hacia las estrellas y no hacia sus pies\u00bb. Stephen Hawking\u201cEs de conocimiento com\u00fan que un porcentaje grande de corredores de Wall Street utilizan la astrolog\u00eda\u201d. Ronald Regan\u201cLa Astrolog\u00eda es la ciencia m\u00e1s vieja, respetada en el pasado por los Grandes y Sabios. Ning\u00fan [&hellip;]<\/p>\n","protected":false},"author":3,"featured_media":0,"parent":0,"menu_order":11,"comment_status":"closed","ping_status":"closed","template":"","meta":{"_et_pb_use_builder":"on","_et_pb_old_content":"","_et_gb_content_width":"","footnotes":""},"class_list":["post-2375","page","type-page","status-publish","hentry"],"yoast_head":"<!-- This site is optimized with the Yoast SEO plugin v27.0 - https:\/\/yoast.com\/product\/yoast-seo-wordpress\/ -->\n<title>POR QUE... - Psychologische Astrologie f\u00fcr Dich und Deine Lieben<\/title>\n<meta name=\"description\" content=\"\u201cLas estrellas en el Cielo tocan la m\u00fasica y nosotros tenemos o\u00eddos para o\u00edrla\u201d. - Mark Twain\" \/>\n<meta name=\"robots\" content=\"index, follow, max-snippet:-1, max-image-preview:large, max-video-preview:-1\" \/>\n<link rel=\"canonical\" href=\"https:\/\/astrologie-fuer-dich.de\/es\/por-que\/\" \/>\n<meta property=\"og:locale\" content=\"es_ES\" \/>\n<meta property=\"og:type\" content=\"article\" \/>\n<meta property=\"og:title\" content=\"POR QUE... - Psychologische Astrologie f\u00fcr Dich und Deine Lieben\" \/>\n<meta property=\"og:description\" content=\"\u201cLas estrellas en el Cielo tocan la m\u00fasica y nosotros tenemos o\u00eddos para o\u00edrla\u201d. - Mark Twain\" \/>\n<meta property=\"og:url\" content=\"https:\/\/astrologie-fuer-dich.de\/es\/por-que\/\" \/>\n<meta property=\"og:site_name\" content=\"Psychologische Astrologie f\u00fcr Dich und Deine Lieben\" \/>\n<meta property=\"article:modified_time\" content=\"2024-09-06T10:56:24+00:00\" \/>\n<meta name=\"twitter:card\" content=\"summary_large_image\" \/>\n<meta name=\"twitter:label1\" content=\"Tiempo de lectura\" \/>\n\t<meta name=\"twitter:data1\" content=\"5 minutos\" \/>\n<!-- \/ Yoast SEO plugin. -->","yoast_head_json":{"title":"POR QUE... - Psychologische Astrologie f\u00fcr Dich und Deine Lieben","description":"\u201cLas estrellas en el Cielo tocan la m\u00fasica y nosotros tenemos o\u00eddos para o\u00edrla\u201d. - Mark Twain","robots":{"index":"index","follow":"follow","max-snippet":"max-snippet:-1","max-image-preview":"max-image-preview:large","max-video-preview":"max-video-preview:-1"},"canonical":"https:\/\/astrologie-fuer-dich.de\/es\/por-que\/","og_locale":"es_ES","og_type":"article","og_title":"POR QUE... - Psychologische Astrologie f\u00fcr Dich und Deine Lieben","og_description":"\u201cLas estrellas en el Cielo tocan la m\u00fasica y nosotros tenemos o\u00eddos para o\u00edrla\u201d. - Mark Twain","og_url":"https:\/\/astrologie-fuer-dich.de\/es\/por-que\/","og_site_name":"Psychologische Astrologie f\u00fcr Dich und Deine Lieben","article_modified_time":"2024-09-06T10:56:24+00:00","twitter_card":"summary_large_image","twitter_misc":{"Tiempo de lectura":"5 minutos"},"schema":{"@context":"https:\/\/schema.org","@graph":[{"@type":"WebPage","@id":"https:\/\/astrologie-fuer-dich.de\/es\/por-que\/","url":"https:\/\/astrologie-fuer-dich.de\/es\/por-que\/","name":"POR QUE... - Psychologische Astrologie f\u00fcr Dich und Deine Lieben","isPartOf":{"@id":"https:\/\/astrologie-fuer-dich.de\/#website"},"datePublished":"2019-08-19T13:36:59+00:00","dateModified":"2024-09-06T10:56:24+00:00","description":"\u201cLas estrellas en el Cielo tocan la m\u00fasica y nosotros tenemos o\u00eddos para o\u00edrla\u201d. - Mark Twain","breadcrumb":{"@id":"https:\/\/astrologie-fuer-dich.de\/es\/por-que\/#breadcrumb"},"inLanguage":"es","potentialAction":[{"@type":"ReadAction","target":["https:\/\/astrologie-fuer-dich.de\/es\/por-que\/"]}]},{"@type":"BreadcrumbList","@id":"https:\/\/astrologie-fuer-dich.de\/es\/por-que\/#breadcrumb","itemListElement":[{"@type":"ListItem","position":1,"name":"Startseite","item":"https:\/\/astrologie-fuer-dich.de\/es\/"},{"@type":"ListItem","position":2,"name":"POR QUE&#8230;"}]},{"@type":"WebSite","@id":"https:\/\/astrologie-fuer-dich.de\/#website","url":"https:\/\/astrologie-fuer-dich.de\/","name":"Astrologie pers\u00f6nlich f\u00fcr Dich","description":"Pers\u00f6nlich f\u00fcr Dich und Deine Lieben","publisher":{"@id":"https:\/\/astrologie-fuer-dich.de\/#\/schema\/person\/ee3d285f83f0e1dc9affe7874c3c188a"},"potentialAction":[{"@type":"SearchAction","target":{"@type":"EntryPoint","urlTemplate":"https:\/\/astrologie-fuer-dich.de\/?s={search_term_string}"},"query-input":{"@type":"PropertyValueSpecification","valueRequired":true,"valueName":"search_term_string"}}],"inLanguage":"es"},{"@type":["Person","Organization"],"@id":"https:\/\/astrologie-fuer-dich.de\/#\/schema\/person\/ee3d285f83f0e1dc9affe7874c3c188a","name":"Misha Melnyk","image":{"@type":"ImageObject","inLanguage":"es","@id":"https:\/\/astrologie-fuer-dich.de\/#\/schema\/person\/image\/","url":"https:\/\/astrologie-fuer-dich.de\/wp-content\/uploads\/2023\/03\/cropped-Logo.png","contentUrl":"https:\/\/astrologie-fuer-dich.de\/wp-content\/uploads\/2023\/03\/cropped-Logo.png","width":512,"height":512,"caption":"Misha Melnyk"},"logo":{"@id":"https:\/\/astrologie-fuer-dich.de\/#\/schema\/person\/image\/"},"sameAs":["http:\/\/www.astrologie-fuer-dich.de"]}]}},"_links":{"self":[{"href":"https:\/\/astrologie-fuer-dich.de\/es\/wp-json\/wp\/v2\/pages\/2375","targetHints":{"allow":["GET"]}}],"collection":[{"href":"https:\/\/astrologie-fuer-dich.de\/es\/wp-json\/wp\/v2\/pages"}],"about":[{"href":"https:\/\/astrologie-fuer-dich.de\/es\/wp-json\/wp\/v2\/types\/page"}],"author":[{"embeddable":true,"href":"https:\/\/astrologie-fuer-dich.de\/es\/wp-json\/wp\/v2\/users\/3"}],"replies":[{"embeddable":true,"href":"https:\/\/astrologie-fuer-dich.de\/es\/wp-json\/wp\/v2\/comments?post=2375"}],"version-history":[{"count":5,"href":"https:\/\/astrologie-fuer-dich.de\/es\/wp-json\/wp\/v2\/pages\/2375\/revisions"}],"predecessor-version":[{"id":7480,"href":"https:\/\/astrologie-fuer-dich.de\/es\/wp-json\/wp\/v2\/pages\/2375\/revisions\/7480"}],"wp:attachment":[{"href":"https:\/\/astrologie-fuer-dich.de\/es\/wp-json\/wp\/v2\/media?parent=2375"}],"curies":[{"name":"wp","href":"https:\/\/api.w.org\/{rel}","templated":true}]}}