{"id":2356,"date":"2019-08-12T17:44:45","date_gmt":"2019-08-12T17:44:45","guid":{"rendered":"https:\/\/astrologie-fuer-dich.de\/sobre-mi"},"modified":"2024-09-06T13:37:15","modified_gmt":"2024-09-06T11:37:15","slug":"sobre-mi","status":"publish","type":"page","link":"https:\/\/astrologie-fuer-dich.de\/es\/sobre-mi\/","title":{"rendered":"SOBRE M\u00cd"},"content":{"rendered":"<p>[et_pb_section fb_built=\u00bb1&#8243; theme_builder_area=\u00bbpost_content\u00bb _builder_version=\u00bb4.27.0&#8243; _module_preset=\u00bbdefault\u00bb custom_padding=\u00bb1px||2px|||\u00bb][et_pb_row _builder_version=\u00bb4.27.0&#8243; _module_preset=\u00bbdefault\u00bb theme_builder_area=\u00bbpost_content\u00bb custom_padding=\u00bb||24px|||\u00bb hover_enabled=\u00bb0&#8243; sticky_enabled=\u00bb0&#8243;][et_pb_column _builder_version=\u00bb4.27.0&#8243; _module_preset=\u00bbdefault\u00bb type=\u00bb4_4&#8243; theme_builder_area=\u00bbpost_content\u00bb][et_pb_text _builder_version=\u00bb4.27.0&#8243; custom_margin=\u00bb||||false|false\u00bb custom_margin_phone=\u00bb47px||||false|false\u00bb custom_margin_last_edited=\u00bbon|desktop\u00bb custom_padding_last_edited=\u00bbon|desktop\u00bb hover_enabled=\u00bb0&#8243; global_colors_info=\u00bb{}\u00bb header_text_align=\u00bbleft\u00bb _module_preset=\u00bb4aac0358-94c7-4498-97db-5b0fbe2f4930&#8243; sticky_enabled=\u00bb0&#8243; custom_padding_phone=\u00bb0px||0px||false|false\u00bb custom_padding_tablet=\u00bb0px||0px||false|false\u00bb custom_padding=\u00bb0px||0px||false|false\u00bb module_alignment=\u00bbcenter\u00bb theme_builder_area=\u00bbpost_content\u00bb custom_margin_tablet=\u00bb||||false|false\u00bb]<\/p>\n<h1 style=\"text-align: center;\"><span style=\"color: #ffcc00;\">Sobre m\u00ed<\/span><\/h1>\n<p>[\/et_pb_text][\/et_pb_column][\/et_pb_row][\/et_pb_section][et_pb_section fb_built=\u00bb1&#8243; _builder_version=\u00bb4.20.2&#8243; background_image=\u00bbhttps:\/\/astrologie-fuer-dich.de\/wp-content\/uploads\/2019\/09\/IMG-20190826-WA0002.jpg\u00bb width_tablet=\u00bb\u00bb width_phone=\u00bb\u00bb width_last_edited=\u00bbon|desktop\u00bb min_height=\u00bb800px\u00bb min_height_tablet=\u00bb\u00bb min_height_phone=\u00bb500px\u00bb min_height_last_edited=\u00bbon|phone\u00bb height=\u00bb500px\u00bb max_height=\u00bb500px\u00bb custom_margin=\u00bb0px||||false|false\u00bb global_colors_info=\u00bb{}\u00bb][\/et_pb_section][et_pb_section fb_built=\u00bb1&#8243; _builder_version=\u00bb4.20.2&#8243; parallax=\u00bbon\u00bb custom_margin=\u00bb-50px||0px||false|false\u00bb global_colors_info=\u00bb{}\u00bb][et_pb_row _builder_version=\u00bb4.16&#8243; min_height=\u00bb686px\u00bb custom_margin=\u00bb120px|auto|0px|auto|false|false\u00bb custom_margin_tablet=\u00bb120px||||false|false\u00bb custom_margin_phone=\u00bb50px||50px||true|false\u00bb custom_margin_last_edited=\u00bbon|phone\u00bb global_colors_info=\u00bb{}\u00bb][et_pb_column type=\u00bb4_4&#8243; _builder_version=\u00bb4.16&#8243; custom_padding=\u00bb|||\u00bb global_colors_info=\u00bb{}\u00bb custom_padding__hover=\u00bb|||\u00bb][et_pb_text _builder_version=\u00bb4.20.4&#8243; text_font=\u00bbCairo||||||||\u00bb text_text_color=\u00bbgcid-040ce981-e918-4de5-aa55-11c10dcacf01&#8243; text_font_size=\u00bb20px\u00bb text_line_height=\u00bb1.5em\u00bb header_text_color=\u00bbgcid-8bf01803-d6a1-4681-8dc3-131a453d9ee6&#8243; header_2_font=\u00bbCairo||||||||\u00bb header_2_text_color=\u00bbgcid-8bf01803-d6a1-4681-8dc3-131a453d9ee6&#8243; text_orientation=\u00bbjustify\u00bb custom_padding=\u00bb||0px||false|false\u00bb text_font_size_tablet=\u00bb20px\u00bb text_font_size_phone=\u00bb16px\u00bb text_font_size_last_edited=\u00bbon|phone\u00bb text_text_align=\u00bbjustify\u00bb global_colors_info=\u00bb{%22gcid-8bf01803-d6a1-4681-8dc3-131a453d9ee6%22:%91%22header_text_color%22,%22header_2_text_color%22%93,%22gcid-040ce981-e918-4de5-aa55-11c10dcacf01%22:%91%22text_text_color%22%93}\u00bb]<\/p>\n<h1>Me llamo Misha<\/h1>\n<p>Nac\u00ed en la Union Sovietica (ahora Ucrania). Desde ni\u00f1o el mundo del arte me result\u00f3 muy familiar y nutriente a nivel espiritual. Mi inter\u00e9s por la pintura y la danza me llev\u00f3 a graduarme de la Staatskunstschule y seguir una carrera de 10 a\u00f1os como bailarina solista en danza folcl\u00f3rica acad\u00e9mica. Por presiones familiares, mientras bailaba estudiaba en la Facultad de econ\u00f3micas. Aunque mi familia consideraba el trabajo de bailar\u00edn poco adecuado, la vida por s\u00ed sola ha demostrado todo lo contrario. Gracias a la danza he podido conocer Europa y enamorarme de Espa\u00f1a y su cultura.<\/p>\n<p>Durante 11 a\u00f1os he vivido y trabajado en Espa\u00f1a. Estudi\u00e9 en Madrid terapias manuales, masaje deportivo y osteopat\u00eda con Javier Cano Mu\u00f1oz y a partir del 2008 empec\u00e9 a desarrollarme laboralmente en este campo. Desde el comienzo mis terapias han estado muy ligadas al tratamiento de bailarines.<\/p>\n<p>Mi inter\u00e9s por la astrolog\u00eda surgi\u00f3 hace a\u00f1os, pero gracias a lo que Deepak Chopra define como \u201csincronizaci\u00f3n\u201d, me anim\u00e9 a estudiarla. Me form\u00e9 en astrolog\u00eda psicol\u00f3gica en la escuela de Jos\u00e9 Royo. Tres cursos para estudiar el programa completo para ejercer de astrologo a nivel profesional, entre agosto 2016 y septiembre 2018. <a href=\"http:\/\/www.astrologiadelser.com\">www.astrologiadelser.com<\/a> <\/p>\n<h2><span style=\"font-size: 20px;\"><\/span><\/h2>\n<h2><span style=\"font-size: 20px;\"><\/span><\/h2>\n<h2><span style=\"font-size: 20px;\">Otros intereses<\/span><span style=\"font-size: 20px;\"><\/span><\/h2>\n<ul>\n<li>Me gusta pintar (si te interesa puedes ver algunos de mis trabajos en la <em>galer\u00eda<\/em>).<\/li>\n<li>Me interesa observar las posibilidades del cuerpo humano en movimiento, especialmente durante una clase de ballet!<\/li>\n<li>Me encanta beber te Earl Grey.<\/li>\n<li>Me gusta la Historia.<\/li>\n<li>Alg\u00fan d\u00eda me gustar\u00eda aprender \u00e1rabe.<\/li>\n<li>Disfruto la poes\u00eda de Lao Tse.<\/li>\n<\/ul>\n<p>[\/et_pb_text][\/et_pb_column][\/et_pb_row][et_pb_row _builder_version=\u00bb4.20.2&#8243; locked=\u00bboff\u00bb global_colors_info=\u00bb{}\u00bb][et_pb_column type=\u00bb4_4&#8243; _builder_version=\u00bb4.20.2&#8243; custom_padding=\u00bb|||\u00bb global_colors_info=\u00bb{}\u00bb custom_padding__hover=\u00bb|||\u00bb][et_pb_text admin_label=\u00bbTitle\u00bb _builder_version=\u00bb4.20.2&#8243; text_font=\u00bb||||\u00bb text_text_color=\u00bb#1a1a1a\u00bb header_font=\u00bbCairo|700||on|||||\u00bb header_text_align=\u00bbcenter\u00bb header_text_color=\u00bbgcid-8bf01803-d6a1-4681-8dc3-131a453d9ee6&#8243; header_font_size=\u00bb60px\u00bb header_line_height=\u00bb1.3em\u00bb module_alignment=\u00bbcenter\u00bb min_height=\u00bb59px\u00bb custom_margin=\u00bb25px||30px||false|false\u00bb custom_padding=\u00bb|||\u00bb animation_style=\u00bbslide\u00bb animation_direction=\u00bbtop\u00bb animation_intensity_slide=\u00bb10%\u00bb locked=\u00bboff\u00bb inline_fonts=\u00bbCairo\u00bb global_colors_info=\u00bb{%22gcid-8bf01803-d6a1-4681-8dc3-131a453d9ee6%22:%91%22header_text_color%22%93}\u00bb]<\/p>\n<h1><span style=\"font-family: Cairo; font-weight: normal;\">galer\u00eda<\/span><\/h1>\n<p>[\/et_pb_text][et_pb_gallery gallery_ids=\u00bb2117,2115,2113,2109,2107,2105,2103,2101,2099,2097,2095,2093,2089,2087,2085,2083,2081,2079,2077,2075,2073,2071,2069,2067&#8243; posts_number=\u00bb24&#8243; show_pagination=\u00bboff\u00bb _builder_version=\u00bb4.20.2&#8243; title_font=\u00bb||||||||\u00bb caption_font=\u00bbAmatic SC||||||||\u00bb caption_text_align=\u00bbcenter\u00bb caption_text_color=\u00bb#1f2148&#8243; global_colors_info=\u00bb{}\u00bb][\/et_pb_gallery][\/et_pb_column][\/et_pb_row][\/et_pb_section]<\/p>\n","protected":false},"excerpt":{"rendered":"<p>Sobre m\u00edMe llamo Misha Nac\u00ed en la Union Sovietica (ahora Ucrania). Desde ni\u00f1o el mundo del arte me result\u00f3 muy familiar y nutriente a nivel espiritual. Mi inter\u00e9s por la pintura y la danza me llev\u00f3 a graduarme de la Staatskunstschule y seguir una carrera de 10 a\u00f1os como bailarina solista en danza folcl\u00f3rica acad\u00e9mica. [&hellip;]<\/p>\n","protected":false},"author":3,"featured_media":0,"parent":0,"menu_order":20,"comment_status":"closed","ping_status":"closed","template":"","meta":{"_et_pb_use_builder":"on","_et_pb_old_content":"","_et_gb_content_width":"","footnotes":""},"class_list":["post-2356","page","type-page","status-publish","hentry"],"yoast_head":"<!-- This site is optimized with the Yoast SEO plugin v27.0 - https:\/\/yoast.com\/product\/yoast-seo-wordpress\/ -->\n<title>SOBRE M\u00cd - Psychologische Astrologie f\u00fcr Dich und Deine Lieben<\/title>\n<meta name=\"description\" content=\"Me llam\u00f3 Misha. Mi inter\u00e9s por la astrolog\u00eda surgi\u00f3 hace a\u00f1os, pero gracias a lo que Deepak Chopra define como \u201csincronizaci\u00f3n\u201d, me anim\u00e9 a estudiarla profesionalmente.\" \/>\n<meta name=\"robots\" content=\"index, follow, max-snippet:-1, max-image-preview:large, max-video-preview:-1\" \/>\n<link rel=\"canonical\" href=\"https:\/\/astrologie-fuer-dich.de\/es\/sobre-mi\/\" \/>\n<meta property=\"og:locale\" content=\"es_ES\" \/>\n<meta property=\"og:type\" content=\"article\" \/>\n<meta property=\"og:title\" content=\"SOBRE M\u00cd - Psychologische Astrologie f\u00fcr Dich und Deine Lieben\" \/>\n<meta property=\"og:description\" content=\"Me llam\u00f3 Misha. Mi inter\u00e9s por la astrolog\u00eda surgi\u00f3 hace a\u00f1os, pero gracias a lo que Deepak Chopra define como \u201csincronizaci\u00f3n\u201d, me anim\u00e9 a estudiarla profesionalmente.\" \/>\n<meta property=\"og:url\" content=\"https:\/\/astrologie-fuer-dich.de\/es\/sobre-mi\/\" \/>\n<meta property=\"og:site_name\" content=\"Psychologische Astrologie f\u00fcr Dich und Deine Lieben\" \/>\n<meta property=\"article:modified_time\" content=\"2024-09-06T11:37:15+00:00\" \/>\n<meta name=\"twitter:card\" content=\"summary_large_image\" \/>\n<meta name=\"twitter:label1\" content=\"Tiempo de lectura\" \/>\n\t<meta name=\"twitter:data1\" content=\"4 minutos\" \/>\n<!-- \/ Yoast SEO plugin. -->","yoast_head_json":{"title":"SOBRE M\u00cd - Psychologische Astrologie f\u00fcr Dich und Deine Lieben","description":"Me llam\u00f3 Misha. Mi inter\u00e9s por la astrolog\u00eda surgi\u00f3 hace a\u00f1os, pero gracias a lo que Deepak Chopra define como \u201csincronizaci\u00f3n\u201d, me anim\u00e9 a estudiarla profesionalmente.","robots":{"index":"index","follow":"follow","max-snippet":"max-snippet:-1","max-image-preview":"max-image-preview:large","max-video-preview":"max-video-preview:-1"},"canonical":"https:\/\/astrologie-fuer-dich.de\/es\/sobre-mi\/","og_locale":"es_ES","og_type":"article","og_title":"SOBRE M\u00cd - Psychologische Astrologie f\u00fcr Dich und Deine Lieben","og_description":"Me llam\u00f3 Misha. Mi inter\u00e9s por la astrolog\u00eda surgi\u00f3 hace a\u00f1os, pero gracias a lo que Deepak Chopra define como \u201csincronizaci\u00f3n\u201d, me anim\u00e9 a estudiarla profesionalmente.","og_url":"https:\/\/astrologie-fuer-dich.de\/es\/sobre-mi\/","og_site_name":"Psychologische Astrologie f\u00fcr Dich und Deine Lieben","article_modified_time":"2024-09-06T11:37:15+00:00","twitter_card":"summary_large_image","twitter_misc":{"Tiempo de lectura":"4 minutos"},"schema":{"@context":"https:\/\/schema.org","@graph":[{"@type":"WebPage","@id":"https:\/\/astrologie-fuer-dich.de\/es\/sobre-mi\/","url":"https:\/\/astrologie-fuer-dich.de\/es\/sobre-mi\/","name":"SOBRE M\u00cd - Psychologische Astrologie f\u00fcr Dich und Deine Lieben","isPartOf":{"@id":"https:\/\/astrologie-fuer-dich.de\/#website"},"datePublished":"2019-08-12T17:44:45+00:00","dateModified":"2024-09-06T11:37:15+00:00","description":"Me llam\u00f3 Misha. Mi inter\u00e9s por la astrolog\u00eda surgi\u00f3 hace a\u00f1os, pero gracias a lo que Deepak Chopra define como \u201csincronizaci\u00f3n\u201d, me anim\u00e9 a estudiarla profesionalmente.","breadcrumb":{"@id":"https:\/\/astrologie-fuer-dich.de\/es\/sobre-mi\/#breadcrumb"},"inLanguage":"es","potentialAction":[{"@type":"ReadAction","target":["https:\/\/astrologie-fuer-dich.de\/es\/sobre-mi\/"]}]},{"@type":"BreadcrumbList","@id":"https:\/\/astrologie-fuer-dich.de\/es\/sobre-mi\/#breadcrumb","itemListElement":[{"@type":"ListItem","position":1,"name":"Startseite","item":"https:\/\/astrologie-fuer-dich.de\/es\/"},{"@type":"ListItem","position":2,"name":"SOBRE M\u00cd"}]},{"@type":"WebSite","@id":"https:\/\/astrologie-fuer-dich.de\/#website","url":"https:\/\/astrologie-fuer-dich.de\/","name":"Astrologie pers\u00f6nlich f\u00fcr Dich","description":"Pers\u00f6nlich f\u00fcr Dich und Deine Lieben","publisher":{"@id":"https:\/\/astrologie-fuer-dich.de\/#\/schema\/person\/ee3d285f83f0e1dc9affe7874c3c188a"},"potentialAction":[{"@type":"SearchAction","target":{"@type":"EntryPoint","urlTemplate":"https:\/\/astrologie-fuer-dich.de\/?s={search_term_string}"},"query-input":{"@type":"PropertyValueSpecification","valueRequired":true,"valueName":"search_term_string"}}],"inLanguage":"es"},{"@type":["Person","Organization"],"@id":"https:\/\/astrologie-fuer-dich.de\/#\/schema\/person\/ee3d285f83f0e1dc9affe7874c3c188a","name":"Misha Melnyk","image":{"@type":"ImageObject","inLanguage":"es","@id":"https:\/\/astrologie-fuer-dich.de\/#\/schema\/person\/image\/","url":"https:\/\/astrologie-fuer-dich.de\/wp-content\/uploads\/2023\/03\/cropped-Logo.png","contentUrl":"https:\/\/astrologie-fuer-dich.de\/wp-content\/uploads\/2023\/03\/cropped-Logo.png","width":512,"height":512,"caption":"Misha Melnyk"},"logo":{"@id":"https:\/\/astrologie-fuer-dich.de\/#\/schema\/person\/image\/"},"sameAs":["http:\/\/www.astrologie-fuer-dich.de"]}]}},"_links":{"self":[{"href":"https:\/\/astrologie-fuer-dich.de\/es\/wp-json\/wp\/v2\/pages\/2356","targetHints":{"allow":["GET"]}}],"collection":[{"href":"https:\/\/astrologie-fuer-dich.de\/es\/wp-json\/wp\/v2\/pages"}],"about":[{"href":"https:\/\/astrologie-fuer-dich.de\/es\/wp-json\/wp\/v2\/types\/page"}],"author":[{"embeddable":true,"href":"https:\/\/astrologie-fuer-dich.de\/es\/wp-json\/wp\/v2\/users\/3"}],"replies":[{"embeddable":true,"href":"https:\/\/astrologie-fuer-dich.de\/es\/wp-json\/wp\/v2\/comments?post=2356"}],"version-history":[{"count":5,"href":"https:\/\/astrologie-fuer-dich.de\/es\/wp-json\/wp\/v2\/pages\/2356\/revisions"}],"predecessor-version":[{"id":7511,"href":"https:\/\/astrologie-fuer-dich.de\/es\/wp-json\/wp\/v2\/pages\/2356\/revisions\/7511"}],"wp:attachment":[{"href":"https:\/\/astrologie-fuer-dich.de\/es\/wp-json\/wp\/v2\/media?parent=2356"}],"curies":[{"name":"wp","href":"https:\/\/api.w.org\/{rel}","templated":true}]}}