{"id":2193,"date":"2019-06-18T06:53:15","date_gmt":"2019-06-18T06:53:15","guid":{"rendered":"http:\/\/astrologie-fuer-dich.de\/que"},"modified":"2024-09-06T12:52:59","modified_gmt":"2024-09-06T10:52:59","slug":"que","status":"publish","type":"page","link":"https:\/\/astrologie-fuer-dich.de\/es\/que\/","title":{"rendered":"QU\u00c9&#8230;"},"content":{"rendered":"<p>[et_pb_section fb_built=\u00bb1&#8243; _builder_version=\u00bb4.27.0&#8243; _module_preset=\u00bbdefault\u00bb custom_padding=\u00bb0px||2px|||\u00bb global_colors_info=\u00bb{}\u00bb][et_pb_row _builder_version=\u00bb4.27.0&#8243; max_width_tablet=\u00bb\u00bb max_width_phone=\u00bb\u00bb max_width_last_edited=\u00bbon|desktop\u00bb global_colors_info=\u00bb{}\u00bb][et_pb_column type=\u00bb4_4&#8243; _builder_version=\u00bb4.16&#8243; global_colors_info=\u00bb{}\u00bb][et_pb_text _builder_version=\u00bb4.27.0&#8243; text_font=\u00bbCairo|700|||||||\u00bb text_text_color=\u00bb#ffffff\u00bb header_font=\u00bb|600|||||||\u00bb header_text_color=\u00bb#ffffff\u00bb header_font_size=\u00bb80px\u00bb header_line_height=\u00bb1.1em\u00bb header_3_text_color=\u00bb#ffffff\u00bb header_3_font_size=\u00bb40px\u00bb width_tablet=\u00bb\u00bb width_phone=\u00bb\u00bb width_last_edited=\u00bbon|phone\u00bb height_tablet=\u00bb\u00bb height_phone=\u00bb\u00bb height_last_edited=\u00bbon|desktop\u00bb custom_margin=\u00bb-10px|||||\u00bb custom_padding=\u00bb100px||100px||false|false\u00bb custom_padding_tablet=\u00bb16px||40px||false|false\u00bb custom_padding_phone=\u00bb28px||17px||false|false\u00bb custom_padding_last_edited=\u00bbon|phone\u00bb text_font_tablet=\u00bbCairo|700|||||||\u00bb text_font_phone=\u00bbCairo|700|||||||\u00bb text_font_last_edited=\u00bbon|phone\u00bb header_font_size_tablet=\u00bb71px\u00bb header_font_size_phone=\u00bb49px\u00bb header_font_size_last_edited=\u00bbon|tablet\u00bb header_3_text_color_tablet=\u00bb\u00bb header_3_text_color_phone=\u00bb\u00bb header_3_text_color_last_edited=\u00bbon|phone\u00bb header_3_font_size_tablet=\u00bb\u00bb header_3_font_size_phone=\u00bb16px\u00bb header_3_font_size_last_edited=\u00bbon|desktop\u00bb header_3_letter_spacing_tablet=\u00bb\u00bb header_3_letter_spacing_phone=\u00bb\u00bb header_3_letter_spacing_last_edited=\u00bbon|desktop\u00bb header_text_shadow_style=\u00bbpreset2&#8243; header_3_text_shadow_style=\u00bbpreset2&#8243; global_colors_info=\u00bb{}\u00bb]<\/p>\n<h1 style=\"text-align: center;\"><span style=\"color: #ffcc00;\">Que&#8230;<\/span><\/h1>\n<p>[\/et_pb_text][\/et_pb_column][\/et_pb_row][\/et_pb_section][et_pb_section fb_built=\u00bb1&#8243; _builder_version=\u00bb4.20.2&#8243; background_image=\u00bbhttps:\/\/astrologie-fuer-dich.de\/wp-content\/uploads\/2019\/06\/Astrologie-fuer-dich_Melnyk1.jpg\u00bb width_tablet=\u00bb\u00bb width_phone=\u00bb\u00bb width_last_edited=\u00bbon|desktop\u00bb min_height=\u00bb800px\u00bb min_height_tablet=\u00bb\u00bb min_height_phone=\u00bb500px\u00bb min_height_last_edited=\u00bbon|phone\u00bb height=\u00bb500px\u00bb max_height=\u00bb500px\u00bb global_colors_info=\u00bb{}\u00bb][\/et_pb_section][et_pb_section fb_built=\u00bb1&#8243; admin_label=\u00bbSektion\u00bb _builder_version=\u00bb4.20.2&#8243; _module_preset=\u00bbdefault\u00bb global_colors_info=\u00bb{}\u00bb][et_pb_row _builder_version=\u00bb4.20.2&#8243; _module_preset=\u00bbdefault\u00bb custom_margin_tablet=\u00bb\u00bb custom_margin_phone=\u00bb\u00bb custom_margin_last_edited=\u00bbon|desktop\u00bb global_colors_info=\u00bb{}\u00bb][et_pb_column type=\u00bb4_4&#8243; admin_label=\u00bbDividir\u00bb _builder_version=\u00bb4.20.2&#8243; _module_preset=\u00bbdefault\u00bb global_colors_info=\u00bb{}\u00bb][et_pb_text content_tablet=\u00bb<\/p>\n<h1>Mi oferta<\/h1>\n<ul>\n<li> Gratis &#8211; Charla introductoria <\/li>\n<li>185,00 &#8211; An\u00e1lisis e interpretaci\u00f3n de la Carta Astral, 90min<\/li>\n<li>185,00 &#8211; An\u00e1lisis e interpretaci\u00f3n de la Carta Astral de ni\u00f1os o adolescetes, 90min<\/li>\n<li>125,00 &#8211; Pron\u00f3stico astrol\u00f3gico para el pr\u00f3ximo a\u00f1o o para los pr\u00f3ximos 12 meses, 60 min<\/li>\n<li>125,00 &#8211; An\u00e1lisis e interpretaci\u00f3n de la Carta Astral para un hecho o ina etapa determinada (del pasado o del futuro), 60min<\/li>\n<li>185,00 &#8211; An\u00e1lisis e interpretaci\u00f3n de la Carta Astral para el trabajo, la salud, el amor, el hogar, la familia, la espiritualidad, el karma&#8230;, 90min<\/li>\n<li> 95,00 &#8211; Charla astrol\u00f3gica, 60min<\/li>\n<li>Workshops<\/li>\n<\/ul>\n<p><strong><\/strong><\/p>\n<p><strong>Para crear un diagrama de carta astral natal (mapa natal), necesitamos la fecha de nacimiento, la ubicaci\u00f3n y la hora.<\/strong><\/p>\n<p><strong>Cada diagrama de carta astral natal (mapa natal), se calcula e interpreta s\u00f3lo con el consentimiento de la(s) parte(s) interesada(s).<\/strong><\/p>\n<p>\u00bb content_phone=\u00bb<\/p>\n<h1 style=%22text-align: left;%22>Mi perfil de servicio  <\/h1>\n<ul>\n<li> Gratis &#8211; Charla introductoria <\/li>\n<li>185,00 &#8211; An\u00e1lisis e interpretaci\u00f3n de la Carta Astral, 90min<\/li>\n<li>185,00 &#8211; An\u00e1lisis e interpretaci\u00f3n de la Carta Astral de ni\u00f1os o adolescetes, 90min<\/li>\n<li>125,00 &#8211; Pron\u00f3stico astrol\u00f3gico para un a\u00f1odeterminado o 12 meses , 60min<\/li>\n<li>125,00 &#8211; An\u00e1lisis e interpretaci\u00f3n de la Carta Astral para un hecho o ina etapa determinada (del pasado o del futuro), 60min<\/li>\n<li>185,00 &#8211; An\u00e1lisis e interpretaci\u00f3n de la Carta Astral para el trabajo, la salud, el amor, el hogar, la familia, la espiritualidad, el karma&#8230;, 90min<\/li>\n<li> 95,00 &#8211; Charla astrol\u00f3gica, 60min<\/li>\n<li>Workshops<\/li>\n<\/ul>\n<p><strong><\/strong><\/p>\n<p><strong>Para crear un diagrama de carta astral natal (mapa natal), necesitamos la fecha de nacimiento, la ubicaci\u00f3n y la hora.<\/strong><\/p>\n<p><strong>Cada diagrama de carta astral natal (mapa natal), se calcula e interpreta s\u00f3lo con el consentimiento de la(s) parte(s) interesada(s).<\/strong><\/p>\n<p>\u00bb content_last_edited=\u00bbon|phone\u00bb _builder_version=\u00bb4.20.4&#8243; _module_preset=\u00bb20db7456-83c7-4985-86b1-e4ac535b54bf\u00bb text_orientation=\u00bbleft\u00bb min_height=\u00bb425px\u00bb min_height_tablet=\u00bb425px\u00bb min_height_phone=\u00bb766px\u00bb min_height_last_edited=\u00bbon|phone\u00bb custom_margin=\u00bb50px||1px||false|false\u00bb custom_margin_tablet=\u00bb-20px||||false|false\u00bb custom_margin_phone=\u00bb20px||||false|false\u00bb custom_margin_last_edited=\u00bbon|phone\u00bb global_colors_info=\u00bb{}\u00bb custom_padding__hover_enabled=\u00bbon|desktop\u00bb]<\/p>\n<h1>Mi oferta<\/h1>\n<ul>\n<li> Gratis &#8211; Charla de introduccion<\/li>\n<li>185,00 &#8211; An\u00e1lisis e interpretaci\u00f3n de la Carta Astral, 90min<\/li>\n<li>185,00 &#8211; An\u00e1lisis e interpretaci\u00f3n de la Carta Astral de ni\u00f1os o adolescetes, 90min<\/li>\n<li>125,00 &#8211; Pron\u00f3stico astrol\u00f3gico para un a\u00f1odeterminado o 12 meses , 60min<\/li>\n<li>125,00 &#8211; An\u00e1lisis e interpretaci\u00f3n de la Carta Astral para un hecho o ina etapa determinada (del pasado o del futuro), 60min<\/li>\n<li>185,00 &#8211; An\u00e1lisis e interpretaci\u00f3n de la Carta Astral para el trabajo, la salud, el amor, el hogar, la familia, la espiritualidad, el karma&#8230;, 90min<\/li>\n<li> 95,00 &#8211; Charla astrol\u00f3gica, 60min<\/li>\n<li> Workshops<\/li>\n<\/ul>\n<p><strong>Para crear un diagrama de carta astral natal (mapa natal), necesitamos la fecha de nacimiento, la ubicaci\u00f3n y la hora.<\/strong><\/p>\n<p><strong>Cada diagrama de carta astral natal (mapa natal), se calcula e interpreta s\u00f3lo con el consentimiento de la(s) parte(s) interesada(s).<\/strong><\/p>\n<p>[\/et_pb_text][\/et_pb_column][\/et_pb_row][\/et_pb_section][et_pb_section fb_built=\u00bb1&#8243; fullwidth=\u00bbon\u00bb custom_padding_last_edited=\u00bbon|desktop\u00bb _builder_version=\u00bb4.20.2&#8243; background_image=\u00bbhttps:\/\/astrologie-fuer-dich.de\/wp-content\/uploads\/2019\/09\/Was_Misha_Melnyk_1-1.jpg\u00bb min_height=\u00bb819px\u00bb min_height_tablet=\u00bbauto\u00bb min_height_phone=\u00bb\u00bb min_height_last_edited=\u00bbon|tablet\u00bb height=\u00bb800px\u00bb height_tablet=\u00bb800px\u00bb height_phone=\u00bb500px\u00bb height_last_edited=\u00bbon|desktop\u00bb max_height=\u00bb800px\u00bb max_height_tablet=\u00bb800px\u00bb max_height_phone=\u00bb500px\u00bb max_height_last_edited=\u00bbon|desktop\u00bb custom_margin=\u00bb||||false|false\u00bb custom_margin_tablet=\u00bb\u00bb custom_margin_phone=\u00bb\u00bb custom_margin_last_edited=\u00bbon|phone\u00bb custom_padding=\u00bb||0px||false|false\u00bb custom_padding_tablet=\u00bb\u00bb custom_padding_phone=\u00bb\u00bb background_last_edited=\u00bbon|phone\u00bb background_position_phone=\u00bbbottom_left\u00bb global_colors_info=\u00bb{}\u00bb][\/et_pb_section]<\/p>\n","protected":false},"excerpt":{"rendered":"<p>Que&#8230;Mi oferta Gratis &#8211; Charla de introduccion 185,00 &#8211; An\u00e1lisis e interpretaci\u00f3n de la Carta Astral, 90min 185,00 &#8211; An\u00e1lisis e interpretaci\u00f3n de la Carta Astral de ni\u00f1os o adolescetes, 90min 125,00 &#8211; Pron\u00f3stico astrol\u00f3gico para un a\u00f1odeterminado o 12 meses , 60min 125,00 &#8211; An\u00e1lisis e interpretaci\u00f3n de la Carta Astral para un hecho [&hellip;]<\/p>\n","protected":false},"author":3,"featured_media":0,"parent":0,"menu_order":8,"comment_status":"closed","ping_status":"closed","template":"","meta":{"_et_pb_use_builder":"on","_et_pb_old_content":"","_et_gb_content_width":"","footnotes":""},"class_list":["post-2193","page","type-page","status-publish","hentry"],"yoast_head":"<!-- This site is optimized with the Yoast SEO plugin v27.0 - https:\/\/yoast.com\/product\/yoast-seo-wordpress\/ -->\n<title>QU\u00c9... - Psychologische Astrologie f\u00fcr Dich und Deine Lieben<\/title>\n<meta name=\"description\" content=\"Para crear una carta astral (una carta natal), necesitamos la fecha de nacimiento, el lugar y la hora.\" \/>\n<meta name=\"robots\" content=\"index, follow, max-snippet:-1, max-image-preview:large, max-video-preview:-1\" \/>\n<link rel=\"canonical\" href=\"https:\/\/astrologie-fuer-dich.de\/es\/que\/\" \/>\n<meta property=\"og:locale\" content=\"es_ES\" \/>\n<meta property=\"og:type\" content=\"article\" \/>\n<meta property=\"og:title\" content=\"QU\u00c9... - Psychologische Astrologie f\u00fcr Dich und Deine Lieben\" \/>\n<meta property=\"og:description\" content=\"Para crear una carta astral (una carta natal), necesitamos la fecha de nacimiento, el lugar y la hora.\" \/>\n<meta property=\"og:url\" content=\"https:\/\/astrologie-fuer-dich.de\/es\/que\/\" \/>\n<meta property=\"og:site_name\" content=\"Psychologische Astrologie f\u00fcr Dich und Deine Lieben\" \/>\n<meta property=\"article:modified_time\" content=\"2024-09-06T10:52:59+00:00\" \/>\n<meta name=\"twitter:card\" content=\"summary_large_image\" \/>\n<meta name=\"twitter:label1\" content=\"Tiempo de lectura\" \/>\n\t<meta name=\"twitter:data1\" content=\"5 minutos\" \/>\n<!-- \/ Yoast SEO plugin. -->","yoast_head_json":{"title":"QU\u00c9... - Psychologische Astrologie f\u00fcr Dich und Deine Lieben","description":"Para crear una carta astral (una carta natal), necesitamos la fecha de nacimiento, el lugar y la hora.","robots":{"index":"index","follow":"follow","max-snippet":"max-snippet:-1","max-image-preview":"max-image-preview:large","max-video-preview":"max-video-preview:-1"},"canonical":"https:\/\/astrologie-fuer-dich.de\/es\/que\/","og_locale":"es_ES","og_type":"article","og_title":"QU\u00c9... - Psychologische Astrologie f\u00fcr Dich und Deine Lieben","og_description":"Para crear una carta astral (una carta natal), necesitamos la fecha de nacimiento, el lugar y la hora.","og_url":"https:\/\/astrologie-fuer-dich.de\/es\/que\/","og_site_name":"Psychologische Astrologie f\u00fcr Dich und Deine Lieben","article_modified_time":"2024-09-06T10:52:59+00:00","twitter_card":"summary_large_image","twitter_misc":{"Tiempo de lectura":"5 minutos"},"schema":{"@context":"https:\/\/schema.org","@graph":[{"@type":"WebPage","@id":"https:\/\/astrologie-fuer-dich.de\/es\/que\/","url":"https:\/\/astrologie-fuer-dich.de\/es\/que\/","name":"QU\u00c9... - Psychologische Astrologie f\u00fcr Dich und Deine Lieben","isPartOf":{"@id":"https:\/\/astrologie-fuer-dich.de\/#website"},"datePublished":"2019-06-18T06:53:15+00:00","dateModified":"2024-09-06T10:52:59+00:00","description":"Para crear una carta astral (una carta natal), necesitamos la fecha de nacimiento, el lugar y la hora.","breadcrumb":{"@id":"https:\/\/astrologie-fuer-dich.de\/es\/que\/#breadcrumb"},"inLanguage":"es","potentialAction":[{"@type":"ReadAction","target":["https:\/\/astrologie-fuer-dich.de\/es\/que\/"]}]},{"@type":"BreadcrumbList","@id":"https:\/\/astrologie-fuer-dich.de\/es\/que\/#breadcrumb","itemListElement":[{"@type":"ListItem","position":1,"name":"Startseite","item":"https:\/\/astrologie-fuer-dich.de\/es\/"},{"@type":"ListItem","position":2,"name":"QU\u00c9&#8230;"}]},{"@type":"WebSite","@id":"https:\/\/astrologie-fuer-dich.de\/#website","url":"https:\/\/astrologie-fuer-dich.de\/","name":"Astrologie pers\u00f6nlich f\u00fcr Dich","description":"Pers\u00f6nlich f\u00fcr Dich und Deine Lieben","publisher":{"@id":"https:\/\/astrologie-fuer-dich.de\/#\/schema\/person\/ee3d285f83f0e1dc9affe7874c3c188a"},"potentialAction":[{"@type":"SearchAction","target":{"@type":"EntryPoint","urlTemplate":"https:\/\/astrologie-fuer-dich.de\/?s={search_term_string}"},"query-input":{"@type":"PropertyValueSpecification","valueRequired":true,"valueName":"search_term_string"}}],"inLanguage":"es"},{"@type":["Person","Organization"],"@id":"https:\/\/astrologie-fuer-dich.de\/#\/schema\/person\/ee3d285f83f0e1dc9affe7874c3c188a","name":"Misha Melnyk","image":{"@type":"ImageObject","inLanguage":"es","@id":"https:\/\/astrologie-fuer-dich.de\/#\/schema\/person\/image\/","url":"https:\/\/astrologie-fuer-dich.de\/wp-content\/uploads\/2023\/03\/cropped-Logo.png","contentUrl":"https:\/\/astrologie-fuer-dich.de\/wp-content\/uploads\/2023\/03\/cropped-Logo.png","width":512,"height":512,"caption":"Misha Melnyk"},"logo":{"@id":"https:\/\/astrologie-fuer-dich.de\/#\/schema\/person\/image\/"},"sameAs":["http:\/\/www.astrologie-fuer-dich.de"]}]}},"_links":{"self":[{"href":"https:\/\/astrologie-fuer-dich.de\/es\/wp-json\/wp\/v2\/pages\/2193","targetHints":{"allow":["GET"]}}],"collection":[{"href":"https:\/\/astrologie-fuer-dich.de\/es\/wp-json\/wp\/v2\/pages"}],"about":[{"href":"https:\/\/astrologie-fuer-dich.de\/es\/wp-json\/wp\/v2\/types\/page"}],"author":[{"embeddable":true,"href":"https:\/\/astrologie-fuer-dich.de\/es\/wp-json\/wp\/v2\/users\/3"}],"replies":[{"embeddable":true,"href":"https:\/\/astrologie-fuer-dich.de\/es\/wp-json\/wp\/v2\/comments?post=2193"}],"version-history":[{"count":5,"href":"https:\/\/astrologie-fuer-dich.de\/es\/wp-json\/wp\/v2\/pages\/2193\/revisions"}],"predecessor-version":[{"id":7475,"href":"https:\/\/astrologie-fuer-dich.de\/es\/wp-json\/wp\/v2\/pages\/2193\/revisions\/7475"}],"wp:attachment":[{"href":"https:\/\/astrologie-fuer-dich.de\/es\/wp-json\/wp\/v2\/media?parent=2193"}],"curies":[{"name":"wp","href":"https:\/\/api.w.org\/{rel}","templated":true}]}}